{"id":879,"date":"2010-03-14T22:07:33","date_gmt":"2010-03-15T01:07:33","guid":{"rendered":"http:\/\/www.knbs.net.br\/?page_id=879"},"modified":"2010-03-14T22:07:33","modified_gmt":"2010-03-15T01:07:33","slug":"knowledge-relationship","status":"publish","type":"page","link":"https:\/\/knbs.net.br\/site\/o-que-fazemos\/knowledge-relationship\/","title":{"rendered":"Knowledge &#038; Relationship"},"content":{"rendered":"<p>Devido \u00e0s\u00a0condi\u00e7\u00f5es peculiares de toda situa\u00e7\u00e3o social regional, da cultura local e do ferramental existente em cada concession\u00e1ria de energia, a modelagem sempre \u00e9 uma pesquisa de solu\u00e7\u00e3o e de amplia\u00e7\u00e3o do conhecimento da equipe de analistas de neg\u00f3cio envolvidos. \u00c9 organizada de forma multidimensional, utilizando ferramentas anal\u00edticas facilitadoras para a explora\u00e7\u00e3o da din\u00e2mica operacional resultante da aplica\u00e7\u00e3o dos novos modelos e da necessidade de capacita\u00e7\u00e3o das equipes envolvidas.<\/p>\n<p>Propicia-se a gera\u00e7\u00e3o de modelagens evolutivas, temporais e geogr\u00e1ficas,\u00a0para acompanhar, medir, caracterizar e projetar a rapidez das mudan\u00e7as\u00a0 no contexto de fraudes, ampliando a assertividade das a\u00e7\u00f5es de inspe\u00e7\u00f5es e de combate \u00e0 inadimpl\u00eancia, com a gera\u00e7\u00e3o facilitada de um banco de regras de neg\u00f3cio para uma opera\u00e7\u00e3o cont\u00ednua.<\/p>\n<p>A KNBS vem\u00a0transformando as\u00a0equipes, cultura e o processo anal\u00edtico das concession\u00e1rias de energia, com a vis\u00e3o da necessidade de gerir o conhecimento regional, ampliar as dimens\u00f5es da atua\u00e7\u00e3o e questionar a efetividade das a\u00e7\u00f5es e os custos envolvidos.<\/p>\n<p>Assim, tem trabalhos realizados e incorporados nas rotinas das concession\u00e1rias de energia CPFL, CERON, COELCE e Amazonas Energia (grupo Eletrobr\u00e1s).<\/p>\n<p><strong><strong>As t\u00e9cnicas utilizadas incluem o modelamento matem\u00e1tico, estat\u00edsticas, de organiza\u00e7\u00e3o de datawarehouses e de evolu\u00e7\u00e3o de pessoas<\/strong>.<\/strong> Resultam em uma nova\u00a0din\u00e2mica de combate a fraudes, controle da inadimpl\u00eancia, reconhecimento de a\u00e7\u00f5es amostrais, de proje\u00e7\u00f5es de demanda, de avalia\u00e7\u00e3o de trocas de medidores, de caracteriza\u00e7\u00e3o da qualidade e consist\u00eancia de dados das bases cadastrais, de amplia\u00e7\u00e3o t\u00e9cnica das equipes de analistas, de a\u00e7\u00f5es de relacionamento e de cunho social.<\/p>\n<p style=\"text-align: center;\"><img loading=\"lazy\" decoding=\"async\" class=\"aligncenter wp-image-2907 \" style=\"border: 0px;\" title=\"minera\u00e7\u00e3o\" src=\"http:\/\/www.knbs.net.br\/site\/wp-content\/uploads\/2010\/03\/minera\u00e7\u00e3o.jpg\" width=\"608\" height=\"403\" \/><\/p>\n<p>&nbsp;<\/p>\n<p><a onclick=\"javascript:pageTracker._trackPageview('\/outgoing\/www.knbs.net.br\/fale-conosco\/');\"  href=\"http:\/\/www.knbs.net.br\/fale-conosco\/\">Saiba mais sobre essa e outras solu\u00e7\u00f5es KNBS que visam a melhoria de resultados de sua empresa.<\/a><\/p>\n","protected":false},"excerpt":{"rendered":"<p>Devido \u00e0s\u00a0condi\u00e7\u00f5es peculiares de toda situa\u00e7\u00e3o social regional, da cultura local e do ferramental existente em cada concession\u00e1ria de energia, a modelagem sempre \u00e9 uma pesquisa de solu\u00e7\u00e3o e de amplia\u00e7\u00e3o do conhecimento da equipe de analistas de neg\u00f3cio envolvidos. \u00c9 organizada de forma multidimensional, utilizando ferramentas anal\u00edticas facilitadoras para a explora\u00e7\u00e3o da din\u00e2mica operacional [&hellip;]<\/p>\n","protected":false},"author":2,"featured_media":0,"parent":195,"menu_order":5,"comment_status":"closed","ping_status":"closed","template":"produto-template.php","meta":{"footnotes":""},"class_list":["post-879","page","type-page","status-publish","hentry"],"_links":{"self":[{"href":"https:\/\/knbs.net.br\/site\/wp-json\/wp\/v2\/pages\/879","targetHints":{"allow":["GET"]}}],"collection":[{"href":"https:\/\/knbs.net.br\/site\/wp-json\/wp\/v2\/pages"}],"about":[{"href":"https:\/\/knbs.net.br\/site\/wp-json\/wp\/v2\/types\/page"}],"author":[{"embeddable":true,"href":"https:\/\/knbs.net.br\/site\/wp-json\/wp\/v2\/users\/2"}],"replies":[{"embeddable":true,"href":"https:\/\/knbs.net.br\/site\/wp-json\/wp\/v2\/comments?post=879"}],"version-history":[{"count":0,"href":"https:\/\/knbs.net.br\/site\/wp-json\/wp\/v2\/pages\/879\/revisions"}],"up":[{"embeddable":true,"href":"https:\/\/knbs.net.br\/site\/wp-json\/wp\/v2\/pages\/195"}],"wp:attachment":[{"href":"https:\/\/knbs.net.br\/site\/wp-json\/wp\/v2\/media?parent=879"}],"curies":[{"name":"wp","href":"https:\/\/api.w.org\/{rel}","templated":true}]}}