{"id":530,"date":"2009-10-30T13:36:39","date_gmt":"2009-10-30T16:36:39","guid":{"rendered":"http:\/\/www.knbs.net.br\/?page_id=530"},"modified":"2022-01-21T14:13:06","modified_gmt":"2022-01-21T14:13:06","slug":"junte-se-a-nos","status":"publish","type":"page","link":"https:\/\/knbs.net.br\/site\/a-knbs\/junte-se-a-nos\/","title":{"rendered":"Junte-se a n\u00f3s"},"content":{"rendered":"<p><img loading=\"lazy\" decoding=\"async\" class=\"aligncenter wp-image-2732\" src=\"http:\/\/www.knbs.net.br\/site\/wp-content\/uploads\/2009\/10\/junte-se-a-n\u00f3s.jpg\" alt=\"junte-se a n\u00f3s\" width=\"581\" height=\"391\" \/><\/p>\n<p>Trabalhar na <strong>KNBS<\/strong> \u00e9 fazer parte de uma equipe \u00e1gil, criativa e que constantemente enfrenta os desafios de resolver quest\u00f5es de neg\u00f3cios sob uma \u00f3tica que abrange ao mesmo tempo conhecimento em tecnologias de ponta e as melhores pr\u00e1ticas em gest\u00e3o de processos.<\/p>\n<p>Tamb\u00e9m se aliam a esses conhecimentos vis\u00f5es imprescind\u00edveis de sustentabilidade e de responsabilidade social, que usualmente s\u00e3o alvo das solu\u00e7\u00f5es que criamos e comercializamos.<\/p>\n<p>Trabalhamos em um ambiente saud\u00e1vel e amig\u00e1vel, onde \u00e9 poss\u00edvel aprender e ensinar, simultaneamente.<\/p>\n<p>Por isso afirmamos, com orgulho, que trabalhar na<strong> KNBS<\/strong> \u00e9 uma forma de descobrir espa\u00e7os adequados para o desenvolvimento pessoal e profissional, de reconhecimento do relacionamento com o cliente, de pesquisa tecnol\u00f3gica e social e sem jamais deixar de lado a qualidade de vida.<\/p>\n<h3><span style=\"color: #ff6600;\"><strong><em>VAGAS DE EST\u00c1GIO NA KNBS EM 2022 (1\u00ba semestre)<\/em><\/strong><\/span><\/h3>\n<p>Estamos selecionando estagi\u00e1rios para:<\/p>\n<ul>\n<li><strong>Est\u00e1gio em Desenvolvimento de Sistemas em Data Science:<\/strong> buscamos estudantes de Ci\u00eancia ou Engenharia da Computa\u00e7\u00e3o, Inform\u00e1tica, Matem\u00e1tica Aplicada, Estat\u00edstica, com conhecimentos em desenvolvimento de sistemas em Java, Python, SQL e data science. Ser\u00e1 muito bem vinda a experi\u00eancia com Hadoop.\u00a0 Atuar\u00e1 em sistemas Web e mobile. Busca-se dinamismo no desenvolvimento\u00a0de solu\u00e7\u00f5es e no posicionamento pessoal.<\/li>\n<\/ul>\n<ul>\n<li><strong>Est\u00e1gio em Modelagem Estat\u00edstica e Determin\u00edstica:<\/strong> buscamos estudantes de Matem\u00e1tica ou Estat\u00edstica, graduandos ou p\u00f3s-graduandos, com conhecimentos em desenvolvimento de modelos estat\u00edsticos e determin\u00edsticos, uso de ferramentas\u00a0analytics, forte conhecimento em bases de dados\u00a0 para participar de desenvolvimento e pesquisas de sistemas de data science.\u00a0Busca-se dinamismo no desenvolvimento\u00a0de solu\u00e7\u00f5es e no posicionamento pessoal.<\/li>\n<\/ul>\n<p>Se voc\u00ea se interessa por trabalhar em um ambiente assim, venha fazer parte do nosso time! Constantemente procuramos por novos talentos, com vontade de vencer desafios e aprender sempre.<\/p>\n<p>Se voc\u00ea gosta de atuar em um ambiente din\u00e2mico e inovador, envie suas informa\u00e7\u00f5es atrav\u00e9s do formul\u00e1rio abaixo. Elas passar\u00e3o a fazer parte de nossa base de dados e de talentos e, caso seu perfil seja adequado para alguma posi\u00e7\u00e3o em aberto, entraremos em contato.<\/p>\n<p>N\u00e3o se esque\u00e7a de informar, no m\u00ednimo: forma\u00e7\u00e3o, idiomas e experi\u00eancia profissional pr\u00e9via, indicando resultados de sua atua\u00e7\u00e3o.\u00a0 Tamb\u00e9m \u00e9 importante descrever o motivo que o leva a querer fazer parte desta equipe e da empresa KNBS.<\/p>\n<p>Acrescente toda\u00a0informa\u00e7\u00e3o que julgar importante para diferenciar seu perfil. \n<div class=\"wpcf7 no-js\" id=\"wpcf7-f3349-o1\" lang=\"pt-BR\" dir=\"ltr\" data-wpcf7-id=\"3349\">\n<div class=\"screen-reader-response\"><p role=\"status\" aria-live=\"polite\" aria-atomic=\"true\"><\/p> <ul><\/ul><\/div>\n<form action=\"\/site\/wp-json\/wp\/v2\/pages\/530#wpcf7-f3349-o1\" method=\"post\" class=\"wpcf7-form init\" aria-label=\"Formul\u00e1rios de contato\" enctype=\"multipart\/form-data\" novalidate=\"novalidate\" data-status=\"init\">\n<div style=\"display: none;\">\n<input type=\"hidden\" name=\"_wpcf7\" value=\"3349\" \/>\n<input type=\"hidden\" name=\"_wpcf7_version\" value=\"6.0.6\" \/>\n<input type=\"hidden\" name=\"_wpcf7_locale\" value=\"pt_BR\" \/>\n<input type=\"hidden\" name=\"_wpcf7_unit_tag\" value=\"wpcf7-f3349-o1\" \/>\n<input type=\"hidden\" name=\"_wpcf7_container_post\" value=\"0\" \/>\n<input type=\"hidden\" name=\"_wpcf7_posted_data_hash\" value=\"\" \/>\n<\/div>\n<p><label> Seu nome (obrigat\u00f3rio)<br \/>\n<span class=\"wpcf7-form-control-wrap\" data-name=\"nome\"><input size=\"40\" maxlength=\"400\" class=\"wpcf7-form-control wpcf7-text wpcf7-validates-as-required\" aria-required=\"true\" aria-invalid=\"false\" value=\"\" type=\"text\" name=\"nome\" \/><\/span><br \/>\n<\/label>\n<\/p>\n<p><label> Seu e-mail (obrigat\u00f3rio)<br \/>\n<span class=\"wpcf7-form-control-wrap\" data-name=\"email\"><input size=\"40\" maxlength=\"400\" class=\"wpcf7-form-control wpcf7-email wpcf7-validates-as-required wpcf7-text wpcf7-validates-as-email\" aria-required=\"true\" aria-invalid=\"false\" value=\"\" type=\"email\" name=\"email\" \/><\/span><br \/>\n<\/label>\n<\/p>\n<p><label> Seu telefone (obrigat\u00f3rio)<br \/>\n<span class=\"wpcf7-form-control-wrap\" data-name=\"phone\"><input size=\"40\" maxlength=\"400\" class=\"wpcf7-form-control wpcf7-tel wpcf7-validates-as-required wpcf7-text wpcf7-validates-as-tel\" aria-required=\"true\" aria-invalid=\"false\" value=\"\" type=\"tel\" name=\"phone\" \/><\/span><br \/>\n<\/label>\n<\/p>\n<p><label> Seu Curr\u00edculo (obrigat\u00f3rio)<br \/>\n<span class=\"wpcf7-form-control-wrap\" data-name=\"cv\"><input size=\"40\" class=\"wpcf7-form-control wpcf7-file wpcf7-validates-as-required\" accept=\".pdf,.doc,.docx,.txt\" aria-required=\"true\" aria-invalid=\"false\" type=\"file\" name=\"cv\" \/><\/span><br \/>\n<\/label>\n<\/p>\n<p><label> Sobre voc\u00ea<br \/>\n<span class=\"wpcf7-form-control-wrap\" data-name=\"mensagem\"><textarea cols=\"40\" rows=\"10\" maxlength=\"2000\" class=\"wpcf7-form-control wpcf7-textarea wpcf7-validates-as-required\" aria-required=\"true\" aria-invalid=\"false\" name=\"mensagem\"><\/textarea><\/span><br \/>\n<\/label>\n<\/p>\n<p><span class=\"wpcf7-form-control-wrap\" data-name=\"hcap-cf7\">\t\t<input\n\t\t\t\ttype=\"hidden\"\n\t\t\t\tclass=\"hcaptcha-widget-id\"\n\t\t\t\tname=\"hcaptcha-widget-id\"\n\t\t\t\tvalue=\"eyJzb3VyY2UiOlsiY29udGFjdC1mb3JtLTdcL3dwLWNvbnRhY3QtZm9ybS03LnBocCJdLCJmb3JtX2lkIjozMzQ5fQ==-31b50e68f62021606d212a2af53cdc9f\">\n\t\t\t\t<span id=\"hcap_cf7-69d04128e13797.29983670\" class=\"wpcf7-form-control h-captcha \"\n\t\t\tdata-sitekey=\"9264fa3f-04f7-4611-bc93-d14d3ceb7cfe\"\n\t\t\tdata-theme=\"light\"\n\t\t\tdata-size=\"normal\"\n\t\t\tdata-auto=\"false\"\n\t\t\tdata-force=\"false\">\n\t\t<\/span>\n\t\t<input type=\"hidden\" id=\"_wpnonce\" name=\"_wpnonce\" value=\"c808cb5ddd\" \/><input type=\"hidden\" name=\"_wp_http_referer\" value=\"\/site\/wp-json\/wp\/v2\/pages\/530\" \/><\/span><input class=\"wpcf7-form-control wpcf7-submit has-spinner\" type=\"submit\" value=\"Enviar\" \/>\n<\/p><div class=\"wpcf7-response-output\" aria-hidden=\"true\"><\/div>\n<\/form>\n<\/div>\n<\/p>\n","protected":false},"excerpt":{"rendered":"<p>Trabalhar na KNBS \u00e9 fazer parte de uma equipe \u00e1gil, criativa e que constantemente enfrenta os desafios de resolver quest\u00f5es de neg\u00f3cios sob uma \u00f3tica que abrange ao mesmo tempo conhecimento em tecnologias de ponta e as melhores pr\u00e1ticas em gest\u00e3o de processos. Tamb\u00e9m se aliam a esses conhecimentos vis\u00f5es imprescind\u00edveis de sustentabilidade e de [&hellip;]<\/p>\n","protected":false},"author":1,"featured_media":0,"parent":201,"menu_order":6,"comment_status":"closed","ping_status":"closed","template":"","meta":{"footnotes":""},"class_list":["post-530","page","type-page","status-publish","hentry"],"_links":{"self":[{"href":"https:\/\/knbs.net.br\/site\/wp-json\/wp\/v2\/pages\/530","targetHints":{"allow":["GET"]}}],"collection":[{"href":"https:\/\/knbs.net.br\/site\/wp-json\/wp\/v2\/pages"}],"about":[{"href":"https:\/\/knbs.net.br\/site\/wp-json\/wp\/v2\/types\/page"}],"author":[{"embeddable":true,"href":"https:\/\/knbs.net.br\/site\/wp-json\/wp\/v2\/users\/1"}],"replies":[{"embeddable":true,"href":"https:\/\/knbs.net.br\/site\/wp-json\/wp\/v2\/comments?post=530"}],"version-history":[{"count":3,"href":"https:\/\/knbs.net.br\/site\/wp-json\/wp\/v2\/pages\/530\/revisions"}],"predecessor-version":[{"id":3356,"href":"https:\/\/knbs.net.br\/site\/wp-json\/wp\/v2\/pages\/530\/revisions\/3356"}],"up":[{"embeddable":true,"href":"https:\/\/knbs.net.br\/site\/wp-json\/wp\/v2\/pages\/201"}],"wp:attachment":[{"href":"https:\/\/knbs.net.br\/site\/wp-json\/wp\/v2\/media?parent=530"}],"curies":[{"name":"wp","href":"https:\/\/api.w.org\/{rel}","templated":true}]}}