{"id":482,"date":"2009-10-30T11:25:30","date_gmt":"2009-10-30T14:25:30","guid":{"rendered":"http:\/\/www.knbs.net.br\/?page_id=482"},"modified":"2009-10-30T11:25:30","modified_gmt":"2009-10-30T14:25:30","slug":"parcerias","status":"publish","type":"page","link":"https:\/\/knbs.net.br\/site\/a-knbs\/parcerias\/","title":{"rendered":"Parcerias"},"content":{"rendered":"<p style=\"text-align: center;\"><img loading=\"lazy\" decoding=\"async\" class=\"aligncenter wp-image-2735\" src=\"http:\/\/www.knbs.net.br\/site\/wp-content\/uploads\/2009\/10\/parcerias.jpg\" alt=\"parcerias\" width=\"584\" height=\"393\" \/><\/p>\n<p>A din\u00e2mica do mercado e as demandas de clientes que apresentam progressivos n\u00edveis de complexidade exigem que a oferta de solu\u00e7\u00f5es de neg\u00f3cios seja constru\u00edda atrav\u00e9s de uma somat\u00f3ria das melhores experi\u00eancias, conhecimentos e capacidades produtivas abrangendo uma vasta cadeia de valor.<\/p>\n<p>Com foco em projetar, desenvolver e entregar as melhores ofertas e solu\u00e7\u00f5es para os problemas de neg\u00f3cios enfrentados por seus clientes, a KNBS estimula e estabelece parcerias com respeitadas empresas atuantes nos segmentos de tecnologia da informa\u00e7\u00e3o, telecomunica\u00e7\u00f5es e energia el\u00e9trica. Conhe\u00e7a algumas das empresas com quem temos parcerias de sucesso.<\/p>\n<p>Para mais informa\u00e7\u00f5es entre em <a onclick=\"javascript:pageTracker._trackPageview('\/outgoing\/www.knbs.net.br\/fale-conosco');\"  href=\"http:\/\/www.knbs.net.br\/fale-conosco\">contato conosco<\/a>.<\/p>\n<table style=\"width: 614px; height: 1850px;\" border=\"0\">\n<tbody>\n<tr>\n<td>\n<p style=\"text-align: center;\"><a onclick=\"javascript:pageTracker._trackPageview('\/outgoing\/www.knbs.net.br\/site\/wp-content\/uploads\/2009\/10\/CPFL-Energia-logo.png');\"  href=\"http:\/\/www.knbs.net.br\/site\/wp-content\/uploads\/2009\/10\/CPFL-Energia-logo.png\"><img loading=\"lazy\" decoding=\"async\" class=\"alignnone wp-image-2581\" src=\"http:\/\/www.knbs.net.br\/site\/wp-content\/uploads\/2009\/10\/CPFL-Energia-logo.png\" alt=\"CPFL-Energia-logo\" width=\"98\" height=\"76\" \/><\/a><\/p>\n<\/td>\n<td>\n<address style=\"text-align: center;\"><img loading=\"lazy\" decoding=\"async\" class=\"size-full wp-image-493 aligncenter\" title=\"coelce\" src=\"http:\/\/www.knbs.net.br\/site\/wp-content\/uploads\/2009\/10\/coelce.jpg\" alt=\"coelce\" width=\"123\" height=\"44\" \/><\/address>\n<\/td>\n<td>\n<address style=\"text-align: center;\"><a onclick=\"javascript:pageTracker._trackPageview('\/outgoing\/www.knbs.net.br\/site\/wp-content\/uploads\/2009\/10\/cemar.jpg');\"  href=\"http:\/\/www.knbs.net.br\/site\/wp-content\/uploads\/2009\/10\/cemar.jpg\"><img loading=\"lazy\" decoding=\"async\" class=\"alignnone wp-image-2582\" src=\"http:\/\/www.knbs.net.br\/site\/wp-content\/uploads\/2009\/10\/cemar.jpg\" alt=\"cemar\" width=\"140\" height=\"75\" \/><\/a><\/address>\n<\/td>\n<td>\n<address style=\"text-align: center;\"><a onclick=\"javascript:pageTracker._trackPageview('\/outgoing\/www.knbs.net.br\/site\/wp-content\/uploads\/2009\/10\/CERON.jpg');\"  href=\"http:\/\/www.knbs.net.br\/site\/wp-content\/uploads\/2009\/10\/CERON.jpg\"><img loading=\"lazy\" decoding=\"async\" class=\"alignnone wp-image-2592 \" src=\"http:\/\/www.knbs.net.br\/site\/wp-content\/uploads\/2009\/10\/CERON.jpg\" alt=\"CERON\" width=\"116\" height=\"87\" \/><\/a><\/address>\n<\/td>\n<\/tr>\n<tr>\n<td style=\"text-align: center;\">\n<h5><span style=\"font-size: x-small;\"><a onclick=\"javascript:pageTracker._trackPageview('\/outgoing\/www.cpfl.com.br');\"  href=\"http:\/\/www.cpfl.com.br\" target=\"_blank\" rel=\"noopener\">www.cpfl.com.br<\/a><\/span><\/h5>\n<\/td>\n<td style=\"text-align: center;\">\n<h6><span style=\"font-size: x-small;\"><a onclick=\"javascript:pageTracker._trackPageview('\/outgoing\/www.coelce.com.br');\"  href=\"http:\/\/www.coelce.com.br\" target=\"_blank\" rel=\"noopener\">www.coelce.com.br<\/a><\/span><\/h6>\n<\/td>\n<td style=\"text-align: center;\"><span style=\"font-size: x-small;\"><a onclick=\"javascript:pageTracker._trackPageview('\/outgoing\/www.cemar-ma.com.br');\"  href=\"http:\/\/www.cemar-ma.com.br\" target=\"_blank\" rel=\"noopener\">www.cemar-ma.com.br<\/a><\/span><\/td>\n<td style=\"text-align: center;\">\n<h6><span style=\"font-size: x-small;\"><a onclick=\"javascript:pageTracker._trackPageview('\/outgoing\/www.ceron.com.br');\"  href=\"http:\/\/www.ceron.com.br\" target=\"_blank\" rel=\"noopener\">www.ceron.com.br<\/a><\/span><\/h6>\n<\/td>\n<\/tr>\n<tr>\n<td><\/td>\n<td><\/td>\n<td><\/td>\n<td><\/td>\n<\/tr>\n<tr>\n<td>\n<p style=\"text-align: center;\"><a onclick=\"javascript:pageTracker._trackPageview('\/outgoing\/www.knbs.net.br\/site\/wp-content\/uploads\/2009\/10\/COSERN.jpg');\"  href=\"http:\/\/www.knbs.net.br\/site\/wp-content\/uploads\/2009\/10\/COSERN.jpg\"><img loading=\"lazy\" decoding=\"async\" class=\"alignright wp-image-2583\" src=\"http:\/\/www.knbs.net.br\/site\/wp-content\/uploads\/2009\/10\/COSERN.jpg\" alt=\"COSERN\" width=\"132\" height=\"56\" \/><\/a><\/p>\n<\/td>\n<td>\n<p style=\"text-align: center;\"><a onclick=\"javascript:pageTracker._trackPageview('\/outgoing\/www.knbs.net.br\/site\/wp-content\/uploads\/2009\/10\/logo-eletrobrasenergia-am.jpg');\"  href=\"http:\/\/www.knbs.net.br\/site\/wp-content\/uploads\/2009\/10\/logo-eletrobrasenergia-am.jpg\"><img loading=\"lazy\" decoding=\"async\" class=\"alignnone wp-image-2584 \" src=\"http:\/\/www.knbs.net.br\/site\/wp-content\/uploads\/2009\/10\/logo-eletrobrasenergia-am.jpg\" alt=\"logo-eletrobrasenergia-am\" width=\"148\" height=\"95\" \/><\/a><\/p>\n<\/td>\n<td>\u00a0<a onclick=\"javascript:pageTracker._trackPageview('\/outgoing\/www.knbs.net.br\/site\/wp-content\/uploads\/2009\/10\/Logo-Light.jpg');\"  href=\"http:\/\/www.knbs.net.br\/site\/wp-content\/uploads\/2009\/10\/Logo-Light.jpg\"><img loading=\"lazy\" decoding=\"async\" class=\"alignnone wp-image-2561\" src=\"http:\/\/www.knbs.net.br\/site\/wp-content\/uploads\/2009\/10\/Logo-Light.jpg\" alt=\"Logo-Light\" width=\"110\" height=\"43\" \/><\/a><\/td>\n<td>\u00a0<a onclick=\"javascript:pageTracker._trackPageview('\/outgoing\/www.knbs.net.br\/site\/wp-content\/uploads\/2009\/10\/logotipo_elektro.jpg');\"  href=\"http:\/\/www.knbs.net.br\/site\/wp-content\/uploads\/2009\/10\/logotipo_elektro.jpg\"><img loading=\"lazy\" decoding=\"async\" class=\"aligncenter wp-image-2562\" src=\"http:\/\/www.knbs.net.br\/site\/wp-content\/uploads\/2009\/10\/logotipo_elektro.jpg\" alt=\"logotipo_elektro\" width=\"125\" height=\"83\" \/><\/a><\/td>\n<\/tr>\n<tr>\n<td style=\"text-align: center;\">\n<h6><span style=\"font-size: x-small;\"><a onclick=\"javascript:pageTracker._trackPageview('\/outgoing\/www.cosern.com.br');\"  href=\"http:\/\/www.cosern.com.br\" target=\"_blank\" rel=\"noopener\">www.cosern.com.br<\/a><\/span><\/h6>\n<\/td>\n<td style=\"text-align: center;\">\n<h6><span style=\"font-size: x-small;\"><a onclick=\"javascript:pageTracker._trackPageview('\/outgoing\/www.amazonasenergia.gov.br\/');\"  href=\"http:\/\/www.amazonasenergia.gov.br\/\" target=\"_blank\" rel=\"noopener\">www.amazonasenergia.gov.br<\/a><\/span><\/h6>\n<\/td>\n<td style=\"text-align: center;\">\n<h6><a onclick=\"javascript:pageTracker._trackPageview('\/outgoing\/www.light.com.br');\"  href=\"http:\/\/www.light.com.br\" target=\"_blank\" rel=\"noopener\">www.light.com.br<\/a><\/h6>\n<\/td>\n<td style=\"text-align: center;\">\n<h6><a onclick=\"javascript:pageTracker._trackPageview('\/outgoing\/www.elektro.combr');\"  href=\"http:\/\/www.elektro.combr\" target=\"_blank\" rel=\"noopener\">www.elektro.com.br<\/a><\/h6>\n<\/td>\n<\/tr>\n<tr>\n<td><\/td>\n<td><\/td>\n<td><\/td>\n<td><\/td>\n<\/tr>\n<tr>\n<td>\n<p style=\"text-align: center;\"><img loading=\"lazy\" decoding=\"async\" class=\"aligncenter wp-image-2566\" src=\"http:\/\/www.knbs.net.br\/site\/wp-content\/uploads\/2009\/10\/cemiglogo.jpg\" alt=\"cemiglogo\" width=\"109\" height=\"54\" \/><\/p>\n<\/td>\n<td>\n<p style=\"text-align: center;\"><img loading=\"lazy\" decoding=\"async\" class=\"alignnone wp-image-2572\" src=\"http:\/\/www.knbs.net.br\/site\/wp-content\/uploads\/2009\/10\/logo_novoFINEP.jpg\" alt=\"logo_novoFINEP\" width=\"145\" height=\"76\" \/><\/p>\n<\/td>\n<td>\n<p style=\"text-align: center;\"><img loading=\"lazy\" decoding=\"async\" class=\"size-full wp-image-500 aligncenter\" title=\"fapesp\" src=\"http:\/\/www.knbs.net.br\/site\/wp-content\/uploads\/2009\/10\/fapesp.jpg\" alt=\"fapesp\" width=\"129\" height=\"27\" \/><\/p>\n<\/td>\n<td>\n<p style=\"text-align: center;\"><img loading=\"lazy\" decoding=\"async\" class=\"aligncenter wp-image-2560\" src=\"http:\/\/www.knbs.net.br\/site\/wp-content\/uploads\/2009\/10\/Logo_Unicamp__0.jpg\" alt=\"Logo_Unicamp__0\" width=\"141\" height=\"77\" \/><\/p>\n<\/td>\n<\/tr>\n<tr>\n<td style=\"text-align: center;\">\n<h6><a onclick=\"javascript:pageTracker._trackPageview('\/outgoing\/www.cemig.com.br');\"  href=\"http:\/\/www.cemig.com.br\" target=\"_blank\" rel=\"noopener\">www.cemig.com.br<\/a><\/h6>\n<\/td>\n<td style=\"text-align: center;\">\n<h6><a onclick=\"javascript:pageTracker._trackPageview('\/outgoing\/www.finep.gov.br\/');\"  href=\"http:\/\/www.finep.gov.br\/\" target=\"_blank\" rel=\"noopener\">www.finep.gov.br\/<\/a><\/h6>\n<\/td>\n<td style=\"text-align: center;\">\n<h6><a onclick=\"javascript:pageTracker._trackPageview('\/outgoing\/www.fapesp.br');\"  href=\"http:\/\/www.fapesp.br\" target=\"_blank\" rel=\"noopener\">www.fapesp.br<\/a><\/h6>\n<\/td>\n<td style=\"text-align: center;\">\n<h6><a onclick=\"javascript:pageTracker._trackPageview('\/outgoing\/www.unicamp.br');\"  href=\"http:\/\/www.unicamp.br\" target=\"_blank\" rel=\"noopener\">www.unicamp.br<\/a><\/h6>\n<\/td>\n<\/tr>\n<tr>\n<td><\/td>\n<td><\/td>\n<td><\/td>\n<td><\/td>\n<\/tr>\n<tr>\n<td>\n<p style=\"text-align: center;\"><img loading=\"lazy\" decoding=\"async\" class=\"size-full wp-image-508 aligncenter\" title=\"pucminas\" src=\"http:\/\/www.knbs.net.br\/site\/wp-content\/uploads\/2009\/10\/pucminas.gif\" alt=\"pucminas\" width=\"98\" height=\"92\" \/><\/p>\n<\/td>\n<td>\n<p style=\"text-align: center;\"><a onclick=\"javascript:pageTracker._trackPageview('\/outgoing\/www.knbs.net.br\/site\/wp-content\/uploads\/2009\/10\/puccamp_logo.png');\"  href=\"http:\/\/www.knbs.net.br\/site\/wp-content\/uploads\/2009\/10\/puccamp_logo.png\"><img loading=\"lazy\" decoding=\"async\" class=\"alignright wp-image-2585\" src=\"http:\/\/www.knbs.net.br\/site\/wp-content\/uploads\/2009\/10\/puccamp_logo.png\" alt=\"puccamp_logo\" width=\"151\" height=\"74\" \/><\/a><\/p>\n<\/td>\n<td>\n<p style=\"text-align: center;\"><a onclick=\"javascript:pageTracker._trackPageview('\/outgoing\/www.knbs.net.br\/site\/wp-content\/uploads\/2009\/10\/529_logomarca_unir.png');\"  href=\"http:\/\/www.knbs.net.br\/site\/wp-content\/uploads\/2009\/10\/529_logomarca_unir.png\"><img loading=\"lazy\" decoding=\"async\" class=\"alignnone wp-image-2586\" src=\"http:\/\/www.knbs.net.br\/site\/wp-content\/uploads\/2009\/10\/529_logomarca_unir.png\" alt=\"529_logomarca_unir\" width=\"82\" height=\"77\" \/><\/a><\/p>\n<\/td>\n<td>\n<p style=\"text-align: center;\"><a onclick=\"javascript:pageTracker._trackPageview('\/outgoing\/www.knbs.net.br\/site\/wp-content\/uploads\/2009\/10\/logo_unifor_300_85.gif');\"  href=\"http:\/\/www.knbs.net.br\/site\/wp-content\/uploads\/2009\/10\/logo_unifor_300_85.gif\"><img loading=\"lazy\" decoding=\"async\" class=\"alignnone wp-image-2587\" src=\"http:\/\/www.knbs.net.br\/site\/wp-content\/uploads\/2009\/10\/logo_unifor_300_85.gif\" alt=\"logo_unifor_300_85\" width=\"156\" height=\"44\" \/><\/a><\/p>\n<\/td>\n<\/tr>\n<tr>\n<td style=\"text-align: center;\">\n<h6><a onclick=\"javascript:pageTracker._trackPageview('\/outgoing\/www.pucpcaldas.br');\"  href=\"http:\/\/www.pucpcaldas.br\" target=\"_blank\" rel=\"noopener\">www.pucpcaldas.br<\/a><\/h6>\n<\/td>\n<td style=\"text-align: center;\">\n<h6><span style=\"font-size: x-small;\"><a onclick=\"javascript:pageTracker._trackPageview('\/outgoing\/www.puc-campinas.edu.br');\"  href=\"http:\/\/www.puc-campinas.edu.br\" target=\"_blank\" rel=\"noopener\">www.puc-campinas.edu.br<\/a><\/span><\/h6>\n<\/td>\n<td style=\"text-align: center;\">\n<h6><a onclick=\"javascript:pageTracker._trackPageview('\/outgoing\/www.unir.br');\"  href=\"http:\/\/www.unir.br\" target=\"_blank\" rel=\"noopener\">www.unir.br<\/a><\/h6>\n<\/td>\n<td style=\"text-align: center;\">\n<h6><span style=\"font-size: x-small;\"><a onclick=\"javascript:pageTracker._trackPageview('\/outgoing\/www.unifor.br');\"  href=\"http:\/\/www.unifor.br\" target=\"_blank\" rel=\"noopener\">www.unifor.br<\/a><\/span><\/h6>\n<\/td>\n<\/tr>\n<tr>\n<td><\/td>\n<td><\/td>\n<td><\/td>\n<td><\/td>\n<\/tr>\n<tr>\n<td>\n<p style=\"text-align: center;\"><a onclick=\"javascript:pageTracker._trackPageview('\/outgoing\/www.knbs.net.br\/site\/wp-content\/uploads\/2009\/10\/marca_aptel.jpg');\"  href=\"http:\/\/www.knbs.net.br\/site\/wp-content\/uploads\/2009\/10\/marca_aptel.jpg\"><img loading=\"lazy\" decoding=\"async\" class=\"alignnone wp-image-2577\" src=\"http:\/\/www.knbs.net.br\/site\/wp-content\/uploads\/2009\/10\/marca_aptel.jpg\" alt=\"marca_aptel\" width=\"95\" height=\"95\" \/><\/a><\/p>\n<\/td>\n<td>\u00a0<a onclick=\"javascript:pageTracker._trackPageview('\/outgoing\/www.knbs.net.br\/site\/wp-content\/uploads\/2009\/10\/logoFPF3.png');\"  href=\"http:\/\/www.knbs.net.br\/site\/wp-content\/uploads\/2009\/10\/logoFPF3.png\"><img loading=\"lazy\" decoding=\"async\" class=\"alignnone wp-image-2576\" src=\"http:\/\/www.knbs.net.br\/site\/wp-content\/uploads\/2009\/10\/logoFPF3.png\" alt=\"logoFPF3\" width=\"148\" height=\"74\" \/><\/a><\/td>\n<td><a onclick=\"javascript:pageTracker._trackPageview('\/outgoing\/www.knbs.net.br\/site\/wp-content\/uploads\/2009\/10\/telecoms.png');\"  href=\"http:\/\/www.knbs.net.br\/site\/wp-content\/uploads\/2009\/10\/telecoms.png\"><img loading=\"lazy\" decoding=\"async\" class=\"alignnone wp-image-2579\" src=\"http:\/\/www.knbs.net.br\/site\/wp-content\/uploads\/2009\/10\/telecoms.png\" alt=\"telecoms\" width=\"128\" height=\"48\" \/><\/a><\/td>\n<td>\n<p style=\"text-align: center;\"><a onclick=\"javascript:pageTracker._trackPageview('\/outgoing\/www.knbs.net.br\/site\/wp-content\/uploads\/2009\/10\/logoFitec-2.png');\"  href=\"http:\/\/www.knbs.net.br\/site\/wp-content\/uploads\/2009\/10\/logoFitec-2.png\"><img loading=\"lazy\" decoding=\"async\" class=\"alignnone wp-image-2588\" src=\"http:\/\/www.knbs.net.br\/site\/wp-content\/uploads\/2009\/10\/logoFitec-2.png\" alt=\"logoFitec-2\" width=\"139\" height=\"57\" \/><\/a><\/p>\n<\/td>\n<\/tr>\n<tr>\n<td style=\"text-align: center;\">\n<h6><a onclick=\"javascript:pageTracker._trackPageview('\/outgoing\/www.aptel.com.br');\"  href=\"http:\/\/www.aptel.com.br\" target=\"_blank\" rel=\"noopener\">www.aptel.com.br<\/a><\/h6>\n<\/td>\n<td style=\"text-align: center;\">\n<h6><a onclick=\"javascript:pageTracker._trackPageview('\/outgoing\/www.fpf.br');\"  href=\"http:\/\/www.fpf.br\" target=\"_blank\" rel=\"noopener\">www.fpf.br<\/a><\/h6>\n<\/td>\n<td style=\"text-align: center;\">\n<h6><a onclick=\"javascript:pageTracker._trackPageview('\/outgoing\/www.daitangroup.com');\"  href=\"http:\/\/www.daitangroup.com\" target=\"_blank\" rel=\"noopener\">www.daitangroup.com<\/a><\/h6>\n<\/td>\n<td style=\"text-align: center;\">\n<h6><a onclick=\"javascript:pageTracker._trackPageview('\/outgoing\/www.fitec.org.br');\"  href=\"http:\/\/www.fitec.org.br\" target=\"_blank\" rel=\"noopener\">www.fitec.org.br<\/a><\/h6>\n<\/td>\n<\/tr>\n<tr>\n<td><\/td>\n<td><\/td>\n<td><\/td>\n<td><\/td>\n<\/tr>\n<tr>\n<td>\n<p style=\"text-align: center;\"><img loading=\"lazy\" decoding=\"async\" class=\"size-full wp-image-487 aligncenter\" title=\"amcham\" src=\"http:\/\/www.knbs.net.br\/site\/wp-content\/uploads\/2009\/10\/amcham.gif\" alt=\"amcham\" width=\"118\" height=\"45\" \/><\/p>\n<\/td>\n<td>\n<p style=\"text-align: center;\"><a onclick=\"javascript:pageTracker._trackPageview('\/outgoing\/www.knbs.net.br\/site\/wp-content\/uploads\/2009\/10\/Logo_softex.png');\"  href=\"http:\/\/www.knbs.net.br\/site\/wp-content\/uploads\/2009\/10\/Logo_softex.png\"><img loading=\"lazy\" decoding=\"async\" class=\"alignnone wp-image-2567\" src=\"http:\/\/www.knbs.net.br\/site\/wp-content\/uploads\/2009\/10\/Logo_softex.png\" alt=\"Logo_softex\" width=\"154\" height=\"52\" \/><\/a><\/p>\n<\/td>\n<td>\n<p style=\"text-align: center;\"><img loading=\"lazy\" decoding=\"async\" class=\"size-full wp-image-906 aligncenter\" title=\"Logo_BT\" src=\"http:\/\/www.knbs.net.br\/site\/wp-content\/uploads\/2009\/10\/Logo_BT.JPG\" alt=\"Logo_BT\" width=\"102\" height=\"55\" \/><\/p>\n<\/td>\n<td>\n<p style=\"text-align: center;\"><a onclick=\"javascript:pageTracker._trackPageview('\/outgoing\/www.knbs.net.br\/site\/wp-content\/uploads\/2009\/10\/logo.png');\"  href=\"http:\/\/www.knbs.net.br\/site\/wp-content\/uploads\/2009\/10\/logo.png\"><img loading=\"lazy\" decoding=\"async\" class=\"alignnone wp-image-2570\" src=\"http:\/\/www.knbs.net.br\/site\/wp-content\/uploads\/2009\/10\/logo.png\" alt=\"logo\" width=\"108\" height=\"75\" \/><\/a><\/p>\n<\/td>\n<\/tr>\n<tr>\n<td style=\"text-align: center;\">\n<h6><a onclick=\"javascript:pageTracker._trackPageview('\/outgoing\/www.amcham.com.br%20');\"  href=\"http:\/\/www.amcham.com.br%20\" target=\"_blank\" rel=\"noopener\">www.amcham.com.br<\/a><\/h6>\n<\/td>\n<td style=\"text-align: center;\">\n<h6><a onclick=\"javascript:pageTracker._trackPageview('\/outgoing\/www.softex.br');\"  href=\"http:\/\/www.softex.br\" target=\"_blank\" rel=\"noopener\">www.softex.br<\/a><\/h6>\n<\/td>\n<td style=\"text-align: center;\">\n<h6><span style=\"font-size: x-small;\"><a onclick=\"javascript:pageTracker._trackPageview('\/outgoing\/www.btplc.com\/');\"  href=\"http:\/\/www.btplc.com\/\" target=\"_blank\" rel=\"noopener\">www.btplc.com\/<\/a><\/span><\/h6>\n<\/td>\n<td style=\"text-align: center;\">\n<h6><span style=\"font-size: x-small;\"><a onclick=\"javascript:pageTracker._trackPageview('\/outgoing\/www.playit.com.br\/');\"  href=\"http:\/\/www.playit.com.br\/\" target=\"_blank\" rel=\"noopener\">www.playit.com.br<\/a><\/span><\/h6>\n<\/td>\n<\/tr>\n<tr>\n<td><\/td>\n<td><\/td>\n<td><\/td>\n<td><\/td>\n<\/tr>\n<tr>\n<td>\n<p style=\"text-align: center;\"><a onclick=\"javascript:pageTracker._trackPageview('\/outgoing\/www.knbs.net.br\/site\/wp-content\/uploads\/2009\/10\/logo-identech.png');\"  href=\"http:\/\/www.knbs.net.br\/site\/wp-content\/uploads\/2009\/10\/logo-identech.png\"><img loading=\"lazy\" decoding=\"async\" class=\"alignnone wp-image-2589\" src=\"http:\/\/www.knbs.net.br\/site\/wp-content\/uploads\/2009\/10\/logo-identech.png\" alt=\"logo identech\" width=\"118\" height=\"95\" \/><\/a><\/p>\n<\/td>\n<td>\u00a0<a onclick=\"javascript:pageTracker._trackPageview('\/outgoing\/www.knbs.net.br\/site\/wp-content\/uploads\/2009\/10\/schalter_logo.jpg');\"  href=\"http:\/\/www.knbs.net.br\/site\/wp-content\/uploads\/2009\/10\/schalter_logo.jpg\"><img loading=\"lazy\" decoding=\"async\" class=\"alignnone wp-image-2590\" src=\"http:\/\/www.knbs.net.br\/site\/wp-content\/uploads\/2009\/10\/schalter_logo.jpg\" alt=\"schalter_logo\" width=\"157\" height=\"23\" \/><\/a><\/td>\n<td>\n<p style=\"text-align: center;\"><img loading=\"lazy\" decoding=\"async\" class=\"size-full wp-image-505 aligncenter\" title=\"nansen\" src=\"http:\/\/www.knbs.net.br\/site\/wp-content\/uploads\/2009\/10\/nansen.png\" alt=\"nansen\" width=\"133\" height=\"43\" \/><\/p>\n<\/td>\n<td>\u00a0<a onclick=\"javascript:pageTracker._trackPageview('\/outgoing\/www.knbs.net.br\/site\/wp-content\/uploads\/2009\/10\/FedEx.png');\"  href=\"http:\/\/www.knbs.net.br\/site\/wp-content\/uploads\/2009\/10\/FedEx.png\"><img loading=\"lazy\" decoding=\"async\" class=\"aligncenter wp-image-2563\" src=\"http:\/\/www.knbs.net.br\/site\/wp-content\/uploads\/2009\/10\/FedEx.png\" alt=\"FedEx\" width=\"126\" height=\"37\" \/><\/a><\/td>\n<\/tr>\n<tr>\n<td style=\"text-align: center;\">\n<h6><a onclick=\"javascript:pageTracker._trackPageview('\/outgoing\/www.identech.com.br');\"  href=\"http:\/\/www.identech.com.br\" target=\"_blank\" rel=\"noopener\">www.identech.com.br<\/a><\/h6>\n<\/td>\n<td style=\"text-align: center;\">\n<h6><a onclick=\"javascript:pageTracker._trackPageview('\/outgoing\/www.schalter.com.br');\"  href=\"http:\/\/www.schalter.com.br\" target=\"_blank\" rel=\"noopener\">www.schalter.com.br<\/a><\/h6>\n<\/td>\n<td style=\"text-align: center;\">\n<h6><a onclick=\"javascript:pageTracker._trackPageview('\/outgoing\/www.nansen.com.br');\"  href=\"http:\/\/www.nansen.com.br\" target=\"_blank\" rel=\"noopener\">www.nansen.com.br<\/a><\/h6>\n<\/td>\n<td style=\"text-align: center;\">\n<h6><a onclick=\"javascript:pageTracker._trackPageview('\/outgoing\/www.fedex.com.br');\"  href=\"http:\/\/www.fedex.com.br\" target=\"_blank\" rel=\"noopener\">www.fedex.com.br<\/a><\/h6>\n<\/td>\n<\/tr>\n<tr>\n<td><\/td>\n<td><\/td>\n<td><\/td>\n<td><\/td>\n<\/tr>\n<tr>\n<td>\u00a0<a onclick=\"javascript:pageTracker._trackPageview('\/outgoing\/www.knbs.net.br\/site\/wp-content\/uploads\/2009\/10\/logo-hidef-grey2.png');\"  href=\"http:\/\/www.knbs.net.br\/site\/wp-content\/uploads\/2009\/10\/logo-hidef-grey2.png\"><img loading=\"lazy\" decoding=\"async\" class=\"alignright wp-image-2596\" src=\"http:\/\/www.knbs.net.br\/site\/wp-content\/uploads\/2009\/10\/logo-hidef-grey2.png\" alt=\"logo-hidef-grey2\" width=\"152\" height=\"60\" \/><\/a><\/td>\n<td>\u00a0<a onclick=\"javascript:pageTracker._trackPageview('\/outgoing\/www.knbs.net.br\/site\/wp-content\/uploads\/2009\/10\/Copperalliance-Brazil1.png');\"  href=\"http:\/\/www.knbs.net.br\/site\/wp-content\/uploads\/2009\/10\/Copperalliance-Brazil1.png\"><img loading=\"lazy\" decoding=\"async\" class=\"alignright wp-image-2597\" src=\"http:\/\/www.knbs.net.br\/site\/wp-content\/uploads\/2009\/10\/Copperalliance-Brazil1.png\" alt=\"Copperalliance-Brazil1\" width=\"156\" height=\"58\" \/><\/a><\/td>\n<td>\u00a0<a onclick=\"javascript:pageTracker._trackPageview('\/outgoing\/www.knbs.net.br\/site\/wp-content\/uploads\/2009\/10\/logoits1.png');\"  href=\"http:\/\/www.knbs.net.br\/site\/wp-content\/uploads\/2009\/10\/logoits1.png\"><img loading=\"lazy\" decoding=\"async\" class=\"aligncenter wp-image-2598\" src=\"http:\/\/www.knbs.net.br\/site\/wp-content\/uploads\/2009\/10\/logoits1.png\" alt=\"logoits1\" width=\"115\" height=\"61\" \/><\/a><\/td>\n<td>\u00a0<a onclick=\"javascript:pageTracker._trackPageview('\/outgoing\/www.knbs.net.br\/site\/wp-content\/uploads\/2009\/10\/agires.png');\"  href=\"http:\/\/www.knbs.net.br\/site\/wp-content\/uploads\/2009\/10\/agires.png\"><img loading=\"lazy\" decoding=\"async\" class=\"alignnone wp-image-2599\" src=\"http:\/\/www.knbs.net.br\/site\/wp-content\/uploads\/2009\/10\/agires.png\" alt=\"agires\" width=\"140\" height=\"56\" \/><\/a><\/td>\n<\/tr>\n<tr>\n<td style=\"text-align: center;\">\n<h6><a onclick=\"javascript:pageTracker._trackPageview('\/outgoing\/www.iei-la.org');\"  href=\"http:\/\/www.iei-la.org\" target=\"_blank\" rel=\"noopener\">www.iei-la.org<\/a><\/h6>\n<\/td>\n<td>\n<h6 style=\"text-align: center;\"><a onclick=\"javascript:pageTracker._trackPageview('\/outgoing\/www.procobre.org');\"  href=\"http:\/\/www.procobre.org\" target=\"_blank\" rel=\"noopener\">www.procobre.org<\/a><\/h6>\n<\/td>\n<td>\n<h6 style=\"text-align: center;\">\u00a0<a onclick=\"javascript:pageTracker._trackPageview('\/outgoing\/www.its.org.br');\"  href=\"http:\/\/www.its.org.br\" target=\"_blank\" rel=\"noopener\">www.its.org.br<\/a><\/h6>\n<\/td>\n<td>\n<h6 style=\"text-align: center;\"><a onclick=\"javascript:pageTracker._trackPageview('\/outgoing\/www.agires.org.br');\"  href=\"http:\/\/www.agires.org.br\" target=\"_blank\" rel=\"noopener\">www.agires.org.br<\/a><\/h6>\n<\/td>\n<\/tr>\n<tr>\n<td><\/td>\n<td><\/td>\n<td><\/td>\n<td><\/td>\n<\/tr>\n<tr>\n<td>\u00a0<a onclick=\"javascript:pageTracker._trackPageview('\/outgoing\/www.knbs.net.br\/site\/wp-content\/uploads\/2009\/10\/logo-hidef-grey2.png');\"  href=\"http:\/\/www.knbs.net.br\/site\/wp-content\/uploads\/2009\/10\/logo-hidef-grey2.png\"><img loading=\"lazy\" decoding=\"async\" class=\"alignright wp-image-2596\" src=\"http:\/\/www.knbs.net.br\/site\/wp-content\/uploads\/2009\/10\/dhl-logo.png\" alt=\"logo-hidef-grey2\" width=\"152\" height=\"60\" \/><\/a><\/td>\n<td>\u00a0<a onclick=\"javascript:pageTracker._trackPageview('\/outgoing\/www.knbs.net.br\/site\/wp-content\/uploads\/2009\/10\/Copperalliance-Brazil1.png');\"  href=\"http:\/\/www.knbs.net.br\/site\/wp-content\/uploads\/2009\/10\/Copperalliance-Brazil1.png\"><img loading=\"lazy\" decoding=\"async\" class=\"wp-image-2597 aligncenter\" src=\"http:\/\/www.knbs.net.br\/site\/wp-content\/uploads\/2009\/10\/1200px-IBM_logo.svg_.png\" alt=\"IBM\" width=\"134\" height=\"50\" \/><\/a><\/td>\n<td>\u00a0<a onclick=\"javascript:pageTracker._trackPageview('\/outgoing\/www.knbs.net.br\/site\/wp-content\/uploads\/2009\/10\/Copperalliance-Brazil1.png');\"  href=\"http:\/\/www.knbs.net.br\/site\/wp-content\/uploads\/2009\/10\/Copperalliance-Brazil1.png\"><img loading=\"lazy\" decoding=\"async\" class=\"wp-image-2597 aligncenter\" src=\"http:\/\/www.knbs.net.br\/site\/wp-content\/uploads\/2009\/10\/logo_ingram_portal-e1472042151793.png\" alt=\"IBM\" width=\"134\" height=\"50\" \/><\/a><\/td>\n<td><\/td>\n<\/tr>\n<tr>\n<td style=\"text-align: center;\">\n<h6><a onclick=\"javascript:pageTracker._trackPageview('\/outgoing\/www.dhl.com');\"  href=\"http:\/\/www.dhl.com\" target=\"_blank\" rel=\"noopener\">www.dhl.com<\/a><\/h6>\n<\/td>\n<td>\n<h6 style=\"text-align: center;\"><a onclick=\"javascript:pageTracker._trackPageview('\/outgoing\/www.ibm.com');\"  href=\"http:\/\/www.ibm.com\" target=\"_blank\" rel=\"noopener\">www.ibm.com<\/a><\/h6>\n<\/td>\n<td>\n<h6 style=\"text-align: center;\"><a onclick=\"javascript:pageTracker._trackPageview('\/outgoing\/www.imgrammicro.com');\"  href=\"http:\/\/www.imgrammicro.com\" target=\"_blank\" rel=\"noopener\">www.imgrammicro.com<\/a><\/h6>\n<\/td>\n<td><\/td>\n<\/tr>\n<tr>\n<td><\/td>\n<td><\/td>\n<td><\/td>\n<td><\/td>\n<\/tr>\n<\/tbody>\n<\/table>\n<p>&nbsp;<\/p>\n","protected":false},"excerpt":{"rendered":"<p>A din\u00e2mica do mercado e as demandas de clientes que apresentam progressivos n\u00edveis de complexidade exigem que a oferta de solu\u00e7\u00f5es de neg\u00f3cios seja constru\u00edda atrav\u00e9s de uma somat\u00f3ria das melhores experi\u00eancias, conhecimentos e capacidades produtivas abrangendo uma vasta cadeia de valor. Com foco em projetar, desenvolver e entregar as melhores ofertas e solu\u00e7\u00f5es para [&hellip;]<\/p>\n","protected":false},"author":1,"featured_media":0,"parent":201,"menu_order":3,"comment_status":"closed","ping_status":"closed","template":"","meta":{"footnotes":""},"class_list":["post-482","page","type-page","status-publish","hentry"],"_links":{"self":[{"href":"https:\/\/knbs.net.br\/site\/wp-json\/wp\/v2\/pages\/482","targetHints":{"allow":["GET"]}}],"collection":[{"href":"https:\/\/knbs.net.br\/site\/wp-json\/wp\/v2\/pages"}],"about":[{"href":"https:\/\/knbs.net.br\/site\/wp-json\/wp\/v2\/types\/page"}],"author":[{"embeddable":true,"href":"https:\/\/knbs.net.br\/site\/wp-json\/wp\/v2\/users\/1"}],"replies":[{"embeddable":true,"href":"https:\/\/knbs.net.br\/site\/wp-json\/wp\/v2\/comments?post=482"}],"version-history":[{"count":0,"href":"https:\/\/knbs.net.br\/site\/wp-json\/wp\/v2\/pages\/482\/revisions"}],"up":[{"embeddable":true,"href":"https:\/\/knbs.net.br\/site\/wp-json\/wp\/v2\/pages\/201"}],"wp:attachment":[{"href":"https:\/\/knbs.net.br\/site\/wp-json\/wp\/v2\/media?parent=482"}],"curies":[{"name":"wp","href":"https:\/\/api.w.org\/{rel}","templated":true}]}}