{"id":471,"date":"2009-10-30T10:48:35","date_gmt":"2009-10-30T13:48:35","guid":{"rendered":"http:\/\/www.knbs.net.br\/?page_id=471"},"modified":"2009-10-30T10:48:35","modified_gmt":"2009-10-30T13:48:35","slug":"localizacao","status":"publish","type":"page","link":"https:\/\/knbs.net.br\/site\/a-knbs\/localizacao\/","title":{"rendered":"Onde estamos"},"content":{"rendered":"<p style=\"text-align: center;\"><img loading=\"lazy\" decoding=\"async\" class=\"alignnone wp-image-2721\" src=\"http:\/\/www.knbs.net.br\/site\/wp-content\/uploads\/2009\/10\/ondeestamos.jpg\" alt=\"ondeestamos\" width=\"315\" height=\"466\" \/><\/p>\n<p style=\"text-align: center;\">\n<p>A<strong> KNBS<\/strong> est\u00e1 localizada em uma regi\u00e3o que \u00e9 considerada um p\u00f3lo de alta tecnologia brasileiro, pr\u00f3ximo a grandes universidades fomentadoras de conhecimento de ponta, como a UNICAMP e USP, grandes empresas e institui\u00e7\u00f5es de desenvolvimento e produ\u00e7\u00e3o tecnol\u00f3gica, com proje\u00e7\u00e3o nacional e internacional.<\/p>\n<p>O desenvolvimento e a comercializa\u00e7\u00e3o de produtos e servi\u00e7os s\u00e3o facilitados pela proximidade da rede de parceiros, conhecimentos e infraestrutura existentes\u00a0na regi\u00e3o.<\/p>\n<h3><span style=\"color: #ff6600;\"><strong>Escrit\u00f3rio de Estrat\u00e9gias e Solu\u00e7\u00f5es<\/strong><\/span><\/h3>\n<h5><strong>Av. Bar\u00e3o de Itapura, 2.294 &#8211; cjto 81<\/strong><\/h5>\n<h5><strong>Bairro Jardim Guanabara, Campinas, SP &#8211; Brasil<\/strong> <strong>CEP 13073-300<\/strong><\/h5>\n<h5><strong>Tel: +55 19 3295 3314 \u2028Fax: +55 19 3253 4378<\/strong><\/h5>\n<p><small><a onclick=\"javascript:pageTracker._trackPageview('\/outgoing\/www.google.com.br\/maps\/place\/KNBS+Telecomunica%C3%A7%C3%B5es+e+Inform%C3%A1tica+Ltda.\/@-22.886253,-47.0586,17z\/data=!3m1!4b1!4m2!3m1!1s0x94c8cf489dabdf1f:0xab0c15858d7ddc8c?hl=pt-BR');\" style=\"color: #0000ff; text-align: left;\"  href=\"https:\/\/www.google.com.br\/maps\/place\/KNBS+Telecomunica%C3%A7%C3%B5es+e+Inform%C3%A1tica+Ltda.\/@-22.886253,-47.0586,17z\/data=!3m1!4b1!4m2!3m1!1s0x94c8cf489dabdf1f:0xab0c15858d7ddc8c?hl=pt-BR\" target=\"_blank\" rel=\"noopener\">Exibir mapa ampliado<\/a><\/small><\/p>\n","protected":false},"excerpt":{"rendered":"<p>A KNBS est\u00e1 localizada em uma regi\u00e3o que \u00e9 considerada um p\u00f3lo de alta tecnologia brasileiro, pr\u00f3ximo a grandes universidades fomentadoras de conhecimento de ponta, como a UNICAMP e USP, grandes empresas e institui\u00e7\u00f5es de desenvolvimento e produ\u00e7\u00e3o tecnol\u00f3gica, com proje\u00e7\u00e3o nacional e internacional. O desenvolvimento e a comercializa\u00e7\u00e3o de produtos e servi\u00e7os s\u00e3o facilitados [&hellip;]<\/p>\n","protected":false},"author":1,"featured_media":0,"parent":201,"menu_order":7,"comment_status":"closed","ping_status":"closed","template":"","meta":{"footnotes":""},"class_list":["post-471","page","type-page","status-publish","hentry"],"_links":{"self":[{"href":"https:\/\/knbs.net.br\/site\/wp-json\/wp\/v2\/pages\/471","targetHints":{"allow":["GET"]}}],"collection":[{"href":"https:\/\/knbs.net.br\/site\/wp-json\/wp\/v2\/pages"}],"about":[{"href":"https:\/\/knbs.net.br\/site\/wp-json\/wp\/v2\/types\/page"}],"author":[{"embeddable":true,"href":"https:\/\/knbs.net.br\/site\/wp-json\/wp\/v2\/users\/1"}],"replies":[{"embeddable":true,"href":"https:\/\/knbs.net.br\/site\/wp-json\/wp\/v2\/comments?post=471"}],"version-history":[{"count":0,"href":"https:\/\/knbs.net.br\/site\/wp-json\/wp\/v2\/pages\/471\/revisions"}],"up":[{"embeddable":true,"href":"https:\/\/knbs.net.br\/site\/wp-json\/wp\/v2\/pages\/201"}],"wp:attachment":[{"href":"https:\/\/knbs.net.br\/site\/wp-json\/wp\/v2\/media?parent=471"}],"curies":[{"name":"wp","href":"https:\/\/api.w.org\/{rel}","templated":true}]}}