{"id":467,"date":"2009-10-30T10:45:11","date_gmt":"2009-10-30T13:45:11","guid":{"rendered":"http:\/\/www.knbs.net.br\/?page_id=467"},"modified":"2009-10-30T10:45:11","modified_gmt":"2009-10-30T13:45:11","slug":"missao-visao-e-valores","status":"publish","type":"page","link":"https:\/\/knbs.net.br\/site\/a-knbs\/missao-visao-e-valores\/","title":{"rendered":"Miss\u00e3o, Vis\u00e3o e Valores"},"content":{"rendered":"<p style=\"text-align: center;\"><img loading=\"lazy\" decoding=\"async\" class=\"aligncenter wp-image-2715\" src=\"http:\/\/www.knbs.net.br\/site\/wp-content\/uploads\/2009\/10\/miss\u00e3o-criativa.png\" alt=\"miss\u00e3o criativa\" width=\"417\" height=\"417\" \/><\/p>\n<p>Na <strong>KNBS (Knowledge Networks &amp; Business Solutions)<\/strong>\u00a0traz em seu DNA\u00a0uma estrutura\u00a0de trabalho e de equipe que buscam inovar a cada novo produto desenvolvido, em toda solu\u00e7\u00e3o de neg\u00f3cios constru\u00edda, em cada processo criado ou modificado, nos relacionamentos ampliados e fortalecidos e consultorias realizadas.<\/p>\n<p>Busca sempre oferecer servi\u00e7os diferenciados, que possam motivar os envolvidos e o ecossistema adjunto a evoluir (empresa, parceiros, clientes, sociedade), com resultados financeiros, culturais e ambientais.<\/p>\n<p>A <strong>KNBS<\/strong>\u00a0cria\u00a0sempre as condi\u00e7\u00f5es \u00e9ticas, de qualidade de desenvolvimento, de envolvimento como part\u00edcipe do processo e o tempo de execu\u00e7\u00e3o necess\u00e1rios para o sucesso dos empreendimentos, projetos e consultorias que concretiza.<\/p>\n<p><a onclick=\"javascript:pageTracker._trackPageview('\/outgoing\/www.knbs.net.br\/site\/wp-content\/uploads\/2009\/10\/quadro_valores-2018.png');\"  href=\"http:\/\/www.knbs.net.br\/site\/wp-content\/uploads\/2009\/10\/quadro_valores-2018.png\" target=\"_blank\" rel=\"noopener\"><img loading=\"lazy\" decoding=\"async\" class=\"aligncenter wp-image-2705\" src=\"http:\/\/www.knbs.net.br\/site\/wp-content\/uploads\/2009\/10\/quadro_valores-2018.png\" alt=\"missaovis\u00e3o\" width=\"620\" height=\"620\" \/><\/a><\/p>\n<p>&nbsp;<\/p>\n<p>Para saber mais, <a onclick=\"javascript:pageTracker._trackPageview('\/outgoing\/www.knbs.net.br\/fale-conosco\/');\"  href=\"http:\/\/www.knbs.net.br\/fale-conosco\/\">fale conosco<\/a>!<\/p>\n","protected":false},"excerpt":{"rendered":"<p>Na KNBS (Knowledge Networks &amp; Business Solutions)\u00a0traz em seu DNA\u00a0uma estrutura\u00a0de trabalho e de equipe que buscam inovar a cada novo produto desenvolvido, em toda solu\u00e7\u00e3o de neg\u00f3cios constru\u00edda, em cada processo criado ou modificado, nos relacionamentos ampliados e fortalecidos e consultorias realizadas. Busca sempre oferecer servi\u00e7os diferenciados, que possam motivar os envolvidos e o [&hellip;]<\/p>\n","protected":false},"author":1,"featured_media":0,"parent":201,"menu_order":0,"comment_status":"closed","ping_status":"closed","template":"","meta":{"footnotes":""},"class_list":["post-467","page","type-page","status-publish","hentry"],"_links":{"self":[{"href":"https:\/\/knbs.net.br\/site\/wp-json\/wp\/v2\/pages\/467","targetHints":{"allow":["GET"]}}],"collection":[{"href":"https:\/\/knbs.net.br\/site\/wp-json\/wp\/v2\/pages"}],"about":[{"href":"https:\/\/knbs.net.br\/site\/wp-json\/wp\/v2\/types\/page"}],"author":[{"embeddable":true,"href":"https:\/\/knbs.net.br\/site\/wp-json\/wp\/v2\/users\/1"}],"replies":[{"embeddable":true,"href":"https:\/\/knbs.net.br\/site\/wp-json\/wp\/v2\/comments?post=467"}],"version-history":[{"count":0,"href":"https:\/\/knbs.net.br\/site\/wp-json\/wp\/v2\/pages\/467\/revisions"}],"up":[{"embeddable":true,"href":"https:\/\/knbs.net.br\/site\/wp-json\/wp\/v2\/pages\/201"}],"wp:attachment":[{"href":"https:\/\/knbs.net.br\/site\/wp-json\/wp\/v2\/media?parent=467"}],"curies":[{"name":"wp","href":"https:\/\/api.w.org\/{rel}","templated":true}]}}