{"id":459,"date":"2009-10-30T10:39:26","date_gmt":"2009-10-30T13:39:26","guid":{"rendered":"http:\/\/www.knbs.net.br\/?page_id=459"},"modified":"2009-10-30T10:39:26","modified_gmt":"2009-10-30T13:39:26","slug":"diretoria-executiva","status":"publish","type":"page","link":"https:\/\/knbs.net.br\/site\/a-knbs\/diretoria-executiva\/","title":{"rendered":"Corpo Executivo"},"content":{"rendered":"<p><img loading=\"lazy\" decoding=\"async\" class=\"alignleft wp-image-2738 \" src=\"http:\/\/www.knbs.net.br\/site\/wp-content\/uploads\/2009\/10\/diretoria.jpg\" alt=\"diretoria\" width=\"360\" height=\"242\" \/>O Corpo Executivo\u00a0da <strong>KNBS<\/strong> \u00e9 formado por profissionais com s\u00f3lida hist\u00f3ria e experi\u00eancia t\u00e9cnica e de neg\u00f3cios nos setores de telecomunica\u00e7\u00f5es,\u00a0de energia el\u00e9trica, ambiental e rela\u00e7\u00f5es humanas, garantindo a nossos clientes um elevado n\u00edvel de negocia\u00e7\u00e3o e a efetiva agrega\u00e7\u00e3o de valor propiciada por solu\u00e7\u00f5es de alta qualidade e resultados comprovados pelo mercado.<\/p>\n<p>&nbsp;<\/p>\n<h3><span style=\"color: #ff6600;\"><strong>Corpo Executivo:<\/strong><\/span><\/h3>\n<p><strong>Carlos Alberto Fr\u00f3es Lima, D.Sc.<\/strong><\/p>\n<p>Doutor em Planejamento de Sistemas Energ\u00e9ticos, Mestre em Telecomunica\u00e7\u00f5es, p\u00f3s-graduado em Geoprocessamento e Bacharel em Ci\u00eancias da Computa\u00e7\u00e3o Ci\u00eant\u00edfico-Industrial pela Unicamp (Universidade Estadual de Campinas). \u00a0Possui tamb\u00e9m p\u00f3s gradua\u00e7\u00e3o em Administra\u00e7\u00e3o de Empresas e MBA em Marketing pela FGV.<\/p>\n<p>Atua como CEO e gestor da f\u00e1brica de solu\u00e7\u00f5es de neg\u00f3cios da <strong>KNBS, <\/strong>da qual \u00e9 s\u00f3cio fundador.<\/p>\n<p>A experi\u00eancia deste empreendedor vem de trabalhos de sucesso como coordenador de projetos e pesquisas \u00a0inovadores, como consultor internacional, como diretor de novos desenvolvimentos, produtos e transmiss\u00e3o para empresas dos setores de energia, telecomunica\u00e7\u00f5es e TI, atuando tamb\u00e9m em empresas de integra\u00e7\u00e3o, pesquisa e treinamento no mercado nacional. Tem tamb\u00e9m em seu curriculum mais de 20 anos gerindo e promovendo atividades no terceiro setor.<\/p>\n<p>Resultados de sua vis\u00e3o e criatividade s\u00e3o reconhecidos nas \u00e1reas de\u00a0<i>Smart<\/i><i> Grid<\/i>, Data Science e Gest\u00e3o do Conhecimento, Sustentabilidade e Relacionamento com o Cliente, Planejamento de Neg\u00f3cios e Processos, \u00a0com pesquisas e an\u00e1lise de perdas n\u00e3o t\u00e9cnicas (comerciais), controle de fraudes, \u00a0organiza\u00e7\u00e3o do perfil de consumo e relacionamento para empresas dos diversos setores produtivos.<\/p>\n<p><strong>Maria Isabel de Campos, M.Sc.<\/strong><\/p>\n<p>Doutoranda e Mestra em Psicologia pela USF, especialista em Administra\u00e7\u00e3o Empresarial pelo IPEP, especialista em Psicologia Transpessoal pela ALUBRAT\/CESBLU, e Bacharel em Ci\u00eancia da Computa\u00e7\u00e3o pela UNICAMP.\u00a0 Consultora e Coach certificada pela ICC e pelo Barrett Values Centre.<\/p>\n<p>Possui longa experi\u00eancia como executiva, empreendedora, palestrante e professora de MBA. Atua com desenvolvimento de pessoas para o desenvolvimento de neg\u00f3cios.<\/p>\n<p>\u00c9 associada da KNBS &#8211; Knowledge Networks for Business Solutions. Acionista fundadora da IVP Participa\u00e7\u00f5es, atua como mentora em diversas institui\u00e7\u00f5es de fomento ao empreendedorismo, entre elas a Baita Aceleradora, a Liga Empreendedora (UNICAMP) e a Ag\u00eancia de Inova\u00e7\u00e3o da UNICAMP (INOVA).<\/p>\n<p>Autora do livro &#8220;Aprendizagem em Treinamentos Corporativos: Inova\u00e7\u00e3o, M\u00e9todo e Resultados sob uma Abordagem Transpessoal&#8221; e co-autora do livro &#8220;A World Book of Values&#8221;.<\/p>\n","protected":false},"excerpt":{"rendered":"<p>O Corpo Executivo\u00a0da KNBS \u00e9 formado por profissionais com s\u00f3lida hist\u00f3ria e experi\u00eancia t\u00e9cnica e de neg\u00f3cios nos setores de telecomunica\u00e7\u00f5es,\u00a0de energia el\u00e9trica, ambiental e rela\u00e7\u00f5es humanas, garantindo a nossos clientes um elevado n\u00edvel de negocia\u00e7\u00e3o e a efetiva agrega\u00e7\u00e3o de valor propiciada por solu\u00e7\u00f5es de alta qualidade e resultados comprovados pelo mercado. &nbsp; Corpo [&hellip;]<\/p>\n","protected":false},"author":1,"featured_media":0,"parent":201,"menu_order":1,"comment_status":"closed","ping_status":"closed","template":"","meta":{"footnotes":""},"class_list":["post-459","page","type-page","status-publish","hentry"],"_links":{"self":[{"href":"https:\/\/knbs.net.br\/site\/wp-json\/wp\/v2\/pages\/459","targetHints":{"allow":["GET"]}}],"collection":[{"href":"https:\/\/knbs.net.br\/site\/wp-json\/wp\/v2\/pages"}],"about":[{"href":"https:\/\/knbs.net.br\/site\/wp-json\/wp\/v2\/types\/page"}],"author":[{"embeddable":true,"href":"https:\/\/knbs.net.br\/site\/wp-json\/wp\/v2\/users\/1"}],"replies":[{"embeddable":true,"href":"https:\/\/knbs.net.br\/site\/wp-json\/wp\/v2\/comments?post=459"}],"version-history":[{"count":0,"href":"https:\/\/knbs.net.br\/site\/wp-json\/wp\/v2\/pages\/459\/revisions"}],"up":[{"embeddable":true,"href":"https:\/\/knbs.net.br\/site\/wp-json\/wp\/v2\/pages\/201"}],"wp:attachment":[{"href":"https:\/\/knbs.net.br\/site\/wp-json\/wp\/v2\/media?parent=459"}],"curies":[{"name":"wp","href":"https:\/\/api.w.org\/{rel}","templated":true}]}}