{"id":440,"date":"2009-10-30T10:19:11","date_gmt":"2009-10-30T13:19:11","guid":{"rendered":"http:\/\/www.knbs.net.br\/?page_id=440"},"modified":"2009-10-30T10:19:11","modified_gmt":"2009-10-30T13:19:11","slug":"siscad-2","status":"publish","type":"page","link":"https:\/\/knbs.net.br\/site\/siscad-2\/","title":{"rendered":"SisCad"},"content":{"rendered":"<p style=\"text-align: center;\"><img loading=\"lazy\" decoding=\"async\" class=\"size-full wp-image-441 aligncenter\" title=\"4728036_low\" src=\"http:\/\/www.knbs.net.br\/site\/wp-content\/uploads\/2009\/10\/4728036_low.jpg\" alt=\"4728036_low\" width=\"509\" height=\"339\" \/><\/p>\n<p><a onclick=\"javascript:pageTracker._trackPageview('\/outgoing\/www.knbs.net.br\/site\/wp-content\/uploads\/2009\/10\/Limpezacadastral_revfroes.pdf');\"  href=\"http:\/\/www.knbs.net.br\/site\/wp-content\/uploads\/2009\/10\/Limpezacadastral_revfroes.pdf\" target=\"_blank\" rel=\"noopener\">Consist\u00eancia da Base Cadastral e Controle da Qualidade dos Dados de Faturamento<\/a><\/p>\n<p>Apresentado e publicado:\u00a0XVIII SENDI (Semin\u00e1rio Nacional de Distribui\u00e7\u00e3o de Energia El\u00e9trica) &#8211; 2008<\/p>\n","protected":false},"excerpt":{"rendered":"<p>Consist\u00eancia da Base Cadastral e Controle da Qualidade dos Dados de Faturamento Apresentado e publicado:\u00a0XVIII SENDI (Semin\u00e1rio Nacional de Distribui\u00e7\u00e3o de Energia El\u00e9trica) &#8211; 2008<\/p>\n","protected":false},"author":1,"featured_media":0,"parent":0,"menu_order":3,"comment_status":"closed","ping_status":"closed","template":"","meta":{"footnotes":""},"class_list":["post-440","page","type-page","status-publish","hentry"],"_links":{"self":[{"href":"https:\/\/knbs.net.br\/site\/wp-json\/wp\/v2\/pages\/440","targetHints":{"allow":["GET"]}}],"collection":[{"href":"https:\/\/knbs.net.br\/site\/wp-json\/wp\/v2\/pages"}],"about":[{"href":"https:\/\/knbs.net.br\/site\/wp-json\/wp\/v2\/types\/page"}],"author":[{"embeddable":true,"href":"https:\/\/knbs.net.br\/site\/wp-json\/wp\/v2\/users\/1"}],"replies":[{"embeddable":true,"href":"https:\/\/knbs.net.br\/site\/wp-json\/wp\/v2\/comments?post=440"}],"version-history":[{"count":0,"href":"https:\/\/knbs.net.br\/site\/wp-json\/wp\/v2\/pages\/440\/revisions"}],"wp:attachment":[{"href":"https:\/\/knbs.net.br\/site\/wp-json\/wp\/v2\/media?parent=440"}],"curies":[{"name":"wp","href":"https:\/\/api.w.org\/{rel}","templated":true}]}}