{"id":435,"date":"2009-10-30T10:15:51","date_gmt":"2009-10-30T13:15:51","guid":{"rendered":"http:\/\/www.knbs.net.br\/?page_id=435"},"modified":"2009-10-30T10:15:51","modified_gmt":"2009-10-30T13:15:51","slug":"suite-de-arborizacao","status":"publish","type":"page","link":"https:\/\/knbs.net.br\/site\/suite-de-arborizacao\/","title":{"rendered":"Su\u00edte de Arboriza\u00e7\u00e3o"},"content":{"rendered":"<p style=\"text-align: left;\"><img loading=\"lazy\" decoding=\"async\" class=\"aligncenter wp-image-2948\" src=\"http:\/\/www.knbs.net.br\/site\/wp-content\/uploads\/2009\/10\/natureza.jpg\" alt=\"natureza\" width=\"409\" height=\"606\" \/><\/p>\n<ul>\n<li><a onclick=\"javascript:pageTracker._trackPageview('\/outgoing\/www.knbs.net.br\/site\/wp-content\/uploads\/2009\/10\/Gest\u00e3oArboriza\u00e7\u00e3o-SENDI-rev.pdf');\"  href=\"http:\/\/www.knbs.net.br\/site\/wp-content\/uploads\/2009\/10\/Gest\u00e3oArboriza\u00e7\u00e3o-SENDI-rev.pdf\" target=\"_blank\" rel=\"noopener\">Sistema de Gest\u00e3o e Manejo da Arboriza\u00e7\u00e3o Urbana ao Longo das Redes de Distribui\u00e7\u00e3o<\/a><\/li>\n<\/ul>\n<p>Publica\u00e7\u00e3o: XVIII SENDI (Semin\u00e1rio Nacional de Distribui\u00e7\u00e3o de Energia El\u00e9trica) &#8211; 2008<\/p>\n<ul>\n<li><a onclick=\"javascript:pageTracker._trackPageview('\/outgoing\/www.aneel.gov.br\/biblioteca\/citenel2007\/pdf\/it91.pdf');\"  href=\"http:\/\/www.aneel.gov.br\/biblioteca\/citenel2007\/pdf\/it91.pdf\" target=\"_blank\" rel=\"noopener\">Sistema de Gest\u00e3o e Manejo da Arboriza\u00e7\u00e3o\u00a0Urbana ao Longo das Redes de Distribui\u00e7\u00e3o<\/a><\/li>\n<\/ul>\n<p>Apresentado e publicado no evento \u00a0IV CITENEL (Congresso de Inova\u00e7\u00e3o Tecnol\u00f3gica em Energia El\u00e9trica) &#8211; 2007<\/p>\n","protected":false},"excerpt":{"rendered":"<p>Sistema de Gest\u00e3o e Manejo da Arboriza\u00e7\u00e3o Urbana ao Longo das Redes de Distribui\u00e7\u00e3o Publica\u00e7\u00e3o: XVIII SENDI (Semin\u00e1rio Nacional de Distribui\u00e7\u00e3o de Energia El\u00e9trica) &#8211; 2008 Sistema de Gest\u00e3o e Manejo da Arboriza\u00e7\u00e3o\u00a0Urbana ao Longo das Redes de Distribui\u00e7\u00e3o Apresentado e publicado no evento \u00a0IV CITENEL (Congresso de Inova\u00e7\u00e3o Tecnol\u00f3gica em Energia El\u00e9trica) &#8211; 2007<\/p>\n","protected":false},"author":1,"featured_media":0,"parent":0,"menu_order":2,"comment_status":"closed","ping_status":"closed","template":"","meta":{"footnotes":""},"class_list":["post-435","page","type-page","status-publish","hentry"],"_links":{"self":[{"href":"https:\/\/knbs.net.br\/site\/wp-json\/wp\/v2\/pages\/435","targetHints":{"allow":["GET"]}}],"collection":[{"href":"https:\/\/knbs.net.br\/site\/wp-json\/wp\/v2\/pages"}],"about":[{"href":"https:\/\/knbs.net.br\/site\/wp-json\/wp\/v2\/types\/page"}],"author":[{"embeddable":true,"href":"https:\/\/knbs.net.br\/site\/wp-json\/wp\/v2\/users\/1"}],"replies":[{"embeddable":true,"href":"https:\/\/knbs.net.br\/site\/wp-json\/wp\/v2\/comments?post=435"}],"version-history":[{"count":0,"href":"https:\/\/knbs.net.br\/site\/wp-json\/wp\/v2\/pages\/435\/revisions"}],"wp:attachment":[{"href":"https:\/\/knbs.net.br\/site\/wp-json\/wp\/v2\/media?parent=435"}],"curies":[{"name":"wp","href":"https:\/\/api.w.org\/{rel}","templated":true}]}}