{"id":427,"date":"2009-10-30T10:11:32","date_gmt":"2009-10-30T13:11:32","guid":{"rendered":"http:\/\/www.knbs.net.br\/?page_id=427"},"modified":"2009-10-30T10:11:32","modified_gmt":"2009-10-30T13:11:32","slug":"ecoaequo","status":"publish","type":"page","link":"https:\/\/knbs.net.br\/site\/ecoaequo\/","title":{"rendered":"EcoAequo"},"content":{"rendered":"<p style=\"text-align: center;\"><img loading=\"lazy\" decoding=\"async\" class=\"aligncenter wp-image-2945 \" title=\"4623405_low\" src=\"http:\/\/www.knbs.net.br\/site\/wp-content\/uploads\/2009\/10\/ecoenergia.jpg\" width=\"604\" height=\"406\" \/><\/p>\n<p>&nbsp;<\/p>\n<ul>\n<li><a onclick=\"javascript:pageTracker._trackPageview('\/outgoing\/www.knbs.net.br\/site\/wp-content\/uploads\/2009\/10\/Artigo_Ecoelce_CITENEL_2009.pdf');\" style=\"padding: 0px; margin: 0px; outline: none; font-family: Arial, Helvetica, sans-serif; color: #484848; line-height: 20px; background-color: #f6f6f6;\"  href=\"http:\/\/www.knbs.net.br\/site\/wp-content\/uploads\/2009\/10\/Artigo_Ecoelce_CITENEL_2009.pdf\" target=\"_blank\" rel=\"noopener\">Programa Ecoelce de Troca de Res\u00edduos por B\u00f4nus na Conta de Energia<\/a><\/li>\n<\/ul>\n<p>Apresentado e publicado:V CITENEL (Congresso de Inova\u00e7\u00e3o Tecnol\u00f3gica em Energia El\u00e9trica) \u2013 2009<\/p>\n<ul>\n<li><a onclick=\"javascript:pageTracker._trackPageview('\/outgoing\/www.knbs.net.br\/site\/wp-content\/uploads\/2009\/10\/Ecoelce-Endesa-KNBS.pdf');\"  href=\"http:\/\/www.knbs.net.br\/site\/wp-content\/uploads\/2009\/10\/Ecoelce-Endesa-KNBS.pdf\" target=\"_blank\" rel=\"noopener\">Case Story &#8211; ONU<\/a><\/li>\n<\/ul>\n<p>United Nations Global Compact 2009<\/p>\n<ul>\n<li>Programa Ecoelce de Troca de Res\u00edduos por B\u00f4nus na Conta de Energia &#8211;<\/li>\n<\/ul>\n<p style=\"padding-left: 60px;\"><span style=\"color: #0000ee;\"><span style=\"color: #000000;\">Publicado na<\/span> <a onclick=\"javascript:pageTracker._trackPageview('\/outgoing\/www.aneel.gov.br\/arquivos\/pdf\/revistap&amp;d3.pdf');\"  href=\"http:\/\/www.aneel.gov.br\/arquivos\/pdf\/revistap&amp;d3.pdf\" target=\"_blank\" rel=\"noopener\">Revista de P&amp;D ANEEL n0. 3 &#8211; junho 2009<\/a><\/span><\/p>\n<ul>\n<li><a onclick=\"javascript:pageTracker._trackPageview('\/outgoing\/www.knbs.net.br\/site\/wp-content\/uploads\/2009\/10\/EcoAequo_site.pdf');\"  href=\"http:\/\/www.knbs.net.br\/site\/wp-content\/uploads\/2009\/10\/EcoAequo_site.pdf\" target=\"_blank\" rel=\"noopener\">EcoAequo, Ecoelce &#8211; uma oportunidade de desenvolvimento urbano e humano sustent\u00e1vel \u2013 res\u00edduos podem criar condi\u00e7\u00f5es de mudan\u00e7as culturais e de cidadania<\/a><\/li>\n<\/ul>\n<ul>\n<li><a onclick=\"javascript:pageTracker._trackPageview('\/outgoing\/www.knbs.net.br\/site\/wp-content\/uploads\/2009\/10\/Ecoelce-SENDI_rev.pdf');\"  href=\"http:\/\/www.knbs.net.br\/site\/wp-content\/uploads\/2009\/10\/Ecoelce-SENDI_rev.pdf\" target=\"_blank\" rel=\"noopener\">Programa Ecoelce de Troca de Res\u00edduos por B\u00f4nus em Energia<\/a><\/li>\n<\/ul>\n<p>Apresentado e publicado:\u00a0XVIII SENDI (Semin\u00e1rio Nacional de Distribui\u00e7\u00e3o de Energia El\u00e9trica) \u2013 2008<\/p>\n","protected":false},"excerpt":{"rendered":"<p>&nbsp; Programa Ecoelce de Troca de Res\u00edduos por B\u00f4nus na Conta de Energia Apresentado e publicado:V CITENEL (Congresso de Inova\u00e7\u00e3o Tecnol\u00f3gica em Energia El\u00e9trica) \u2013 2009 Case Story &#8211; ONU United Nations Global Compact 2009 Programa Ecoelce de Troca de Res\u00edduos por B\u00f4nus na Conta de Energia &#8211; Publicado na Revista de P&amp;D ANEEL n0. [&hellip;]<\/p>\n","protected":false},"author":1,"featured_media":0,"parent":0,"menu_order":0,"comment_status":"closed","ping_status":"closed","template":"","meta":{"footnotes":""},"class_list":["post-427","page","type-page","status-publish","hentry"],"_links":{"self":[{"href":"https:\/\/knbs.net.br\/site\/wp-json\/wp\/v2\/pages\/427","targetHints":{"allow":["GET"]}}],"collection":[{"href":"https:\/\/knbs.net.br\/site\/wp-json\/wp\/v2\/pages"}],"about":[{"href":"https:\/\/knbs.net.br\/site\/wp-json\/wp\/v2\/types\/page"}],"author":[{"embeddable":true,"href":"https:\/\/knbs.net.br\/site\/wp-json\/wp\/v2\/users\/1"}],"replies":[{"embeddable":true,"href":"https:\/\/knbs.net.br\/site\/wp-json\/wp\/v2\/comments?post=427"}],"version-history":[{"count":0,"href":"https:\/\/knbs.net.br\/site\/wp-json\/wp\/v2\/pages\/427\/revisions"}],"wp:attachment":[{"href":"https:\/\/knbs.net.br\/site\/wp-json\/wp\/v2\/media?parent=427"}],"curies":[{"name":"wp","href":"https:\/\/api.w.org\/{rel}","templated":true}]}}