{"id":411,"date":"2009-10-30T09:30:59","date_gmt":"2009-10-30T12:30:59","guid":{"rendered":"http:\/\/www.knbs.net.br\/?page_id=411"},"modified":"2009-10-30T09:30:59","modified_gmt":"2009-10-30T12:30:59","slug":"administracao-publica","status":"publish","type":"page","link":"https:\/\/knbs.net.br\/site\/o-que-fazemos\/segmentos\/administracao-publica\/","title":{"rendered":"Administra\u00e7\u00e3o P\u00fablica"},"content":{"rendered":"<p>A <strong>KNBS<\/strong>\u00a0se posiciona para o setor p\u00fablico como uma geradora de solu\u00e7\u00f5es para uma gest\u00e3o din\u00e2mica, controlada e audit\u00e1vel dos servi\u00e7os executados ao cidad\u00e3o, principalmente na opera\u00e7\u00e3o das diversas equipes em campo e no movimento de IoT (Internet das Coisas), na inclus\u00e3o participativa.<\/p>\n<p>O posicionamento <strong>KNBS<\/strong> \u00e9 que existe uma din\u00e2mica evolutiva para as cidades, dependente das estrat\u00e9gias de a\u00e7\u00f5es a serem implementadas e das oportunidades locais. \u00a0Isto tudo envolve a sociedade e a educa\u00e7\u00e3o, mas perpassa uma intelig\u00eancia operacional que exige a aplica\u00e7\u00e3o de controles, indicadores e o tratamento de dados de forma integrada e substancial. \u00a0Sem uma gest\u00e3o cont\u00ednua de resultados e sem uma renova\u00e7\u00e3o constante sobre os modelos produtivos as oportunidades n\u00e3o ser aproveitadas.<\/p>\n<p>Buscamos ser influenciadores de decis\u00f5es operacionais que tenham sustenta\u00e7\u00e3o de continuidade das a\u00e7\u00f5es e corre\u00e7\u00e3o de rumos baseadas em indicadores fortes da opera\u00e7\u00e3o, estabelecidos nas diretrizes das implanta\u00e7\u00f5es feitas e a serem feitas.<\/p>\n<p><img loading=\"lazy\" decoding=\"async\" class=\"aligncenter wp-image-2936\" src=\"http:\/\/www.knbs.net.br\/site\/wp-content\/uploads\/2009\/10\/smartcity.jpg\" alt=\"smartcity\" width=\"598\" height=\"254\" \/><\/p>\n<p>Algumas de nossas solu\u00e7\u00f5es tem aplica\u00e7\u00f5es diretas no movimento das<strong> Cidades Inteligentes, \u00a0<\/strong>como:<\/p>\n<ul>\n<li>\u00a0<a onclick=\"javascript:pageTracker._trackPageview('\/outgoing\/www.knbs.net.br\/o-que-fazemos\/ecoaequo\/');\"  href=\"http:\/\/www.knbs.net.br\/o-que-fazemos\/ecoaequo\/\" target=\"_blank\" rel=\"noopener\">EcoAequo<\/a>: na educa\u00e7\u00e3o e promo\u00e7\u00e3o da conscientiza\u00e7\u00e3o para a coleta seletiva;<\/li>\n<li><a onclick=\"javascript:pageTracker._trackPageview('\/outgoing\/www.knbs.net.br\/o-que-fazemos\/prospektor\/');\"  href=\"http:\/\/www.knbs.net.br\/o-que-fazemos\/prospektor\/\" target=\"_blank\" rel=\"noopener\">Prospektor<\/a>: na pesquisa com a popula\u00e7\u00e3o e no controle de equipes de servi\u00e7os;<\/li>\n<li><a onclick=\"javascript:pageTracker._trackPageview('\/outgoing\/www.knbs.net.br\/o-que-fazemos\/suite-de-arborizacao\/');\"  href=\"http:\/\/www.knbs.net.br\/o-que-fazemos\/suite-de-arborizacao\/\" target=\"_blank\" rel=\"noopener\">Su\u00edte de Arboriza\u00e7\u00e3o<\/a>: na promo\u00e7\u00e3o participativa do paisagismo urbano;<\/li>\n<li><a onclick=\"javascript:pageTracker._trackPageview('\/outgoing\/www.knbs.net.br\/o-que-fazemos\/key-video-spot\/');\"  href=\"http:\/\/www.knbs.net.br\/o-que-fazemos\/key-video-spot\/\" target=\"_blank\" rel=\"noopener\">Video Call Center<\/a>: no relacionamento diferenciado com o cidad\u00e3o.<\/li>\n<\/ul>\n<p><a onclick=\"javascript:pageTracker._trackPageview('\/outgoing\/www.knbs.net.br\/fale-conosco\/');\"  href=\"http:\/\/www.knbs.net.br\/fale-conosco\/\">Fale conosco<\/a> para saber mais sobre como podemos contribuir para a melhoria da qualidade de vida dos cidad\u00e3os e consequente melhoria de imagem da Gest\u00e3o P\u00fablica. Fazemos isso atrav\u00e9s de solu\u00e7\u00f5es inovadoras de neg\u00f3cios baseadas nas mais modernas tecnologias dispon\u00edveis.sua empresa.<\/p>\n","protected":false},"excerpt":{"rendered":"<p>A KNBS\u00a0se posiciona para o setor p\u00fablico como uma geradora de solu\u00e7\u00f5es para uma gest\u00e3o din\u00e2mica, controlada e audit\u00e1vel dos servi\u00e7os executados ao cidad\u00e3o, principalmente na opera\u00e7\u00e3o das diversas equipes em campo e no movimento de IoT (Internet das Coisas), na inclus\u00e3o participativa. O posicionamento KNBS \u00e9 que existe uma din\u00e2mica evolutiva para as cidades, [&hellip;]<\/p>\n","protected":false},"author":2,"featured_media":0,"parent":1941,"menu_order":0,"comment_status":"closed","ping_status":"closed","template":"produto-template.php","meta":{"footnotes":""},"class_list":["post-411","page","type-page","status-publish","hentry"],"_links":{"self":[{"href":"https:\/\/knbs.net.br\/site\/wp-json\/wp\/v2\/pages\/411","targetHints":{"allow":["GET"]}}],"collection":[{"href":"https:\/\/knbs.net.br\/site\/wp-json\/wp\/v2\/pages"}],"about":[{"href":"https:\/\/knbs.net.br\/site\/wp-json\/wp\/v2\/types\/page"}],"author":[{"embeddable":true,"href":"https:\/\/knbs.net.br\/site\/wp-json\/wp\/v2\/users\/2"}],"replies":[{"embeddable":true,"href":"https:\/\/knbs.net.br\/site\/wp-json\/wp\/v2\/comments?post=411"}],"version-history":[{"count":0,"href":"https:\/\/knbs.net.br\/site\/wp-json\/wp\/v2\/pages\/411\/revisions"}],"up":[{"embeddable":true,"href":"https:\/\/knbs.net.br\/site\/wp-json\/wp\/v2\/pages\/1941"}],"wp:attachment":[{"href":"https:\/\/knbs.net.br\/site\/wp-json\/wp\/v2\/media?parent=411"}],"curies":[{"name":"wp","href":"https:\/\/api.w.org\/{rel}","templated":true}]}}