{"id":405,"date":"2009-10-30T09:24:02","date_gmt":"2009-10-30T12:24:02","guid":{"rendered":"http:\/\/www.knbs.net.br\/?page_id=405"},"modified":"2009-10-30T09:24:02","modified_gmt":"2009-10-30T12:24:02","slug":"comunicacoes","status":"publish","type":"page","link":"https:\/\/knbs.net.br\/site\/o-que-fazemos\/segmentos\/comunicacoes\/","title":{"rendered":"Comunica\u00e7\u00f5es"},"content":{"rendered":"<p>As empresas do setor de comunica\u00e7\u00f5es permanecem em cont\u00ednua busca para reduzir custos e melhorar a efici\u00eancia operacional, ao mesmo tempo em que procuram apresentar ao mercado novos produtos e servi\u00e7os inovadores e lucrativos.<\/p>\n<p>A <strong>KNBS<\/strong> \u2013 atrav\u00e9s de um quadro de profissionais com larga viv\u00eancia e conhecimento no setor de comunica\u00e7\u00f5es \u2013 ajuda seus clientes a proteger investimentos, reduzir custos e a complexidade dos neg\u00f3cios, e a desenvolver e disponibilizar \u2013 com o correto tempo para o mercado &#8211; novos produtos e servi\u00e7os inovadores e competitivos.<\/p>\n<p>Os servi\u00e7os de consultoria da <strong>KNBS<\/strong> possibilitam aos nossos clientes:<\/p>\n<ul>\n<li>Construir e integrar solu\u00e7\u00f5es inovadoras junto a seus processos n\u00facleo<\/li>\n<li>Melhorar a efici\u00eancia operacional<\/li>\n<li>Criar solu\u00e7\u00f5es de servi\u00e7os que possibilitem a conquista de novos clientes e mercados<\/li>\n<li>Consolidar sistemas, solu\u00e7\u00f5es e outros ativos existentes enquanto moderniza sua infra-estrutura<\/li>\n<li>Identificar e criar solu\u00e7\u00f5es para reduzir o ciclo de processos chave do neg\u00f3cio, incluindo o tempo de disponibiliza\u00e7\u00e3o de novos servi\u00e7os ao mercado e o tempo de resolu\u00e7\u00e3o de problemas.<\/li>\n<\/ul>\n<p>Os servi\u00e7os da KNBS s\u00e3o pautados em expertise tecnol\u00f3gica, regulat\u00f3ria e de neg\u00f3cios e nossas solu\u00e7\u00f5es concentram-se nas \u00e1reas de:<\/p>\n<ul>\n<li>Gest\u00e3o do conhecimento<\/li>\n<li>Intelig\u00eancia de Neg\u00f3cios<\/li>\n<li>Datamining (Minera\u00e7\u00e3o de dados)<\/li>\n<li>PLC \u2013 Power Line Communications (BPL \u2013 BroadBand Power Line)<\/li>\n<li>Smart Grid e comunica\u00e7\u00e3o no ambiente de medi\u00e7\u00e3o inteligente<\/li>\n<li>Planejamento e projeto de redes<\/li>\n<li>Planejamento e projeto de novos servi\u00e7os<\/li>\n<li>Geoprocessamento<\/li>\n<\/ul>\n<p><a onclick=\"javascript:pageTracker._trackPageview('\/outgoing\/www.knbs.net.br\/fale-conosco\/');\"  href=\"http:\/\/www.knbs.net.br\/fale-conosco\/\">Agende uma visita<\/a> e nos deixe esclarecer como podemos agregar valor aos neg\u00f3cios de sua empresa.<\/p>\n","protected":false},"excerpt":{"rendered":"<p>As empresas do setor de comunica\u00e7\u00f5es permanecem em cont\u00ednua busca para reduzir custos e melhorar a efici\u00eancia operacional, ao mesmo tempo em que procuram apresentar ao mercado novos produtos e servi\u00e7os inovadores e lucrativos. A KNBS \u2013 atrav\u00e9s de um quadro de profissionais com larga viv\u00eancia e conhecimento no setor de comunica\u00e7\u00f5es \u2013 ajuda seus [&hellip;]<\/p>\n","protected":false},"author":1,"featured_media":0,"parent":1941,"menu_order":1,"comment_status":"closed","ping_status":"closed","template":"produto-template.php","meta":{"footnotes":""},"class_list":["post-405","page","type-page","status-publish","hentry"],"_links":{"self":[{"href":"https:\/\/knbs.net.br\/site\/wp-json\/wp\/v2\/pages\/405","targetHints":{"allow":["GET"]}}],"collection":[{"href":"https:\/\/knbs.net.br\/site\/wp-json\/wp\/v2\/pages"}],"about":[{"href":"https:\/\/knbs.net.br\/site\/wp-json\/wp\/v2\/types\/page"}],"author":[{"embeddable":true,"href":"https:\/\/knbs.net.br\/site\/wp-json\/wp\/v2\/users\/1"}],"replies":[{"embeddable":true,"href":"https:\/\/knbs.net.br\/site\/wp-json\/wp\/v2\/comments?post=405"}],"version-history":[{"count":0,"href":"https:\/\/knbs.net.br\/site\/wp-json\/wp\/v2\/pages\/405\/revisions"}],"up":[{"embeddable":true,"href":"https:\/\/knbs.net.br\/site\/wp-json\/wp\/v2\/pages\/1941"}],"wp:attachment":[{"href":"https:\/\/knbs.net.br\/site\/wp-json\/wp\/v2\/media?parent=405"}],"curies":[{"name":"wp","href":"https:\/\/api.w.org\/{rel}","templated":true}]}}