{"id":399,"date":"2009-10-30T09:18:53","date_gmt":"2009-10-30T12:18:53","guid":{"rendered":"http:\/\/www.knbs.net.br\/?page_id=399"},"modified":"2009-10-30T09:18:53","modified_gmt":"2009-10-30T12:18:53","slug":"energia-eletrica","status":"publish","type":"page","link":"https:\/\/knbs.net.br\/site\/o-que-fazemos\/segmentos\/energia-eletrica\/","title":{"rendered":"Energia El\u00e9trica"},"content":{"rendered":"<p>A <strong>KNBS<\/strong> colabora com empresas de distribui\u00e7\u00e3o de energia el\u00e9trica em diferentes frentes, ajudando-as a vencer esses desafios e encontrar solu\u00e7\u00f5es inovadoras para suas quest\u00f5es de neg\u00f3cios.<\/p>\n<p>Com foco nesse segmento de neg\u00f3cios, a KNBS participou e participa de projetos de P&amp;D nos moldes da ANEEL, criando, desenvolvendo e entregando solu\u00e7\u00f5es em diversas \u00e1reas de neg\u00f3cios: medi\u00e7\u00e3o inteligente, perdas n\u00e3o t\u00e9cnicas (ou perdas comerciais), efici\u00eancia energ\u00e9tica, planejamento de novos neg\u00f3cios e solu\u00e7\u00f5es envolvendo clientes e opera\u00e7\u00e3o eficiente, gest\u00e3o de redes de telecomunica\u00e7\u00f5es e de energia el\u00e9trica, consolida\u00e7\u00e3o de cadastros, gest\u00e3o s\u00f3cio-ambiental, smart grid e outras.<\/p>\n<p>As solu\u00e7\u00f5es desenvolvidas pela <strong>KNBS<\/strong> junto aos programas de P&amp;D ANEEL, FINEP e FAPESP transformam-se em produtos confi\u00e1veis e que oferecem retorno positivo aos neg\u00f3cios das concession\u00e1rias de distribui\u00e7\u00e3o de energia el\u00e9trica.<\/p>\n<p>Voc\u00ea pode conhecer alguns exemplos de nossos projetos de P&amp;D e dos produtos resultantes desses projetos,\u00a0que j\u00e1 se transformaram em produtos e servi\u00e7os efetivamente implantados no mercado:<\/p>\n<ul>\n<li><a onclick=\"javascript:pageTracker._trackPageview('\/outgoing\/www.knbs.net.br\/ped-pesquisa-e-desenvolvimento\/pesquisa-e-desenvolvimento-em-gestao-de-perdas-e-qualificacao-do-perfil-do-cliente\/');\"  href=\"http:\/\/www.knbs.net.br\/ped-pesquisa-e-desenvolvimento\/pesquisa-e-desenvolvimento-em-gestao-de-perdas-e-qualificacao-do-perfil-do-cliente\/\" target=\"_blank\" rel=\"noopener\">Gest\u00e3o de Perdas e Qualifica\u00e7\u00e3o do Perfil do Cliente<\/a><\/li>\n<li><a onclick=\"javascript:pageTracker._trackPageview('\/outgoing\/www.knbs.net.br\/ped-pesquisa-e-desenvolvimento\/gestao-da-medicao-qualidade-da-energia-e-smart-grid\/');\"  href=\"http:\/\/www.knbs.net.br\/ped-pesquisa-e-desenvolvimento\/gestao-da-medicao-qualidade-da-energia-e-smart-grid\/\" target=\"_blank\" rel=\"noopener\">Gest\u00e3o da Medi\u00e7\u00e3o, Faturamento, Qualidade da Energia e Smart Grid<\/a><\/li>\n<li><a onclick=\"javascript:pageTracker._trackPageview('\/outgoing\/www.knbs.net.br\/ped-pesquisa-e-desenvolvimento\/desenvolvimentos-sociais-e-do-relacionamento-com-o-cliente\/');\"  href=\"http:\/\/www.knbs.net.br\/ped-pesquisa-e-desenvolvimento\/desenvolvimentos-sociais-e-do-relacionamento-com-o-cliente\/\" target=\"_blank\" rel=\"noopener\">Desenvolvimentos Sociais e de Relacionamento com o Cliente<\/a><\/li>\n<\/ul>\n<p>Sua empresa tamb\u00e9m pode se beneficiar de nossas capacidades para apoi\u00e1-la\u00a0<a onclick=\"javascript:pageTracker._trackPageview('\/outgoing\/www.knbs.net.br\/fale-conosco\/');\"  href=\"http:\/\/www.knbs.net.br\/fale-conosco\/\">no cumprimento das regras regulat\u00f3rias e na cria\u00e7\u00e3o de novos e inovadores produtos resultantes de P&amp;D.<\/a><\/p>\n<p>Voc\u00ea pode conhecer outros exemplos de nossos projetos de P&amp;D e dos produtos resultantes desses projetos navegando pelas p\u00e1ginas de produtos e solu\u00e7\u00f5es atrav\u00e9s do menu principal deste site, conhecendo alguns de nossos <a onclick=\"javascript:pageTracker._trackPageview('\/outgoing\/www.knbs.net.br\/a-knbs\/casos-de-sucesso\/');\"  href=\"http:\/\/www.knbs.net.br\/a-knbs\/casos-de-sucesso\/\">casos de sucesso<\/a> ou entrando em <a onclick=\"javascript:pageTracker._trackPageview('\/outgoing\/www.knbs.net.br\/fale-conosco\/');\"  href=\"http:\/\/www.knbs.net.br\/fale-conosco\/\">contato direto conosco.<\/a><\/p>\n","protected":false},"excerpt":{"rendered":"<p>A KNBS colabora com empresas de distribui\u00e7\u00e3o de energia el\u00e9trica em diferentes frentes, ajudando-as a vencer esses desafios e encontrar solu\u00e7\u00f5es inovadoras para suas quest\u00f5es de neg\u00f3cios. Com foco nesse segmento de neg\u00f3cios, a KNBS participou e participa de projetos de P&amp;D nos moldes da ANEEL, criando, desenvolvendo e entregando solu\u00e7\u00f5es em diversas \u00e1reas de [&hellip;]<\/p>\n","protected":false},"author":1,"featured_media":0,"parent":1941,"menu_order":2,"comment_status":"closed","ping_status":"closed","template":"produto-template.php","meta":{"footnotes":""},"class_list":["post-399","page","type-page","status-publish","hentry"],"_links":{"self":[{"href":"https:\/\/knbs.net.br\/site\/wp-json\/wp\/v2\/pages\/399","targetHints":{"allow":["GET"]}}],"collection":[{"href":"https:\/\/knbs.net.br\/site\/wp-json\/wp\/v2\/pages"}],"about":[{"href":"https:\/\/knbs.net.br\/site\/wp-json\/wp\/v2\/types\/page"}],"author":[{"embeddable":true,"href":"https:\/\/knbs.net.br\/site\/wp-json\/wp\/v2\/users\/1"}],"replies":[{"embeddable":true,"href":"https:\/\/knbs.net.br\/site\/wp-json\/wp\/v2\/comments?post=399"}],"version-history":[{"count":0,"href":"https:\/\/knbs.net.br\/site\/wp-json\/wp\/v2\/pages\/399\/revisions"}],"up":[{"embeddable":true,"href":"https:\/\/knbs.net.br\/site\/wp-json\/wp\/v2\/pages\/1941"}],"wp:attachment":[{"href":"https:\/\/knbs.net.br\/site\/wp-json\/wp\/v2\/media?parent=399"}],"curies":[{"name":"wp","href":"https:\/\/api.w.org\/{rel}","templated":true}]}}