{"id":387,"date":"2009-10-30T09:09:43","date_gmt":"2009-10-30T12:09:43","guid":{"rendered":"http:\/\/www.knbs.net.br\/?page_id=387"},"modified":"2009-10-30T09:09:43","modified_gmt":"2009-10-30T12:09:43","slug":"gestao-do-conhecimento","status":"publish","type":"page","link":"https:\/\/knbs.net.br\/site\/o-que-fazemos\/gestao-do-conhecimento\/","title":{"rendered":"Gest\u00e3o do Conhecimento"},"content":{"rendered":"<p><strong>A\u00a0Gest\u00e3o do Conhecimento<\/strong> contribui para a solu\u00e7\u00e3o de problemas de neg\u00f3cios, para o aprendizado e desenvolvimento din\u00e2micos e para a realiza\u00e7\u00e3o bem sucedida dos processos de planejamento estrat\u00e9gico e de tomadas de decis\u00e3o.<\/p>\n<p>Para a cria\u00e7\u00e3o de produtos e servi\u00e7os, que ser\u00e3o vendidos ou utilizados na mudan\u00e7a de processos internos a empresa, a <strong>KNBS<\/strong> segue uma metodologia adequada de verifica\u00e7\u00e3o de necessidades e de resultados, para o mercado ou para os clientes internos. \u00a0Esta metodologia pode ser entendida como:<\/p>\n<p style=\"text-align: center;\"><a onclick=\"javascript:pageTracker._trackPageview('\/outgoing\/www.knbs.net.br\/o-que-fazemos\/por-linha-de-atuacao\/gestao-do-conhecimento\/');\"  href=\"http:\/\/www.knbs.net.br\/o-que-fazemos\/por-linha-de-atuacao\/gestao-do-conhecimento\/\"><img loading=\"lazy\" decoding=\"async\" class=\"aligncenter size-full wp-image-1929\" style=\"border: 0px;\" title=\"produtos-conhecimento2\" src=\"http:\/\/www.knbs.net.br\/site\/wp-content\/uploads\/2009\/10\/produtos-conhecimento2.jpg\" alt=\"produtos-conhecimento2\" width=\"576\" height=\"432\" \/><\/a><\/p>\n<p>A <strong>Gest\u00e3o do Conhecimento<\/strong> \u00e9 tamb\u00e9m fundamental para a preserva\u00e7\u00e3o de ativos intelectuais, adicionando intelig\u00eancia e flexibilidade aos processos empresariais.<\/p>\n<h3>Na <strong>KNBS <\/strong>n\u00f3s criamos, desenvolvemos e operamos <strong>solu\u00e7\u00f5es inovadoras<\/strong> para a <strong>Gest\u00e3o do Conhecimento<\/strong>.<\/h3>\n<p>Temos como foco a <strong>solu\u00e7\u00e3o de problemas de neg\u00f3cios<\/strong> ligados diretamente a <strong>relacionamentos<\/strong>.<\/p>\n<p>Esses relacionamentos podem ser internos (entre equipes ou departamentos das empresas) ou externos.<\/p>\n<p>Atuamos principalmente no apoio \u00e0 cria\u00e7\u00e3o, desenvolvimento e fortalecimento de <strong>relacionamentos externos \u00e0 empresa<\/strong>, com <strong>prospectos, clientes, fornecedores, comunidade pr\u00f3xima e at\u00e9 mesmo com toda a sociedade<\/strong>.<\/p>\n<p>Nossas solu\u00e7\u00f5es s\u00e3o baseadas no que h\u00e1 de mais moderno em termos de tecnologia da informa\u00e7\u00e3o e de telecomunica\u00e7\u00f5es.<\/p>\n<p>Respondemos \u00e0s quest\u00f5es de neg\u00f3cios de nossos clientes com solu\u00e7\u00f5es inteligentes, criativas e inovadoras e possibilitamos aquisi\u00e7\u00e3o, acesso e controle do conhecimento empresarial que gera crescimento nos neg\u00f3cios.<\/p>\n<p><a onclick=\"javascript:pageTracker._trackPageview('\/outgoing\/www.knbs.net.br\/fale-conosco\/');\"  href=\"http:\/\/www.knbs.net.br\/fale-conosco\/\"><span style=\"color: #000080;\">Fale\u00a0conosco<\/span><\/a> para saber mais sobre como podemos auxiliar a resolver as quest\u00f5es de neg\u00f3cios existentes em sua empresa.<\/p>\n","protected":false},"excerpt":{"rendered":"<p>A\u00a0Gest\u00e3o do Conhecimento contribui para a solu\u00e7\u00e3o de problemas de neg\u00f3cios, para o aprendizado e desenvolvimento din\u00e2micos e para a realiza\u00e7\u00e3o bem sucedida dos processos de planejamento estrat\u00e9gico e de tomadas de decis\u00e3o. Para a cria\u00e7\u00e3o de produtos e servi\u00e7os, que ser\u00e3o vendidos ou utilizados na mudan\u00e7a de processos internos a empresa, a KNBS segue [&hellip;]<\/p>\n","protected":false},"author":1,"featured_media":0,"parent":195,"menu_order":0,"comment_status":"closed","ping_status":"closed","template":"produto-template.php","meta":{"footnotes":""},"class_list":["post-387","page","type-page","status-publish","hentry"],"_links":{"self":[{"href":"https:\/\/knbs.net.br\/site\/wp-json\/wp\/v2\/pages\/387","targetHints":{"allow":["GET"]}}],"collection":[{"href":"https:\/\/knbs.net.br\/site\/wp-json\/wp\/v2\/pages"}],"about":[{"href":"https:\/\/knbs.net.br\/site\/wp-json\/wp\/v2\/types\/page"}],"author":[{"embeddable":true,"href":"https:\/\/knbs.net.br\/site\/wp-json\/wp\/v2\/users\/1"}],"replies":[{"embeddable":true,"href":"https:\/\/knbs.net.br\/site\/wp-json\/wp\/v2\/comments?post=387"}],"version-history":[{"count":0,"href":"https:\/\/knbs.net.br\/site\/wp-json\/wp\/v2\/pages\/387\/revisions"}],"up":[{"embeddable":true,"href":"https:\/\/knbs.net.br\/site\/wp-json\/wp\/v2\/pages\/195"}],"wp:attachment":[{"href":"https:\/\/knbs.net.br\/site\/wp-json\/wp\/v2\/media?parent=387"}],"curies":[{"name":"wp","href":"https:\/\/api.w.org\/{rel}","templated":true}]}}