{"id":382,"date":"2009-10-30T09:00:45","date_gmt":"2009-10-30T12:00:45","guid":{"rendered":"http:\/\/www.knbs.net.br\/?page_id=382"},"modified":"2009-10-30T09:00:45","modified_gmt":"2009-10-30T12:00:45","slug":"consultoria","status":"publish","type":"page","link":"https:\/\/knbs.net.br\/site\/consultoria\/","title":{"rendered":"Consultoria"},"content":{"rendered":"<p>Nossos servi\u00e7os de consultoria estrat\u00e9gica e suporte a opera\u00e7\u00f5es resultam em benef\u00edcios significativos e sustent\u00e1veis ao longo do ciclo completo de neg\u00f3cios e de gest\u00e3o. Cobrimos todo o \u00e2mbito desses ciclos abrangendo desde \u00e1reas t\u00e9cnicas at\u00e9 quest\u00f5es regulat\u00f3rias e intelig\u00eancia de neg\u00f3cios.<\/p>\n<p>Trabalhamos com nossos clientes em alguns de seus mais desafiantes problemas, apoiando-os desde a fase conceitual, passando pela implementa\u00e7\u00e3o at\u00e9 a revis\u00e3o operacional de desempenho.<\/p>\n<p>Nosso portf\u00f3lio de servi\u00e7os de consultoria abrange:<\/p>\n<p><strong>Consultoria Estrat\u00e9gica:<\/strong><\/p>\n<ul>\n<li>Estrat\u00e9gia de Mercado<\/li>\n<li>Plano de Neg\u00f3cios<\/li>\n<li>Estrat\u00e9gia T\u00e9cnica<\/li>\n<li>Regulamenta\u00e7\u00e3o<\/li>\n<\/ul>\n<p><strong>Planejamento e Projeto:<\/strong><\/p>\n<ul>\n<li>Planejamento de Rede<\/li>\n<li>Projeto de Rede<\/li>\n<li>Projeto da Estrutura Operacional<\/li>\n<li>Plano de continuidade e recupera\u00e7\u00e3o de desastres<\/li>\n<li>Novas Tecnologias e assessoria tecnol\u00f3gica<\/li>\n<li>Especifica\u00e7\u00e3o de solu\u00e7\u00f5es para abertura de editais<\/li>\n<\/ul>\n<p><strong>Implementa\u00e7\u00e3o e Opera\u00e7\u00e3o:<\/strong><\/p>\n<ul>\n<li>Gerenciamento de Redes<\/li>\n<li>Integra\u00e7\u00e3o de Sistemas<\/li>\n<li>Sistemas de informa\u00e7\u00e3o<\/li>\n<li>Desenvolvimento de Produtos<\/li>\n<li>Treinamentos t\u00e9cnicos<\/li>\n<\/ul>\n<p><strong>Revis\u00e3o<\/strong><\/p>\n<ul>\n<li>Revis\u00e3o de desempenho operacional<\/li>\n<li>Levantamento e Avalia\u00e7\u00e3o de Perdas comerciais<\/li>\n<\/ul>\n<p><img loading=\"lazy\" decoding=\"async\" class=\"aligncenter wp-image-2717 size-full\" title=\"Businesspeople\" src=\"http:\/\/www.knbs.net.br\/site\/wp-content\/uploads\/2009\/10\/contato.jpg\" width=\"348\" height=\"372\" \/><\/p>\n<p>Solu\u00e7\u00f5es de consultoria para melhorar os resultados comerciais e operacionais da sua empresa ou gest\u00e3o <a onclick=\"javascript:pageTracker._trackPageview('\/outgoing\/www.knbs.net.br\/fale-conosco\/');\"  href=\"http:\/\/www.knbs.net.br\/fale-conosco\/\">ao seu alcance<\/a>. Algumas proposi\u00e7\u00f5es espec\u00edficas podem ser agregadoras e com resultados imediatos para segmentos espec\u00edficos como para a <a onclick=\"javascript:pageTracker._trackPageview('\/outgoing\/www.knbs.net.br\/o-que-fazemos\/segmentos\/administracao-publica\/');\"  href=\"http:\/\/www.knbs.net.br\/o-que-fazemos\/segmentos\/administracao-publica\/\">Administra\u00e7\u00e3o P\u00fablica<\/a>, <a onclick=\"javascript:pageTracker._trackPageview('\/outgoing\/www.knbs.net.br\/o-que-fazemos\/segmentos\/energia-eletrica\/');\"  href=\"http:\/\/www.knbs.net.br\/o-que-fazemos\/segmentos\/energia-eletrica\/\">Setor de Energia<\/a> e <a onclick=\"javascript:pageTracker._trackPageview('\/outgoing\/www.knbs.net.br\/o-que-fazemos\/segmentos\/comunicacoes\/');\"  href=\"http:\/\/www.knbs.net.br\/o-que-fazemos\/segmentos\/comunicacoes\/\">Setor de Telecomunica\u00e7\u00f5es<\/a>.<\/p>\n","protected":false},"excerpt":{"rendered":"<p>Nossos servi\u00e7os de consultoria estrat\u00e9gica e suporte a opera\u00e7\u00f5es resultam em benef\u00edcios significativos e sustent\u00e1veis ao longo do ciclo completo de neg\u00f3cios e de gest\u00e3o. Cobrimos todo o \u00e2mbito desses ciclos abrangendo desde \u00e1reas t\u00e9cnicas at\u00e9 quest\u00f5es regulat\u00f3rias e intelig\u00eancia de neg\u00f3cios. Trabalhamos com nossos clientes em alguns de seus mais desafiantes problemas, apoiando-os desde [&hellip;]<\/p>\n","protected":false},"author":2,"featured_media":0,"parent":0,"menu_order":0,"comment_status":"closed","ping_status":"closed","template":"produto-template.php","meta":{"footnotes":""},"class_list":["post-382","page","type-page","status-publish","hentry"],"_links":{"self":[{"href":"https:\/\/knbs.net.br\/site\/wp-json\/wp\/v2\/pages\/382","targetHints":{"allow":["GET"]}}],"collection":[{"href":"https:\/\/knbs.net.br\/site\/wp-json\/wp\/v2\/pages"}],"about":[{"href":"https:\/\/knbs.net.br\/site\/wp-json\/wp\/v2\/types\/page"}],"author":[{"embeddable":true,"href":"https:\/\/knbs.net.br\/site\/wp-json\/wp\/v2\/users\/2"}],"replies":[{"embeddable":true,"href":"https:\/\/knbs.net.br\/site\/wp-json\/wp\/v2\/comments?post=382"}],"version-history":[{"count":0,"href":"https:\/\/knbs.net.br\/site\/wp-json\/wp\/v2\/pages\/382\/revisions"}],"wp:attachment":[{"href":"https:\/\/knbs.net.br\/site\/wp-json\/wp\/v2\/media?parent=382"}],"curies":[{"name":"wp","href":"https:\/\/api.w.org\/{rel}","templated":true}]}}