{"id":376,"date":"2009-10-30T08:55:15","date_gmt":"2009-10-30T11:55:15","guid":{"rendered":"http:\/\/www.knbs.net.br\/?page_id=376"},"modified":"2009-10-30T08:55:15","modified_gmt":"2009-10-30T11:55:15","slug":"ped-pesquisa-e-desenvolvimento","status":"publish","type":"page","link":"https:\/\/knbs.net.br\/site\/ped-pesquisa-e-desenvolvimento\/","title":{"rendered":"P&#038;D&#038;I \u2013 Pesquisa, Desenvolvimento e Inova\u00e7\u00e3o"},"content":{"rendered":"<p>Participamos tamb\u00e9m de projetos junto a outras institui\u00e7\u00f5es fomentadoras de inova\u00e7\u00e3o tais como FAPESP e FINEP e atuamos em parceria com Institutos de Pesquisa, Funda\u00e7\u00f5es com foco em inova\u00e7\u00e3o tecnol\u00f3gica e Universidades.<\/p>\n<p>No atendimento a empresas distribuidoras de energia el\u00e9trica nossas \u00e1reas de atua\u00e7\u00e3o abrangem, entre outras:<\/p>\n<ul>\n<li>Efici\u00eancia energ\u00e9tica<\/li>\n<li>Medi\u00e7\u00e3o inteligente<\/li>\n<li>Perdas n\u00e3o t\u00e9cnicas (antes chamadas de perdas comerciais)<\/li>\n<li>Planejamento de novos servi\u00e7os sobre a rede (solu\u00e7\u00f5es PLC ou BPL)<\/li>\n<\/ul>\n<p><img loading=\"lazy\" decoding=\"async\" class=\"wp-image-2909 alignleft\" style=\"border: 0px;\" title=\"ideias de um mundo melhor\" src=\"http:\/\/www.knbs.net.br\/site\/wp-content\/uploads\/2009\/10\/boas-ideias.jpg\" width=\"264\" height=\"328\" \/>Para resolver as quest\u00f5es de neg\u00f3cios associadas a essas \u00e1reas e tamb\u00e9m a outros setores de neg\u00f3cios utilizamos nosso profundo conhecimento e ampla experi\u00eancia na cria\u00e7\u00e3o, desenvolvimento e implanta\u00e7\u00e3o de solu\u00e7\u00f5es baseadas em:<\/p>\n<ul>\n<li>Knowledge Management (Gest\u00e3o do Conhecimento)<\/li>\n<li>Data Mining (Minera\u00e7\u00e3o de Dados)<\/li>\n<li>Businesse Intelligence (Intelig\u00eancia de Neg\u00f3cios)<\/li>\n<li>GeoProcessing (Processamento Georreferenciado)<\/li>\n<li>Power Line Communications (Comunica\u00e7\u00f5es Sobre Redes de Energia)<\/li>\n<\/ul>\n<p>Nosso compromisso permanente \u00e9 entregar solu\u00e7\u00f5es dedicadas \u00e0s necessidades de cada cliente e nossa \u00e1rea de P&amp;D atua em conjunto com cada um deles observando ao mesmo tempo os avan\u00e7os tecnol\u00f3gicos e os movimentos de mercado, de forma que os produtos e servi\u00e7os resultantes dos projetos de P&amp;D representem uma nova e promissora fonte de neg\u00f3cios para as empresas participantes.<\/p>\n<p>Conhe\u00e7a casos de sucesso de P&amp;D da KNBS que j\u00e1 se transformaram em produtos e servi\u00e7os efetivamente implantados no mercado:<\/p>\n<ul>\n<li><a onclick=\"javascript:pageTracker._trackPageview('\/outgoing\/www.knbs.net.br\/ped-pesquisa-e-desenvolvimento\/pesquisa-e-desenvolvimento-em-gestao-de-perdas-e-qualificacao-do-perfil-do-cliente\/');\"  href=\"http:\/\/www.knbs.net.br\/ped-pesquisa-e-desenvolvimento\/pesquisa-e-desenvolvimento-em-gestao-de-perdas-e-qualificacao-do-perfil-do-cliente\/\">Gest\u00e3o de Perdas e Qualifica\u00e7\u00e3o do Perfil do Cliente<\/a><\/li>\n<li><a onclick=\"javascript:pageTracker._trackPageview('\/outgoing\/www.knbs.net.br\/ped-pesquisa-e-desenvolvimento\/gestao-da-medicao-qualidade-da-energia-e-smart-grid\/');\"  href=\"http:\/\/www.knbs.net.br\/ped-pesquisa-e-desenvolvimento\/gestao-da-medicao-qualidade-da-energia-e-smart-grid\/\">Gest\u00e3o da Medi\u00e7\u00e3o, Faturamento, Qualidade da Energia e Smart Grid<\/a><\/li>\n<li><a onclick=\"javascript:pageTracker._trackPageview('\/outgoing\/www.knbs.net.br\/ped-pesquisa-e-desenvolvimento\/desenvolvimentos-sociais-e-do-relacionamento-com-o-cliente\/');\"  href=\"http:\/\/www.knbs.net.br\/ped-pesquisa-e-desenvolvimento\/desenvolvimentos-sociais-e-do-relacionamento-com-o-cliente\/\">Desenvolvimentos Sociais e de Relacionamento com o Cliente<\/a><\/li>\n<\/ul>\n<p>Sua empresa tamb\u00e9m pode se beneficiar de nossas capacidades para apoi\u00e1-la <a onclick=\"javascript:pageTracker._trackPageview('\/outgoing\/www.knbs.net.br\/fale-conosco\/');\"  href=\"http:\/\/www.knbs.net.br\/fale-conosco\/\">no cumprimento das regras regulat\u00f3rias e na cria\u00e7\u00e3o de novos e inovadores produtos resultantes de P&amp;D.<\/a><\/p>\n","protected":false},"excerpt":{"rendered":"<p>Participamos tamb\u00e9m de projetos junto a outras institui\u00e7\u00f5es fomentadoras de inova\u00e7\u00e3o tais como FAPESP e FINEP e atuamos em parceria com Institutos de Pesquisa, Funda\u00e7\u00f5es com foco em inova\u00e7\u00e3o tecnol\u00f3gica e Universidades. No atendimento a empresas distribuidoras de energia el\u00e9trica nossas \u00e1reas de atua\u00e7\u00e3o abrangem, entre outras: Efici\u00eancia energ\u00e9tica Medi\u00e7\u00e3o inteligente Perdas n\u00e3o t\u00e9cnicas (antes [&hellip;]<\/p>\n","protected":false},"author":1,"featured_media":0,"parent":0,"menu_order":2,"comment_status":"closed","ping_status":"closed","template":"produto-template.php","meta":{"footnotes":""},"class_list":["post-376","page","type-page","status-publish","hentry"],"_links":{"self":[{"href":"https:\/\/knbs.net.br\/site\/wp-json\/wp\/v2\/pages\/376","targetHints":{"allow":["GET"]}}],"collection":[{"href":"https:\/\/knbs.net.br\/site\/wp-json\/wp\/v2\/pages"}],"about":[{"href":"https:\/\/knbs.net.br\/site\/wp-json\/wp\/v2\/types\/page"}],"author":[{"embeddable":true,"href":"https:\/\/knbs.net.br\/site\/wp-json\/wp\/v2\/users\/1"}],"replies":[{"embeddable":true,"href":"https:\/\/knbs.net.br\/site\/wp-json\/wp\/v2\/comments?post=376"}],"version-history":[{"count":0,"href":"https:\/\/knbs.net.br\/site\/wp-json\/wp\/v2\/pages\/376\/revisions"}],"wp:attachment":[{"href":"https:\/\/knbs.net.br\/site\/wp-json\/wp\/v2\/media?parent=376"}],"curies":[{"name":"wp","href":"https:\/\/api.w.org\/{rel}","templated":true}]}}