{"id":351,"date":"2009-10-29T16:17:33","date_gmt":"2009-10-29T19:17:33","guid":{"rendered":"http:\/\/www.knbs.net.br\/?page_id=351"},"modified":"2009-10-29T16:17:33","modified_gmt":"2009-10-29T19:17:33","slug":"siscad","status":"publish","type":"page","link":"https:\/\/knbs.net.br\/site\/o-que-fazemos\/siscad\/","title":{"rendered":"SisCad"},"content":{"rendered":"<p style=\"text-align: center;\"><img loading=\"lazy\" decoding=\"async\" class=\"size-full wp-image-355 aligncenter\" title=\"siscad\" src=\"http:\/\/www.knbs.net.br\/site\/wp-content\/uploads\/2009\/10\/siscad.png\" alt=\"siscad\" width=\"435\" height=\"212\" \/><\/p>\n<p style=\"text-align: left;\">O processo de consist\u00eancia da base visa proporcionar garantia, exatid\u00e3o e seguran\u00e7a das informa\u00e7\u00f5es cadastrais e consequente fidelidade e coer\u00eancia no faturamento ou outro processo produtivo, influenciando a opera\u00e7\u00e3o e dinamismo da an\u00e1lise de dados. \u00a0A aplica\u00e7\u00e3o de processos de<strong> Business Intelligence (BI)<\/strong> ou a caracteriza\u00e7\u00e3o anal\u00edtico-preditiva necessitar\u00e1 de dados qualificados, o que a <strong>KNBS<\/strong> busca prover.<\/p>\n<p style=\"text-align: left;\">Com servi\u00e7o abrange as seguintes etapas:<\/p>\n<ul>\n<li>Qualifica\u00e7\u00e3o da Base de Dados;<\/li>\n<li>Limpeza cadastral via<strong> SisCad<\/strong>;<\/li>\n<li>An\u00e1lise humana dos dados sob questionamento;<\/li>\n<li>Execu\u00e7\u00e3o do processo de tombamento da base;<\/li>\n<li>Execu\u00e7\u00e3o cont\u00ednua da manuten\u00e7\u00e3o de consist\u00eancia.<\/li>\n<\/ul>\n<p>A oferta da <strong>KNBS<\/strong> \u00e9 flex\u00edvel e compat\u00edvel com as necessidades do cliente, podendo abranger todos os passos do processo ou apenas partes que representem atendimento a uma necessidade espec\u00edfica e pontual, tal como o licenciamento do sistema que suporte a limpeza cadastral.<\/p>\n<p>A aplica\u00e7\u00e3o no setor de energia pode ser verifica no <a onclick=\"javascript:pageTracker._trackPageview('\/outgoing\/www.knbs.net.br\/site\/wp-content\/uploads\/2009\/10\/Limpezacadastral_revfroes2.pdf');\"  href=\"http:\/\/www.knbs.net.br\/site\/wp-content\/uploads\/2009\/10\/Limpezacadastral_revfroes2.pdf\" target=\"_blank\" rel=\"noopener\">case da empresa de energia de Rond\u00f4nia.<\/a><\/p>\n<p><a onclick=\"javascript:pageTracker._trackPageview('\/outgoing\/www.knbs.net.br\/fale-conosco\/');\"  href=\"http:\/\/www.knbs.net.br\/fale-conosco\/\">Saiba mais sobre essa e outras solu\u00e7\u00f5es KNBS que visam a melhoria de resultados de sua empresa.<\/a><\/p>\n","protected":false},"excerpt":{"rendered":"<p>O processo de consist\u00eancia da base visa proporcionar garantia, exatid\u00e3o e seguran\u00e7a das informa\u00e7\u00f5es cadastrais e consequente fidelidade e coer\u00eancia no faturamento ou outro processo produtivo, influenciando a opera\u00e7\u00e3o e dinamismo da an\u00e1lise de dados. \u00a0A aplica\u00e7\u00e3o de processos de Business Intelligence (BI) ou a caracteriza\u00e7\u00e3o anal\u00edtico-preditiva necessitar\u00e1 de dados qualificados, o que a KNBS [&hellip;]<\/p>\n","protected":false},"author":2,"featured_media":0,"parent":195,"menu_order":7,"comment_status":"open","ping_status":"closed","template":"produto-template.php","meta":{"footnotes":""},"class_list":["post-351","page","type-page","status-publish","hentry"],"_links":{"self":[{"href":"https:\/\/knbs.net.br\/site\/wp-json\/wp\/v2\/pages\/351","targetHints":{"allow":["GET"]}}],"collection":[{"href":"https:\/\/knbs.net.br\/site\/wp-json\/wp\/v2\/pages"}],"about":[{"href":"https:\/\/knbs.net.br\/site\/wp-json\/wp\/v2\/types\/page"}],"author":[{"embeddable":true,"href":"https:\/\/knbs.net.br\/site\/wp-json\/wp\/v2\/users\/2"}],"replies":[{"embeddable":true,"href":"https:\/\/knbs.net.br\/site\/wp-json\/wp\/v2\/comments?post=351"}],"version-history":[{"count":0,"href":"https:\/\/knbs.net.br\/site\/wp-json\/wp\/v2\/pages\/351\/revisions"}],"up":[{"embeddable":true,"href":"https:\/\/knbs.net.br\/site\/wp-json\/wp\/v2\/pages\/195"}],"wp:attachment":[{"href":"https:\/\/knbs.net.br\/site\/wp-json\/wp\/v2\/media?parent=351"}],"curies":[{"name":"wp","href":"https:\/\/api.w.org\/{rel}","templated":true}]}}