{"id":343,"date":"2009-10-29T16:03:32","date_gmt":"2009-10-29T19:03:32","guid":{"rendered":"http:\/\/www.knbs.net.br\/?p=343"},"modified":"2009-10-29T16:03:32","modified_gmt":"2009-10-29T19:03:32","slug":"suite-de-arborizacao","status":"publish","type":"page","link":"https:\/\/knbs.net.br\/site\/o-que-fazemos\/suite-de-arborizacao\/","title":{"rendered":"Su\u00edte de Arboriza\u00e7\u00e3o"},"content":{"rendered":"<p>A Su\u00edte de Arboriza\u00e7\u00e3o da KNBS \u00e9 um sistema de Gest\u00e3o e Manejo da Arboriza\u00e7\u00e3o, por meio da constru\u00e7\u00e3o pr\u00e9via de um cadastro georreferenciado das \u00e1rvores ao longo das vias urbanas.<\/p>\n<p>Para a constru\u00e7\u00e3o do cadastro (datawarehouse) s\u00e3o levantados atributos que qualificam o estado fitossanit\u00e1rio de cada \u00e1rvore, determinando-se tamb\u00e9m o seu poss\u00edvel grau de interfer\u00eancia na rede.<\/p>\n<p>Essas informa\u00e7\u00f5es podem ser utilizadas pela concession\u00e1ria de distribui\u00e7\u00e3o de energia ou pela administra\u00e7\u00e3o p\u00fablica para o planejamento de a\u00e7\u00f5es preventivas com rela\u00e7\u00e3o \u00e0 poda ou mesmo \u00e0 remo\u00e7\u00e3o de determinados elementos arb\u00f3reos, minimizando desta forma as interfer\u00eancias causadas sobre as redes el\u00e9tricas e contribuindo com a qualidade da arboriza\u00e7\u00e3o dos munic\u00edpios.<\/p>\n<p>Trata-se de uma solu\u00e7\u00e3o que permite a populariza\u00e7\u00e3o da educa\u00e7\u00e3o ambiental e que viabiliza a\u00e7\u00f5es participativo-inclusivas. A popula\u00e7\u00e3o pode participar dessa gest\u00e3o e com certeza o faz com prazer, \u00e0 medida que sente que uma melhor arboriza\u00e7\u00e3o contribui para maior conforto no espa\u00e7o urbano e at\u00e9 mesmo para redu\u00e7\u00e3o de seu consumo de energia, tendo em vista que cidades mais arborizadas apresentam um clima mais agrad\u00e1vel reduzindo a necessidade de uso de aparelhos de refrigera\u00e7\u00e3o.<\/p>\n<p>A solu\u00e7\u00e3o \u00e9 customiz\u00e1vel e pode ser adequada \u00e0 realidade regional, com facilidades de visualiza\u00e7\u00e3o e de estrutura\u00e7\u00e3o de relat\u00f3rios especiais para atendimento a necessidades de especialistas, agr\u00f4nomos e engenheiros urbanos, para controle e emiss\u00e3o de ordens de servi\u00e7os (ou integra\u00e7\u00e3o com sistemas dedicados) e para a o controle da realiza\u00e7\u00e3o de podas e servi\u00e7os p\u00fablicos.<\/p>\n<p><a onclick=\"javascript:pageTracker._trackPageview('\/outgoing\/www.knbs.net.br\/fale-conosco\/');\"  href=\"http:\/\/www.knbs.net.br\/fale-conosco\/\">Para mais informa\u00e7\u00f5es entre em contato conosco<\/a>.<\/p>\n<p>Leia tamb\u00e9m: <a onclick=\"javascript:pageTracker._trackPageview('\/outgoing\/www.knbs.net.br\/site\/wp-content\/uploads\/2009\/10\/Gest\u00e3oArboriza\u00e7\u00e3o-SENDI-rev1.pdf');\"  href=\"http:\/\/www.knbs.net.br\/site\/wp-content\/uploads\/2009\/10\/Gest\u00e3oArboriza\u00e7\u00e3o-SENDI-rev1.pdf\" target=\"_blank\" rel=\"noopener\">Sistema de Gest\u00e3o e Manejo da Arboriza\u00e7\u00e3o Urbana ao Longo das Redes de Distribui\u00e7\u00e3o<\/a><\/p>\n","protected":false},"excerpt":{"rendered":"<p>A Su\u00edte de Arboriza\u00e7\u00e3o da KNBS \u00e9 um sistema de Gest\u00e3o e Manejo da Arboriza\u00e7\u00e3o, por meio da constru\u00e7\u00e3o pr\u00e9via de um cadastro georreferenciado das \u00e1rvores ao longo das vias urbanas. Para a constru\u00e7\u00e3o do cadastro (datawarehouse) s\u00e3o levantados atributos que qualificam o estado fitossanit\u00e1rio de cada \u00e1rvore, determinando-se tamb\u00e9m o seu poss\u00edvel grau de [&hellip;]<\/p>\n","protected":false},"author":2,"featured_media":0,"parent":195,"menu_order":6,"comment_status":"closed","ping_status":"closed","template":"produto-template.php","meta":{"footnotes":""},"class_list":["post-343","page","type-page","status-publish","hentry"],"_links":{"self":[{"href":"https:\/\/knbs.net.br\/site\/wp-json\/wp\/v2\/pages\/343","targetHints":{"allow":["GET"]}}],"collection":[{"href":"https:\/\/knbs.net.br\/site\/wp-json\/wp\/v2\/pages"}],"about":[{"href":"https:\/\/knbs.net.br\/site\/wp-json\/wp\/v2\/types\/page"}],"author":[{"embeddable":true,"href":"https:\/\/knbs.net.br\/site\/wp-json\/wp\/v2\/users\/2"}],"replies":[{"embeddable":true,"href":"https:\/\/knbs.net.br\/site\/wp-json\/wp\/v2\/comments?post=343"}],"version-history":[{"count":0,"href":"https:\/\/knbs.net.br\/site\/wp-json\/wp\/v2\/pages\/343\/revisions"}],"up":[{"embeddable":true,"href":"https:\/\/knbs.net.br\/site\/wp-json\/wp\/v2\/pages\/195"}],"wp:attachment":[{"href":"https:\/\/knbs.net.br\/site\/wp-json\/wp\/v2\/media?parent=343"}],"curies":[{"name":"wp","href":"https:\/\/api.w.org\/{rel}","templated":true}]}}