{"id":328,"date":"2009-10-29T15:22:52","date_gmt":"2009-10-29T18:22:52","guid":{"rendered":"http:\/\/www.knbs.net.br\/?page_id=328"},"modified":"2009-10-29T15:22:52","modified_gmt":"2009-10-29T18:22:52","slug":"ecoaequo","status":"publish","type":"page","link":"https:\/\/knbs.net.br\/site\/o-que-fazemos\/ecoaequo\/","title":{"rendered":"EcoAequo"},"content":{"rendered":"<h3>Como funciona o programa completo Eco<em>Aequo<\/em>?<\/h3>\n<p>O <strong>Eco<em>Aequo<\/em><\/strong> baseia-se em um programa de coleta seletiva de res\u00edduos s\u00f3lidos com valor de mercado.<\/p>\n<p>Para voc\u00ea entender melhor, vamos tomar como exemplo a aplica\u00e7\u00e3o do <strong>EcoAequo<\/strong> junto ao setor de distribui\u00e7\u00e3o de energia: a troca dos res\u00edduos s\u00f3lidos (lixo recicl\u00e1vel) \u00e9 realizada por meio de uma cadeia de valor formada pelos clientes da concession\u00e1ria, empresas de coleta seletiva e a pr\u00f3pria concession\u00e1ria. A popula\u00e7\u00e3o leva seu material recicl\u00e1vel at\u00e9 postos de coleta que atuam como agentes arrecadadores e s\u00e3o respons\u00e1veis pela sua entrega \u00e0 Ind\u00fastria de reciclagem. Nesses postos o material \u00e9 pesado e trocado por <strong>b\u00f4nus na conta de energia<\/strong>.<\/p>\n<p>Tecnicamente essa solu\u00e7\u00e3o de neg\u00f3cios \u00e9 suportada \u2013 nos postos de coleta &#8211; por m\u00e1quinas de registro de transa\u00e7\u00f5es, associadas a cart\u00f5es de identifica\u00e7\u00e3o dos consumidores.<\/p>\n<p>Essas informa\u00e7\u00f5es s\u00e3o transmitidas para o <strong>sistema remoto de gest\u00e3o que possibilita o controle, faturamento, administra\u00e7\u00e3o, supervis\u00e3o e auditoria de todo o processo. <\/strong> A plataforma de processamento oferece total seguran\u00e7a de acesso aos dados. As transa\u00e7\u00f5es s\u00e3o organizadas e controladas.<\/p>\n<p>A interface de opera\u00e7\u00e3o \u00e9 simples e de uso intuitivo, permitindo a extra\u00e7\u00e3o de dados estat\u00edsticos, gerenciais, comerciais e de atendimento. O ambiente de produ\u00e7\u00e3o \u00e9 modular e permite a amplia\u00e7\u00e3o de \u00e1reas e postos de atendimento, bem como novas empresas de coleta.<\/p>\n<h3>Onde e por que disponibilizar o EcoAequo?<\/h3>\n<p>O <strong>Eco<em>Aequo<\/em><\/strong> \u00e9 uma solu\u00e7\u00e3o bastante interessante para concession\u00e1rias de servi\u00e7os p\u00fablicos (energia, saneamento), para prefeituras ou para empresas que tenham interesse em manter um relacionamento amplo com as comunidades em que se inserem, ao mesmo tempo em que asseguram maior adimpl\u00eancia para os servi\u00e7os prestados, ou melhor relacionamento e maior fidelidade por parte de seus clientes.<\/p>\n<h3>Como a KNBS atua nesse contexto?<\/h3>\n<p>O atendimento e a opera\u00e7\u00e3o realizados pela <strong>KNBS<\/strong> abrangem as seguintes etapas:<\/p>\n<p>&#8211; <strong>an\u00e1lise de viabilidade do neg\u00f3cio nas regi\u00f5es de interesse estrat\u00e9gico<\/strong>: essa etapa \u00e9 de extrema import\u00e2ncia, pois a solu\u00e7\u00e3o \u00e9 adequada para regi\u00f5es onde os usu\u00e1rios finais apresentam caracter\u00edsticas de atendimento pr\u00f3prias, tanto no espa\u00e7o social, cultural, \u00a0como econ\u00f4mico. O levantamento e a an\u00e1lise de dados espec\u00edficos das regi\u00f5es de interesse permitem planejar com seguran\u00e7a a\u00e7\u00f5es e espa\u00e7os necess\u00e1rios e adequados para o sucesso da implanta\u00e7\u00e3o.<\/p>\n<p>&#8211; <strong>planejamento e projeto da cadeia de valor e suporte para a constru\u00e7\u00e3o das parcerias que constituem essa cadeia: <\/strong>essa fase permite levantar os poss\u00edveis parceiros, construir e ativar parcerias e \u2013 principalmente \u2013 identificar os melhores pontos de implanta\u00e7\u00e3o, com base nos dados existentes e em experi\u00eancias adquiridas atrav\u00e9s de situa\u00e7\u00f5es reais (hist\u00f3rico de casos operacionais), avaliando tamb\u00e9m os dados econ\u00f4micos que permitam o retorno financeiro.<\/p>\n<p>&#8211; <strong>implanta\u00e7\u00e3o e opera\u00e7\u00e3o de todo o sistema de suporte atrav\u00e9s de um modelo SaaS <\/strong>(<em>software as a service<\/em> \u2013 software como servi\u00e7o).<\/p>\n<p>O modelo de neg\u00f3cios baseado em software como servi\u00e7o possibilita ao cliente controlar os custos mensais da opera\u00e7\u00e3o sempre de forma proporcional ao porte do projeto a ser implantado, sem a necessidade de investir na aquisi\u00e7\u00e3o de licen\u00e7as de software e com a facilidade de amplia\u00e7\u00e3o ou redu\u00e7\u00e3o sempre que necess\u00e1rio.<\/p>\n<h3>Conceito reconhecido e premiado<\/h3>\n<p>O EcoAequo nasceu de uma experi\u00eancia iniciada em 2006 junto \u00e0 concession\u00e1ria Coelce como um projeto de Pesquisa e Desenvolvimento e ganhou o nome local\u00a0de ECOELCE.<\/p>\n<p>Foi um\u00a0<a onclick=\"javascript:pageTracker._trackPageview('\/outgoing\/www.knbs.net.br\/casos-de-sucesso-ecoelce\/');\"  href=\"http:\/\/www.knbs.net.br\/casos-de-sucesso-ecoelce\/\">caso de sucesso<\/a> e comprovou a exist\u00eancia de diversos benef\u00edcios ao longo da cadeia de valor, propiciando retorno para a comunidade envolvida, para as empresas de coleta e para a concession\u00e1ria de energia.<\/p>\n<p>Eleito entre os 20 projetos internacionais que compor\u00e3o uma s\u00e9rie televisiva patrocinada pelo &#8220;Pacto Global das Na\u00e7\u00f5es Unidas\u201d, foi premiado pela ONU &#8211; <a onclick=\"javascript:pageTracker._trackPageview('\/outgoing\/www.unglobalcompact.org\/case_story\/373');\"  href=\"http:\/\/www.unglobalcompact.org\/case_story\/373\" target=\"_blank\" rel=\"noopener\">World Business and Development Awards<\/a> (Pr\u00eamio Empresas Globais e Desenvolvimento). O pr\u00eamio foi entregue em Nova York em 24 de setembro de 2008, pela C\u00e2mera do Com\u00e9rcio Internacional, pelo F\u00f3rum Internacional de L\u00edderes de Neg\u00f3cios e pelo PNUD.<\/p>\n<p><a onclick=\"javascript:pageTracker._trackPageview('\/outgoing\/www.knbs.net.br\/fale-conosco\/');\"  href=\"http:\/\/www.knbs.net.br\/fale-conosco\/\">Saiba como implantar o EcoAequo em sua empresa<\/a>.<\/p>\n<p><a onclick=\"javascript:pageTracker._trackPageview('\/outgoing\/www.knbs.net.br\/ecoaequo\/');\"  href=\"http:\/\/www.knbs.net.br\/ecoaequo\/\" target=\"_blank\" rel=\"noopener\">Veja mais informa\u00e7\u00f5es sobre o EcoAequo e o caso Ecoelce<\/a>.<\/p>\n","protected":false},"excerpt":{"rendered":"<p>Como funciona o programa completo EcoAequo? O EcoAequo baseia-se em um programa de coleta seletiva de res\u00edduos s\u00f3lidos com valor de mercado. Para voc\u00ea entender melhor, vamos tomar como exemplo a aplica\u00e7\u00e3o do EcoAequo junto ao setor de distribui\u00e7\u00e3o de energia: a troca dos res\u00edduos s\u00f3lidos (lixo recicl\u00e1vel) \u00e9 realizada por meio de uma cadeia [&hellip;]<\/p>\n","protected":false},"author":2,"featured_media":0,"parent":195,"menu_order":4,"comment_status":"closed","ping_status":"closed","template":"produto-template.php","meta":{"footnotes":""},"class_list":["post-328","page","type-page","status-publish","hentry"],"_links":{"self":[{"href":"https:\/\/knbs.net.br\/site\/wp-json\/wp\/v2\/pages\/328","targetHints":{"allow":["GET"]}}],"collection":[{"href":"https:\/\/knbs.net.br\/site\/wp-json\/wp\/v2\/pages"}],"about":[{"href":"https:\/\/knbs.net.br\/site\/wp-json\/wp\/v2\/types\/page"}],"author":[{"embeddable":true,"href":"https:\/\/knbs.net.br\/site\/wp-json\/wp\/v2\/users\/2"}],"replies":[{"embeddable":true,"href":"https:\/\/knbs.net.br\/site\/wp-json\/wp\/v2\/comments?post=328"}],"version-history":[{"count":0,"href":"https:\/\/knbs.net.br\/site\/wp-json\/wp\/v2\/pages\/328\/revisions"}],"up":[{"embeddable":true,"href":"https:\/\/knbs.net.br\/site\/wp-json\/wp\/v2\/pages\/195"}],"wp:attachment":[{"href":"https:\/\/knbs.net.br\/site\/wp-json\/wp\/v2\/media?parent=328"}],"curies":[{"name":"wp","href":"https:\/\/api.w.org\/{rel}","templated":true}]}}