{"id":2661,"date":"2015-10-26T13:43:55","date_gmt":"2015-10-26T16:43:55","guid":{"rendered":"http:\/\/www.knbs.net.br\/?page_id=2661"},"modified":"2015-10-26T13:43:55","modified_gmt":"2015-10-26T16:43:55","slug":"logistika","status":"publish","type":"page","link":"https:\/\/knbs.net.br\/site\/o-que-fazemos\/logistika\/","title":{"rendered":"Logistika"},"content":{"rendered":"<p>&nbsp;<\/p>\n<p>Permite\u00a0organizar os <strong>pontos de coletas de material e os volumes armazenados<\/strong>, al\u00e9m\u00a0das cadeias de compra\/venda de res\u00edduos espec\u00edficos. \u00a0Com o\u00a0reconhecimento de volumes armazenados permite a\u00e7\u00f5es mais produtivas de log\u00edstica f\u00edsica de coleta.<\/p>\n<p>Estrutura as opera\u00e7\u00f5es de:<\/p>\n<ul>\n<li><strong>coleta:\u00a0<\/strong>associada com log\u00edstica reversa e com a parceria de pessoas f\u00edsicas ou jur\u00eddicas na entrega de res\u00edduos, com ou sem remunera\u00e7\u00e3o;<\/li>\n<li><strong>armazenamento:\u00a0<\/strong>associa a contabiliza\u00e7\u00e3o de volumes de res\u00edduos em locais espec\u00edficos, o que precede a log\u00edstica de retirada de res\u00edduos;<\/li>\n<li><strong>retirada<\/strong>\u00a0dos\u00a0res\u00edduos: com ou sem remunera\u00e7\u00e3o associada;<\/li>\n<li><strong>destina\u00e7\u00e3o:\u00a0<\/strong>com ou sem documenta\u00e7\u00e3o de destina\u00e7\u00e3o, com ou sem remunera\u00e7\u00e3o associada;<\/li>\n<li><strong>financeiro:<\/strong> organiza\u00e7\u00e3o de custos e valores financeiros em cada etapa do processo;<\/li>\n<li><strong>monitora\u00e7\u00e3o, desvios e alertas operacionais:<\/strong> \u00a0baseado em indicadores estabelecidos pela empresa e seus modelos operacionais.<\/li>\n<\/ul>\n<p>Adequado para a gest\u00e3o de empresas de reciclagem e para o controle e gest\u00e3o de programas de recolhimento\/processamento de res\u00edduos.<\/p>\n<p>Organiza a opera\u00e7\u00e3o com base em indicadores de volumes, financeiros e documenta\u00e7\u00e3o, gerando relat\u00f3rios anal\u00edticos e hist\u00f3ricos da opera\u00e7\u00e3o.<\/p>\n<p>Utiliza <strong>tecnologias de computa\u00e7\u00e3o m\u00f3vel para a comunica\u00e7\u00e3o entre os profissionais e pontos de coleta e as centrais de opera\u00e7\u00e3<\/strong>o.<\/p>\n<p>&nbsp;<\/p>\n<p><img loading=\"lazy\" decoding=\"async\" class=\"aligncenter wp-image-2834 \" src=\"http:\/\/www.knbs.net.br\/site\/wp-content\/uploads\/2015\/10\/lixo-no-oceano2.jpg\" width=\"608\" height=\"309\" \/><\/p>\n","protected":false},"excerpt":{"rendered":"<p>&nbsp; Permite\u00a0organizar os pontos de coletas de material e os volumes armazenados, al\u00e9m\u00a0das cadeias de compra\/venda de res\u00edduos espec\u00edficos. \u00a0Com o\u00a0reconhecimento de volumes armazenados permite a\u00e7\u00f5es mais produtivas de log\u00edstica f\u00edsica de coleta. Estrutura as opera\u00e7\u00f5es de: coleta:\u00a0associada com log\u00edstica reversa e com a parceria de pessoas f\u00edsicas ou jur\u00eddicas na entrega de res\u00edduos, com [&hellip;]<\/p>\n","protected":false},"author":2,"featured_media":0,"parent":195,"menu_order":9,"comment_status":"open","ping_status":"open","template":"produto-template.php","meta":{"footnotes":""},"class_list":["post-2661","page","type-page","status-publish","hentry"],"_links":{"self":[{"href":"https:\/\/knbs.net.br\/site\/wp-json\/wp\/v2\/pages\/2661","targetHints":{"allow":["GET"]}}],"collection":[{"href":"https:\/\/knbs.net.br\/site\/wp-json\/wp\/v2\/pages"}],"about":[{"href":"https:\/\/knbs.net.br\/site\/wp-json\/wp\/v2\/types\/page"}],"author":[{"embeddable":true,"href":"https:\/\/knbs.net.br\/site\/wp-json\/wp\/v2\/users\/2"}],"replies":[{"embeddable":true,"href":"https:\/\/knbs.net.br\/site\/wp-json\/wp\/v2\/comments?post=2661"}],"version-history":[{"count":0,"href":"https:\/\/knbs.net.br\/site\/wp-json\/wp\/v2\/pages\/2661\/revisions"}],"up":[{"embeddable":true,"href":"https:\/\/knbs.net.br\/site\/wp-json\/wp\/v2\/pages\/195"}],"wp:attachment":[{"href":"https:\/\/knbs.net.br\/site\/wp-json\/wp\/v2\/media?parent=2661"}],"curies":[{"name":"wp","href":"https:\/\/api.w.org\/{rel}","templated":true}]}}