{"id":2175,"date":"2013-11-25T14:05:28","date_gmt":"2013-11-25T17:05:28","guid":{"rendered":"http:\/\/www.knbs.net.br\/?page_id=2175"},"modified":"2013-11-25T14:05:28","modified_gmt":"2013-11-25T17:05:28","slug":"detalhes-tecnicos","status":"publish","type":"page","link":"https:\/\/knbs.net.br\/site\/o-que-fazemos\/smartkustomer\/detalhes-tecnicos\/","title":{"rendered":"Smart Kustomer &#8211; Detalhes T\u00e9cnicos"},"content":{"rendered":"<p>&nbsp;<\/p>\n<p>A solu\u00e7\u00e3o est\u00e1 composta de um conjunto de recursos que permitem \u00e0 auditoria da efici\u00eancia energ\u00e9tica exercer:<\/p>\n<ul>\n<li><strong>Fornece relat\u00f3rios aos gestores da concession\u00e1ria<\/strong> com a an\u00e1lise de comportamento de consumo e curvas de carga de equipamentos medidos (no caso da energia el\u00e9trica, por exemplo)<\/li>\n<li><strong>A vis\u00e3o de consumo, comportamento e simula\u00e7\u00e3o do comportamento de uso pelos pr\u00f3prios clientes,<\/strong> permitindo o acompanhamento on line dos consumo dos eletrodom\u00e9sticos com medi\u00e7\u00e3o em sua resid\u00eancia al\u00e9m da medi\u00e7\u00e3o geral<\/li>\n<li><strong>O acompanhamento da implanta\u00e7\u00e3o<\/strong> dos equipamentos de medi\u00e7\u00e3o e submedi\u00e7\u00e3o (a\u00e7\u00e3o das equipes de instala\u00e7\u00e3o e manuten\u00e7\u00e3o)<\/li>\n<li>O controle de<strong> reposit\u00f3rio de documentos e comprova\u00e7\u00f5es audit\u00e1veis<\/strong> das a\u00e7\u00f5es feitas (controle e supervis\u00e3o da opera\u00e7\u00e3o)<\/li>\n<li><strong>A organiza\u00e7\u00e3o de pesquisas de h\u00e1bitos e posse de eletrodom\u00e9sticos<\/strong> (reconhecimento do perfil de consumo do cliente)<\/li>\n<li><strong>An\u00e1lises de vis\u00e3o estrat\u00e9gica, regional e tamb\u00e9m individualizada dos resultados das medi\u00e7\u00f5es feitas nos cliente<\/strong>s, nos intervalos estabelecidos;<\/li>\n<li><span style=\"font-size: small;\"><strong>Permite acessos via web e smartphones<\/strong><\/span><\/li>\n<\/ul>\n<p><img loading=\"lazy\" decoding=\"async\" class=\"aligncenter size-full wp-image-2187\" title=\"grafico smartkustomer\" src=\"http:\/\/www.knbs.net.br\/site\/wp-content\/uploads\/2013\/11\/grafico-smartkustomer.png\" alt=\"grafico smartkustomer\" width=\"472\" height=\"391\" \/><\/p>\n<p>&nbsp;<\/p>\n<h2>Gest\u00e3o da informa\u00e7\u00e3o de Energia<\/h2>\n<p><strong><span style=\"font-size: medium;\">Centro de supervis\u00e3o e verifica\u00e7\u00e3o<\/span><\/strong><\/p>\n<ul>\n<li>Informa\u00e7\u00f5es detalhadas de consumo de energia, com periodicidade estabelecida<\/li>\n<li>Gest\u00e3o e manuten\u00e7\u00e3o de instala\u00e7\u00f5es<\/li>\n<li>Supervis\u00e3o de equipamentos e consumos<\/li>\n<li>Previs\u00e3o de demanda mensal, regional e por fam\u00edlia<\/li>\n<li>Gest\u00e3o do conhecimento do uso da energia e armazenamento de informa\u00e7\u00f5es detalhadas de clientes<\/li>\n<li>Organiza\u00e7\u00e3o de manuten\u00e7\u00e3o e alarmes operacionais<\/li>\n<li>Informa\u00e7\u00f5es setorizadas e direcionadas a grupos de clientes, segundo as suas condi\u00e7\u00f5es de consumo e de disponibilidade\/custos da energia<\/li>\n<\/ul>\n<p><strong><span style=\"font-size: medium;\">Na \u00a0Resid\u00eancia<\/span><\/strong><\/p>\n<p>Via WEB e mobile:<\/p>\n<ul>\n<li>Informa\u00e7\u00f5es detalhadas de consumo de energia<\/li>\n<li>Supervis\u00e3o de equipamentos e consumo de eletrodom\u00e9sticos (desligamento remoto de equipamentos \u2013 \u201cinternet das coisas\u201d)<\/li>\n<li>Previs\u00e3o de consumo de energia mensal<\/li>\n<\/ul>\n<p><a onclick=\"javascript:pageTracker._trackPageview('\/outgoing\/www.knbs.net.br\/o-que-fazemos\/produtosknbs\/smartkustomer\/smart-kustomer-detalhes\/');\"  href=\" http:\/\/www.knbs.net.br\/o-que-fazemos\/produtosknbs\/smartkustomer\/smart-kustomer-detalhes\/\"><img loading=\"lazy\" decoding=\"async\" class=\"aligncenter size-full wp-image-2201\" title=\"equipamentos em avalia\u00e7\u00e3o\" src=\"http:\/\/www.knbs.net.br\/site\/wp-content\/uploads\/2013\/11\/equipamentos-em-avalia\u00e7\u00e3o.png\" alt=\"equipamentos em avalia\u00e7\u00e3o\" width=\"470\" height=\"256\" \/><\/a><\/p>\n<p><strong><span style=\"font-size: medium;\">Na Ind\u00fastria<\/span><\/strong><\/p>\n<p><a onclick=\"javascript:pageTracker._trackPageview('\/outgoing\/www.knbs.net.br\/o-que-fazemos\/produtosknbs\/smartkustomer\/smart-kustomer-detalhes\/');\"  href=\" http:\/\/www.knbs.net.br\/o-que-fazemos\/produtosknbs\/smartkustomer\/smart-kustomer-detalhes\/\"><img loading=\"lazy\" decoding=\"async\" class=\"alignright size-full wp-image-2202\" title=\"leitores\" src=\"http:\/\/www.knbs.net.br\/site\/wp-content\/uploads\/2013\/11\/leitores.png\" alt=\"leitores\" width=\"309\" height=\"326\" \/><\/a><\/p>\n<ul>\n<li>Informa\u00e7\u00f5es detalhadas de consumo de energia nas ind\u00fastrias (com ou sem conex\u00e3o com a concession\u00e1ria)<\/li>\n<li>Supervis\u00e3o de equipamentos, motores, bombas, etc.<\/li>\n<li>Previs\u00e3o de consumo de energia mensal por departamento<\/li>\n<\/ul>\n<p><strong><span style=\"font-size: medium;\">No Com\u00e9rcio<\/span><\/strong><\/p>\n<ul>\n<li>Informa\u00e7\u00f5es detalhadas de consumo de energia pela empresa (com ou sem conex\u00e3o com a concession\u00e1ria)<\/li>\n<li>Supervis\u00e3o de equipamentos e sensores<\/li>\n<li>Previs\u00e3o de consumo de energia mensal por departamento<\/li>\n<\/ul>\n<p><a onclick=\"javascript:pageTracker._trackPageview('\/outgoing\/www.knbs.net.br\/site\/wp-content\/uploads\/2011\/06\/folder_smartkustomer2013.pdf');\"  href=\"http:\/\/www.knbs.net.br\/site\/wp-content\/uploads\/2011\/06\/folder_smartkustomer2013.pdf\" target=\"_blank\" rel=\"noopener\"> <strong>Fa\u00e7a download do folder deste produto.<\/strong><\/a><\/p>\n<p style=\"text-align: left;\"><a onclick=\"javascript:pageTracker._trackPageview('\/outgoing\/www.knbs.net.br\/fale-conosco');\"  href=\"http:\/\/www.knbs.net.br\/fale-conosco\">Deixe-nos apresentar\u00a0os recursos<\/a> e as oportunidades de solu\u00e7\u00e3o,\u00a0resultados e benef\u00edcios para a sociedade e para o neg\u00f3cio de energia e \u00e1gua.<\/p>\n","protected":false},"excerpt":{"rendered":"<p>&nbsp; A solu\u00e7\u00e3o est\u00e1 composta de um conjunto de recursos que permitem \u00e0 auditoria da efici\u00eancia energ\u00e9tica exercer: Fornece relat\u00f3rios aos gestores da concession\u00e1ria com a an\u00e1lise de comportamento de consumo e curvas de carga de equipamentos medidos (no caso da energia el\u00e9trica, por exemplo) A vis\u00e3o de consumo, comportamento e simula\u00e7\u00e3o do comportamento de [&hellip;]<\/p>\n","protected":false},"author":2,"featured_media":0,"parent":990,"menu_order":1,"comment_status":"closed","ping_status":"closed","template":"produto-template.php","meta":{"footnotes":""},"class_list":["post-2175","page","type-page","status-publish","hentry"],"_links":{"self":[{"href":"https:\/\/knbs.net.br\/site\/wp-json\/wp\/v2\/pages\/2175","targetHints":{"allow":["GET"]}}],"collection":[{"href":"https:\/\/knbs.net.br\/site\/wp-json\/wp\/v2\/pages"}],"about":[{"href":"https:\/\/knbs.net.br\/site\/wp-json\/wp\/v2\/types\/page"}],"author":[{"embeddable":true,"href":"https:\/\/knbs.net.br\/site\/wp-json\/wp\/v2\/users\/2"}],"replies":[{"embeddable":true,"href":"https:\/\/knbs.net.br\/site\/wp-json\/wp\/v2\/comments?post=2175"}],"version-history":[{"count":0,"href":"https:\/\/knbs.net.br\/site\/wp-json\/wp\/v2\/pages\/2175\/revisions"}],"up":[{"embeddable":true,"href":"https:\/\/knbs.net.br\/site\/wp-json\/wp\/v2\/pages\/990"}],"wp:attachment":[{"href":"https:\/\/knbs.net.br\/site\/wp-json\/wp\/v2\/media?parent=2175"}],"curies":[{"name":"wp","href":"https:\/\/api.w.org\/{rel}","templated":true}]}}