{"id":205,"date":"2009-10-28T08:48:25","date_gmt":"2009-10-28T11:48:25","guid":{"rendered":"http:\/\/www.knbs.net.br\/?page_id=205"},"modified":"2009-10-28T08:48:25","modified_gmt":"2009-10-28T11:48:25","slug":"faq","status":"publish","type":"page","link":"https:\/\/knbs.net.br\/site\/faq\/","title":{"rendered":"FAQ"},"content":{"rendered":"<p style=\"text-align: center;\"><img loading=\"lazy\" decoding=\"async\" class=\"aligncenter wp-image-2724 size-full\" src=\"http:\/\/www.knbs.net.br\/site\/wp-content\/uploads\/2009\/10\/FAQ.jpg\" alt=\"FAQ\" width=\"334\" height=\"248\" \/><\/p>\n<h4><span style=\"color: #ff6600;\">\u00a0 <strong>1 \u2013\u00a0<\/strong><strong>O que \u00e9 efici\u00eancia energ\u00e9tica?<\/strong> <\/span><\/h4>\n<p>A<strong> efici\u00eancia energ\u00e9tica <\/strong>pode ser<strong>\u00a0<\/strong>considerada como um\u00a0conjunto de atividades que promove\u00a0a\u00a0melhora do uso da energia,\u00a0a\u00a0racionaliza\u00e7\u00e3o do consumo e a aplica\u00e7\u00e3o de equipamentos mais adequados. Busca-se o melhor desempenho na produ\u00e7\u00e3o ou execu\u00e7\u00e3o de um servi\u00e7o com o menor gasto energ\u00e9tico.<\/p>\n<p>Como exemplo de a\u00e7\u00f5es, est\u00e3o a moderniza\u00e7\u00e3o de equipamentos e processos focados na\u00a0redu\u00e7\u00e3o do consumo energ\u00e9tico para se obter os mesmos resultados ou melhores.<\/p>\n<p>Programas p\u00fablicos de educa\u00e7\u00e3o, das empresas de energia e a\u00e7\u00f5es de m\u00eddias para efici\u00eancia energ\u00e9tica tamb\u00e9m s\u00e3o exemplos de a\u00e7\u00f5es voltadas para o consumo consciente, mudan\u00e7as de h\u00e1bitos e atitudes de consumo de energia e que contribuem para a economia individual e para o sistema energ\u00e9tico do pa\u00eds.<\/p>\n<p>No rol de a\u00e7\u00f5es para a<strong>\u00a0efici\u00eancia energ\u00e9tic<\/strong>a existem diversos temas e direcionamentos que podem ser avaliados e que contribuem para uma racionaliza\u00e7\u00e3o da gera\u00e7\u00e3o de energia, at\u00e9 para o pa\u00eds.\u00a0 O uso de equipamentos para aquecimento solar de \u00e1gua, a gera\u00e7\u00e3o e\u00f3lica ou solar residencial ou empresarial, o uso de l\u00e2mpadas led ou oled, a medi\u00e7\u00e3o individualizada de equipamentos e as mudan\u00e7as de h\u00e1bitos individuais ou coletivos nas empresas podem promover economias financeiras (redu\u00e7\u00e3o das contas de energia) com manuten\u00e7\u00e3o do conforto (individual, da fam\u00edlia e coletivo nas empresas).<\/p>\n<p>A<strong> KNBS<\/strong> tem sistemas de apoio ao <a onclick=\"javascript:pageTracker._trackPageview('\/outgoing\/www.knbs.net.br\/o-que-fazemos\/produtosknbs\/smartkustomer\/conceitos\/');\" title=\"Smart Kustomer \u2013 Conceitos\"  href=\"http:\/\/www.knbs.net.br\/o-que-fazemos\/produtosknbs\/smartkustomer\/conceitos\/\">desenvolvimento, controle da efici\u00eancia energ\u00e9tica, acompanhamento de a\u00e7\u00f5es<\/a>, <a onclick=\"javascript:pageTracker._trackPageview('\/outgoing\/www.knbs.net.br\/o-que-fazemos\/produtosknbs\/prospektor\/');\" title=\"Prospektor\"  href=\"http:\/\/www.knbs.net.br\/o-que-fazemos\/produtosknbs\/prospektor\/\">pesquisas de satisfa\u00e7\u00e3o de clientes<\/a>,<a onclick=\"javascript:pageTracker._trackPageview('\/outgoing\/www.knbs.net.br\/o-que-fazemos\/produtosknbs\/smartkustomer\/detalhes-tecnicos\/');\" title=\"Smart Kustomer \u2013 Detalhes T\u00e9cnicos\"  href=\"http:\/\/www.knbs.net.br\/o-que-fazemos\/produtosknbs\/smartkustomer\/detalhes-tecnicos\/\"> campanhas de engajamento de clientes<\/a>, avalia\u00e7\u00e3o de potencial de efici\u00eancia energ\u00e9tica, processos de apoio a eficientiza\u00e7\u00e3o e pr\u00e9-diagn\u00f3stico energ\u00e9tico, treinamentos e<em> show rooms<\/em> demonstrativos. Alguns produtos nesta linha s\u00e3o resultados de trabalhos realizados com as concession\u00e1rias de energia brasileiras e premiados pelos seus resultados.<\/p>\n<h4><span style=\"color: #ff6600;\"> <strong>2 &#8211; Como posso ser eficiente no uso da energia em minha casa?<\/strong> <\/span><\/h4>\n<p>As diversas concession\u00e1rias de energia brasileiras t\u00eam cartilhas de efici\u00eancia energ\u00e9tica residencial em seus sites, traduzindo boas pr\u00e1ticas di\u00e1rias e de uso de aparelhos eletrodom\u00e9sticos.<\/p>\n<p>A <strong>KNBS<\/strong> realizou alguns trabalhos no sentido de ampliar este conhecimento para as concession\u00e1rias que tamb\u00e9m resultaram em procedimentos de apoio, e <a onclick=\"javascript:pageTracker._trackPageview('\/outgoing\/www.knbs.net.br\/site\/wp-content\/uploads\/2016\/01\/Cartilha-Dr-Pokus.pdf');\" title=\"Cartilha de efici\u00eancia energ\u00e9tica - KNBS\"  href=\"http:\/\/www.knbs.net.br\/site\/wp-content\/uploads\/2016\/01\/Cartilha-Dr-Pokus.pdf\" target=\"_blank\" rel=\"noopener\">cartilhas de incentivo ao uso eficiente de energia e \u00e1gua.<\/a><\/p>\n<p>Medi\u00e7\u00f5es inteligentes de eletrodom\u00e9sticos com <em>smart plugs<\/em> formam a nova maneira de observa\u00e7\u00e3o do consumo residencial e permitem a\u00e7\u00f5es efetivas com o conhecimento do uso final di\u00e1rio de cada equipamento.<\/p>\n<p>Temos na <strong>KNBS<\/strong> <a onclick=\"javascript:pageTracker._trackPageview('\/outgoing\/www.knbs.net.br\/artigos-e-publicacoes\/por-linha-de-solucao\/smart-kustomer\/');\" title=\"Smart Kustomer\"  href=\"http:\/\/www.knbs.net.br\/artigos-e-publicacoes\/por-linha-de-solucao\/smart-kustomer\/\">aplicativos de contabiliza\u00e7\u00e3o desta efici\u00eancia<\/a> e projetos que nos permitem representar adequadamente o consumo e a demanda de energia para o consumidor e para a concession\u00e1ria. A aplica\u00e7\u00e3o de redes inteligentes no Brasil precisa desta avalia\u00e7\u00e3o e do incentivo ao uso adequado da energia.<\/p>\n<h4><span style=\"color: #ff6600;\"> <strong>3 &#8211; Por que o EcoAequo \u00e9 um programa de efici\u00eancia energ\u00e9tica?<\/strong> <\/span><\/h4>\n<p>O EcoAequo contribui para a cria\u00e7\u00e3o e manuten\u00e7\u00e3o de um programa de efici\u00eancia energ\u00e9tica.<\/p>\n<p>Possibilita uma economia de energia resultante do processo de reciclagem aplicada aos res\u00edduos coletados e o reprocessamento desse material. A extra\u00e7\u00e3o e posterior processamento de uma nova mat\u00e9ria-prima natural gasta muito mais energia para produzir o mesmo resultado.<\/p>\n<p>Para cada tipo de material podemos calcular a energia potencialmente economizada seguindo os dados apontados pelo Dr. Sabetai Calderoni, da USP, em seu livro \u201cOs Bilh\u00f5es Perdidos no Lixo\u201d. Segundo o Dr. Calderoni os dados da economia obtida no processo s\u00e3o:<\/p>\n<ul>\n<li>Metal: 5,3 MWh\/ton;<\/li>\n<li>Vidro: 0,64 MWh\/ton;<\/li>\n<li>Papel: 3,51 MWh\/ton;<\/li>\n<li>Pl\u00e1stico: 5,06 MWh\/ton.<\/li>\n<\/ul>\n","protected":false},"excerpt":{"rendered":"<p>\u00a0 1 \u2013\u00a0O que \u00e9 efici\u00eancia energ\u00e9tica? A efici\u00eancia energ\u00e9tica pode ser\u00a0considerada como um\u00a0conjunto de atividades que promove\u00a0a\u00a0melhora do uso da energia,\u00a0a\u00a0racionaliza\u00e7\u00e3o do consumo e a aplica\u00e7\u00e3o de equipamentos mais adequados. Busca-se o melhor desempenho na produ\u00e7\u00e3o ou execu\u00e7\u00e3o de um servi\u00e7o com o menor gasto energ\u00e9tico. Como exemplo de a\u00e7\u00f5es, est\u00e3o a moderniza\u00e7\u00e3o de [&hellip;]<\/p>\n","protected":false},"author":2,"featured_media":0,"parent":0,"menu_order":0,"comment_status":"closed","ping_status":"closed","template":"","meta":{"footnotes":""},"class_list":["post-205","page","type-page","status-publish","hentry"],"_links":{"self":[{"href":"https:\/\/knbs.net.br\/site\/wp-json\/wp\/v2\/pages\/205","targetHints":{"allow":["GET"]}}],"collection":[{"href":"https:\/\/knbs.net.br\/site\/wp-json\/wp\/v2\/pages"}],"about":[{"href":"https:\/\/knbs.net.br\/site\/wp-json\/wp\/v2\/types\/page"}],"author":[{"embeddable":true,"href":"https:\/\/knbs.net.br\/site\/wp-json\/wp\/v2\/users\/2"}],"replies":[{"embeddable":true,"href":"https:\/\/knbs.net.br\/site\/wp-json\/wp\/v2\/comments?post=205"}],"version-history":[{"count":0,"href":"https:\/\/knbs.net.br\/site\/wp-json\/wp\/v2\/pages\/205\/revisions"}],"wp:attachment":[{"href":"https:\/\/knbs.net.br\/site\/wp-json\/wp\/v2\/media?parent=205"}],"curies":[{"name":"wp","href":"https:\/\/api.w.org\/{rel}","templated":true}]}}