{"id":201,"date":"2009-10-28T08:32:37","date_gmt":"2009-10-28T11:32:37","guid":{"rendered":"http:\/\/www.knbs.net.br\/?page_id=201"},"modified":"2009-10-28T08:32:37","modified_gmt":"2009-10-28T11:32:37","slug":"a-knbs","status":"publish","type":"page","link":"https:\/\/knbs.net.br\/site\/a-knbs\/","title":{"rendered":"KNBS &#8211; Conhecimento e Solu\u00e7\u00f5es"},"content":{"rendered":"<p><span style=\"font-weight: normal;\">A KNBS \u00e9 uma <strong>empresa privada de pesquisa e inova\u00e7\u00e3o tecnol\u00f3gica e social.<\/strong><\/span><\/p>\n<p>N\u00f3s nos posicionamos como uma empresa que entende, reorganiza e prepara mudan\u00e7as desde processos operacionais at\u00e9 a cultura organizacional, com foco na evolu\u00e7\u00e3o tecnol\u00f3gica e\/ou social.<\/p>\n<p>Agregamos tecnologia e sistemas, produtos, servi\u00e7os, processos ou motiva\u00e7\u00e3o que permitam obter resultados sociais, econ\u00f4micos e culturais diferenciados.<\/p>\n<p>O verbo que nos representa \u00e9 o verbo <strong>promover<\/strong>, pois nos apoiamos no potencial individual e empresarial para fomentar uma nova vis\u00e3o\u00a0do neg\u00f3cio e dos relacionamentos.<\/p>\n<p>Para isto, reunimos tecnologia e pessoas que possam fazer a diferen\u00e7a no ambiente empresarial, buscando a inova\u00e7\u00e3o nas cadeias de relacionamento, de valor\u00a0<span style=\"font-weight: normal;\">e a <a onclick=\"javascript:pageTracker._trackPageview('\/outgoing\/www.knbs.net.br\/o-que-fazemos\/gestao-do-conhecimento\/');\" title=\"Gest\u00e3o do Conhecimento\"  href=\"http:\/\/www.knbs.net.br\/o-que-fazemos\/gestao-do-conhecimento\/\" target=\"_blank\" rel=\"noopener\">Gest\u00e3o do Conhecimento<\/a><\/span>\u00a0(com todas as t\u00e9cnicas de <strong>Data Science<\/strong>).\u00a0\u00a0<span style=\"font-weight: normal;\">N\u00f3s utilizamos a tecnologia para ampliar o conhecimento das pessoas, das empresas e os resultados dos neg\u00f3cios.<\/span><\/p>\n<h3>O que isso significa?<\/h3>\n<p>Significa que nossa atua\u00e7\u00e3o parte do entendimento pleno da quest\u00e3o que preocupa nossos clientes, com os objetivos de projetar, desenvolver, implementar, implantar e at\u00e9 mesmo operar uma solu\u00e7\u00e3o adequada e espec\u00edfica para essa quest\u00e3o.<\/p>\n<p style=\"text-align: left;\">As solu\u00e7\u00f5es que desenvolvemos, entregamos e operamos s\u00e3o focadas na constru\u00e7\u00e3o, manuten\u00e7\u00e3o e fortalecimento de relacionamentos com prospectos, clientes, colaboradores, parceiros e tamb\u00e9m com a comunidade e a sociedade em geral.<\/p>\n<p style=\"text-align: left;\">Sempre ser\u00e1 criativa e trar\u00e1 como\u00a0diferencial a\u00a0promo\u00e7\u00e3o das capacidades profissionais e dos recursos e cultura organizacional.<\/p>\n<p><img loading=\"lazy\" decoding=\"async\" class=\"aligncenter wp-image-2753\" src=\"http:\/\/www.knbs.net.br\/site\/wp-content\/uploads\/2009\/10\/institucional.png\" alt=\"institucional\" width=\"466\" height=\"352\" \/><\/p>\n<h3>Alguns poucos exemplos:<\/h3>\n<p style=\"padding-left: 30px;\">1) Relacionamento com o cliente &#8211; <strong><span style=\"color: #ff6600;\">transformar um atendimento em relacionamento,\u00a0<\/span><\/strong><span style=\"color: #800000;\"><strong><span style=\"color: #ff6600;\">\u00a0ao mesmo tempo evitando altos custos relativos a pontos de presen\u00e7a f\u00edsica:<\/span><\/strong>\u00a0<\/span>nasceu a nossa solu\u00e7\u00e3o <a onclick=\"javascript:pageTracker._trackPageview('\/outgoing\/www.knbs.net.br\/key-video-spot\/');\" title=\"Key Video Spot (KVS)\"  href=\"http:\/\/www.knbs.net.br\/key-video-spot\/\" target=\"_blank\" rel=\"noopener\">Key Video Spot (KVS)<\/a><\/p>\n<p style=\"padding-left: 30px;\">2) Pesquisa em campo com visibilidade e acompanhamento online &#8211;\u00a0<span style=\"color: #800000;\"><span style=\"color: #ff6600;\"><strong>coletar dados e obter informa\u00e7\u00f5es relevantes e seguras a respeito do p\u00fablico-alvo \u00a0e ao mesmo tempo gerenciar a coleta desses dados em tempo real<\/strong><\/span>:<\/span>\u00a0nasceu a nossa solu\u00e7\u00e3o <a onclick=\"javascript:pageTracker._trackPageview('\/outgoing\/www.knbs.net.br\/o-que-fazemos\/prospektor\/');\" title=\"Prospektor\"  href=\"http:\/\/www.knbs.net.br\/o-que-fazemos\/prospektor\/\" target=\"_blank\" rel=\"noopener\">Prospektor<\/a><\/p>\n<p style=\"padding-left: 30px;\">3) Acompanhamento de trabalhos de equipes em campo\u00a0&#8211;<strong><span style=\"color: #ff6600;\">sistema de controle de\u00a0<\/span><\/strong><span style=\"color: #800000;\"><strong><span style=\"color: #ff6600;\">\u00a0atividades executadas por equipes,\u00a0gerenciar desempenho e evid\u00eancias de execu\u00e7\u00e3o<\/span><\/strong>:<\/span>\u00a0uso diferenciado de nossa solu\u00e7\u00e3o <a onclick=\"javascript:pageTracker._trackPageview('\/outgoing\/www.knbs.net.br\/o-que-fazemos\/prospektor\/');\" title=\"Prospektor\"  href=\"http:\/\/www.knbs.net.br\/o-que-fazemos\/prospektor\/\" target=\"_blank\" rel=\"noopener\">Prospektor<\/a><\/p>\n<p style=\"padding-left: 30px;\">4) Oportunidade de parceria e incentivo na coleta seletiva\u00a0&#8211;\u00a0<strong><span style=\"color: #ff6600;\">modelo e servi\u00e7os para o <\/span><\/strong><span style=\"color: #800000;\"><strong><span style=\"color: #ff6600;\">setor de distribui\u00e7\u00e3o de energia el\u00e9trica, com \u00a0ea redu\u00e7\u00e3o\u00a0da inadimpl\u00eancia e participa\u00e7\u00e3o efetiva do cliente<\/span><\/strong>:<\/span>\u00a0nasceu a nossa solu\u00e7\u00e3o <a onclick=\"javascript:pageTracker._trackPageview('\/outgoing\/www.knbs.net.br\/o-que-fazemos\/ecoaequo\/');\" title=\"EcoAequo\"  href=\"http:\/\/www.knbs.net.br\/o-que-fazemos\/ecoaequo\/\" target=\"_blank\" rel=\"noopener\">EcoAequo<\/a><\/p>\n<p style=\"padding-left: 30px;\">5) Gest\u00e3o de res\u00edduos s\u00f3lidos coletados &#8211;<strong><span style=\"color: #ff6600;\"> modelo e sistema para a log\u00edstica, contabiliza\u00e7\u00e3o e destina\u00e7\u00e3o de res\u00edduos, com aplica\u00e7\u00e3o direta na log\u00edstica reversa<\/span><\/strong>: \u00a0nasceu a nossa solu\u00e7\u00e3o <a onclick=\"javascript:pageTracker._trackPageview('\/outgoing\/www.knbs.net.br\/o-que-fazemos\/logistika\/');\" title=\"Logistika\"  href=\"http:\/\/www.knbs.net.br\/o-que-fazemos\/logistika\/\" target=\"_blank\" rel=\"noopener\">Logistika<\/a><\/p>\n<p style=\"padding-left: 30px;\">6) Gest\u00e3o de licenciamento ambiental &#8211; <strong><span style=\"color: #ff6600;\">sistema<\/span><\/strong>\u00a0<strong><span style=\"color: #ff6600;\">para organiza\u00e7\u00e3o de licenciamento ambiental, principalmente para empresas com muitos empreendimentos que demandam controle, planejamento e documenta\u00e7\u00e3o<\/span><\/strong>: \u00a0nasceu nossa solu\u00e7\u00e3o <a onclick=\"javascript:pageTracker._trackPageview('\/outgoing\/www.knbs.net.br\/ekl\/');\"  href=\"http:\/\/www.knbs.net.br\/ekl\/\" target=\"_blank\" rel=\"noopener\">EKL (Environmental Kontrol and \u00a0Logistics)<\/a><\/p>\n<p style=\"padding-left: 30px;\">7) Smart Grid e o uso da energia pelo cliente &#8211; <strong><span style=\"color: #ff6600;\">c<\/span><\/strong><span style=\"color: #800000;\"><strong><span style=\"color: #ff6600;\">omo entender as novas demandas do consumidor\/cliente nos mercados de energia e \u00e1gua, com smart grids, para ofertas com resultados positivos sobre os investimentos<\/span><\/strong>:<\/span>\u00a0nasceram solu\u00e7\u00f5es anal\u00edticas de informa\u00e7\u00f5es de clientes para validar demandas e mudan\u00e7as de comportamento de uso de energia ou \u00e1gua e espa\u00e7os consultivos para a prepara\u00e7\u00e3o de implanta\u00e7\u00e3o de <em>smart grid<\/em> com sucesso<a onclick=\"javascript:pageTracker._trackPageview('\/outgoing\/www.knbs.net.br\/o-que-fazemos\/smartkustomer\/');\" title=\"Smart Kustomer\"  href=\"http:\/\/www.knbs.net.br\/o-que-fazemos\/smartkustomer\/\" target=\"_blank\" rel=\"noopener\"> Smart Kustomer<\/a><\/p>\n<p style=\"padding-left: 30px;\">8) Organiza\u00e7\u00e3o de processos de exporta\u00e7\u00e3o &#8211; <strong><span style=\"color: #ff6600;\">como ampliar a produtividade de equipes no uso de sistemas de exporta\u00e7\u00e3o, com automa\u00e7\u00e3o de processos e organiza\u00e7\u00e3o para auditoria<\/span><\/strong>: \u00a0nasceu nossa solu\u00e7\u00e3o <a onclick=\"javascript:pageTracker._trackPageview('\/outgoing\/www.knbs.net.br\/suite-komex\/');\" title=\"Suite Komex\"  href=\"http:\/\/www.knbs.net.br\/suite-komex\/\" target=\"_blank\" rel=\"noopener\">Suite Komex<\/a><\/p>\n<p>As solu\u00e7\u00f5es que constru\u00edmos extrapolam as quest\u00f5es de neg\u00f3cios originais e tornam-se adequadas para resolver v\u00e1rios outros problemas de diversas empresas atuantes em segmentos distintos.<\/p>\n<p>\u00c9 isso que nos permite ressaltar que utilizamos nossa <strong>expertise tecnol\u00f3gica<\/strong> nas \u00e1reas de engenharia da computa\u00e7\u00e3o, engenharia el\u00e9trica e engenharia de telecomunica\u00e7\u00f5es, buscando sempre contribuir para o desenvolvimento das pessoas e das organiza\u00e7\u00f5es clientes atrav\u00e9s de solu\u00e7\u00f5es inovadoras, conscientes e sustent\u00e1veis.<\/p>\n<h3><span style=\"color: #ff6600;\">As solu\u00e7\u00f5es de neg\u00f3cios projetadas e desenvolvidas por nossa equipe abrangem especializa\u00e7\u00f5es nas \u00e1reas:<\/span><\/h3>\n<h3><img loading=\"lazy\" decoding=\"async\" class=\"alignleft wp-image-2758 \" src=\"http:\/\/www.knbs.net.br\/site\/wp-content\/uploads\/2009\/10\/KNBS-2.jpg\" alt=\"KNBS 2\" width=\"250\" height=\"330\" \/><\/h3>\n<p>&nbsp;<\/p>\n<ul>\n<li><strong>Data Science<\/strong>, envolvendo Gest\u00e3o do Conhecimento (Knowledge Management &amp; Knowledge Discovery), Intelig\u00eancia de Neg\u00f3cios (Business Intelligence), Sistemas anal\u00edticos e \u00a0Minera\u00e7\u00e3o de Dados (Datamining) com Geoprocessamento e geoinform\u00e1tica (Geoprocessing)<\/li>\n<li><strong><i>Smart<\/i><\/strong><i><strong> Grids<\/strong>\u00a0<\/i>e a intelig\u00eancia para os novos processos das redes e neg\u00f3cios de energia e \u00e1gua<\/li>\n<li>Planejamento de Redes de Telecomunica\u00e7\u00f5es (<strong>Telecommunications Network Planning<\/strong>)<\/li>\n<li><strong>Gest\u00e3o do relacionamento e do atendimento ao cliente<\/strong><\/li>\n<li><strong>Gest\u00e3o de neg\u00f3cios e de pesquisas para o relacionamento<\/strong> (trade processes, relationship research &amp; fraud control)<\/li>\n<\/ul>\n<p>Usamos metodologias e abordagens espec\u00edficas que agregam conhecimento de novas possibilidades de neg\u00f3cio, seguran\u00e7a, planejamento de servi\u00e7os, bases de dados georreferenciadas e estruturas de big data, com controle e facilidades para suporte a tomada de decis\u00f5es administrativas e operacionais.<\/p>\n<p>A estrutura\u00e7\u00e3o dos sistemas \u00e9 realizada com foco em facilidades de implanta\u00e7\u00e3o e migra\u00e7\u00e3o em plataformas comerciais e utilizando, preferencialmente, softwares livres como base de desenvolvimento.<\/p>\n<p>Nossa experi\u00eancia em <strong>tecnologia de ponta,\u00a0<b>data <\/b><b>science<\/b><\/strong> e em <strong>neg\u00f3cios<\/strong> nos permite aplicar conhecimentos e processos a problemas espec\u00edficos apresentados por nossos clientes e encontrar solu\u00e7\u00f5es eficazes, com <strong>adequada rela\u00e7\u00e3o custo-benef\u00edcio<\/strong> e que possibilitam <strong>melhorias operacionais e de cunho estrat\u00e9gico<\/strong>, resultando em <strong>benef\u00edcios de neg\u00f3cios<\/strong> certeiros.<\/p>\n<p><a onclick=\"javascript:pageTracker._trackPageview('\/outgoing\/www.knbs.net.br\/fale-conosco\/');\"  href=\"http:\/\/www.knbs.net.br\/fale-conosco\/\">Entre em contato<\/a> conosco para saber mais sobre como podemos apoiar sua empresa frente a seus desafios de neg\u00f3cios.<\/p>\n","protected":false},"excerpt":{"rendered":"<p>A KNBS \u00e9 uma empresa privada de pesquisa e inova\u00e7\u00e3o tecnol\u00f3gica e social. N\u00f3s nos posicionamos como uma empresa que entende, reorganiza e prepara mudan\u00e7as desde processos operacionais at\u00e9 a cultura organizacional, com foco na evolu\u00e7\u00e3o tecnol\u00f3gica e\/ou social. Agregamos tecnologia e sistemas, produtos, servi\u00e7os, processos ou motiva\u00e7\u00e3o que permitam obter resultados sociais, econ\u00f4micos e [&hellip;]<\/p>\n","protected":false},"author":2,"featured_media":0,"parent":0,"menu_order":4,"comment_status":"closed","ping_status":"closed","template":"","meta":{"footnotes":""},"class_list":["post-201","page","type-page","status-publish","hentry"],"_links":{"self":[{"href":"https:\/\/knbs.net.br\/site\/wp-json\/wp\/v2\/pages\/201","targetHints":{"allow":["GET"]}}],"collection":[{"href":"https:\/\/knbs.net.br\/site\/wp-json\/wp\/v2\/pages"}],"about":[{"href":"https:\/\/knbs.net.br\/site\/wp-json\/wp\/v2\/types\/page"}],"author":[{"embeddable":true,"href":"https:\/\/knbs.net.br\/site\/wp-json\/wp\/v2\/users\/2"}],"replies":[{"embeddable":true,"href":"https:\/\/knbs.net.br\/site\/wp-json\/wp\/v2\/comments?post=201"}],"version-history":[{"count":0,"href":"https:\/\/knbs.net.br\/site\/wp-json\/wp\/v2\/pages\/201\/revisions"}],"wp:attachment":[{"href":"https:\/\/knbs.net.br\/site\/wp-json\/wp\/v2\/media?parent=201"}],"curies":[{"name":"wp","href":"https:\/\/api.w.org\/{rel}","templated":true}]}}