{"id":1994,"date":"2012-10-08T15:59:37","date_gmt":"2012-10-08T18:59:37","guid":{"rendered":"http:\/\/www.knbs.net.br\/?page_id=1994"},"modified":"2012-10-08T15:59:37","modified_gmt":"2012-10-08T18:59:37","slug":"smart-kustomer","status":"publish","type":"page","link":"https:\/\/knbs.net.br\/site\/smart-kustomer\/","title":{"rendered":"Smart Kustomer"},"content":{"rendered":"<p><a onclick=\"javascript:pageTracker._trackPageview('\/outgoing\/www.knbs.net.br\/site\/wp-content\/uploads\/2012\/08\/fotomateria3_e_news_knbs.jpg');\"  href=\"http:\/\/www.knbs.net.br\/site\/wp-content\/uploads\/2012\/08\/fotomateria3_e_news_knbs.jpg\"><img loading=\"lazy\" decoding=\"async\" class=\"aligncenter size-full wp-image-1437\" title=\"fotomateria3_e_news_knbs\" src=\"http:\/\/www.knbs.net.br\/site\/wp-content\/uploads\/2012\/08\/fotomateria3_e_news_knbs.jpg\" alt=\"fotomateria3_e_news_knbs\" width=\"300\" height=\"321\" \/><\/a><\/p>\n<p>&nbsp;<\/p>\n<h1 class=\"titulo\"><\/h1>\n<p>&nbsp;<\/p>\n<h2><span style=\"color: #993300;\">2016<\/span><\/h2>\n<ul>\n<ul>\n<li><a onclick=\"javascript:pageTracker._trackPageview('\/outgoing\/www.knbs.net.br\/site\/wp-content\/uploads\/2012\/10\/xcbpe0320.pdf');\"  href=\"http:\/\/www.knbs.net.br\/site\/wp-content\/uploads\/2012\/10\/xcbpe0320.pdf\" target=\"_blank\" rel=\"noopener\">Revolu\u00e7\u00e3o\u00a0tecnol\u00f3gica na ind\u00fastria de energia el\u00e9trica com smart grid, suas consequ\u00eancias e possibilidades para o mercado consumidor residencial brasileiro<\/a><\/li>\n<\/ul>\n<\/ul>\n<p>Publicado\u00a0e\u00a0apresentado no X\u00a0CBPE (Congresso Brasileiro de Planejamento Energ\u00e9tico) \u2013 2016<\/p>\n<ul>\n<ul>\n<ul>\n<li><a onclick=\"javascript:pageTracker._trackPageview('\/outgoing\/www.intechopen.com\/books\/smart-metering-technology-and-services-inspirations-for-energy-utilities\/smart-grid-implementation-in-brazil-must-focus-on-consumer-behavior-and-markets-regulation-and-energ');\"  href=\"http:\/\/www.intechopen.com\/books\/smart-metering-technology-and-services-inspirations-for-energy-utilities\/smart-grid-implementation-in-brazil-must-focus-on-consumer-behavior-and-markets-regulation-and-energ\" target=\"_blank\" rel=\"noopener\">Smart Grid Implementation in Brazil Must Focus on Consumer Behavior and Markets, Regulation, and Energetic Mix Availability<\/a>\n<div id=\"yui_3_14_1_1_1472493200124_541\" class=\"nova-e-text nova-e-text--size-m nova-e-text--family-sans-serif nova-e-text--spacing-xxs\" data-reactid=\"44\"><b data-reactid=\"45\">Chapter<\/b><span id=\"yui_3_14_1_1_1472493200124_540\" data-reactid=\"47\">\u00a0\u00b7\u00a0June 2016 \u2013\u00a0<\/span>DOI: 10.5772\/62582 <span id=\"yui_3_14_1_1_1472493200124_545\" data-reactid=\"55\"><br data-reactid=\"56\" \/>In book: Smart Metering Technology and Services \u2013 Inspirations for Energy Utilities<\/span><\/div>\n<\/li>\n<\/ul>\n<\/ul>\n<\/ul>\n<h2><span style=\"color: #993300;\">2014<\/span><\/h2>\n<ul>\n<ul>\n<ul>\n<li><a onclick=\"javascript:pageTracker._trackPageview('\/outgoing\/www.knbs.net.br\/site\/wp-content\/uploads\/2009\/10\/ARTIGO-1-IXCBPE-Carlos-Fr%C3%B3es.pdf');\"  href=\"http:\/\/www.knbs.net.br\/site\/wp-content\/uploads\/2009\/10\/ARTIGO-1-IXCBPE-Carlos-Fr%C3%B3es.pdf\" target=\"_blank\" rel=\"noopener\">Qual o motivador para a urg\u00eancia da implanta\u00e7\u00e3o da <em>smart grid<\/em> no sistema el\u00e9trico?<\/a><\/li>\n<\/ul>\n<\/ul>\n<\/ul>\n<p>Publicado, apresentado e laureado no IX\u00a0CBPE (Congresso Brasileiro de Planejamento Energ\u00e9tico) \u2013 2014<\/p>\n<h2><span style=\"color: #993300;\">2012<\/span><\/h2>\n<ul>\n<ul>\n<ul>\n<li><a onclick=\"javascript:pageTracker._trackPageview('\/outgoing\/www.knbs.net.br\/site\/wp-content\/uploads\/2012\/10\/Caracterizacao_do_espaco_regulatorio_para_Smart_Grid.pdf');\"  href=\"http:\/\/www.knbs.net.br\/site\/wp-content\/uploads\/2012\/10\/Caracterizacao_do_espaco_regulatorio_para_Smart_Grid.pdf\" target=\"_blank\" rel=\"noopener\">Caracteriza\u00e7\u00e3o do Espa\u00e7o Regulat\u00f3rio para Smart Grid<\/a><\/li>\n<\/ul>\n<\/ul>\n<\/ul>\n<p style=\"padding-left: 60px;\">Apresentado no VII Congresso Brasileiro de Planejamento Energ\u00e9tico em Curitiba, PA em agosto, 2012<\/p>\n<p style=\"padding-left: 60px;\"><strong>Pr\u00eamio:<\/strong> eleito entre os 10 melhores artigos apresentados no Congresso &#8211; site: <a onclick=\"javascript:pageTracker._trackPageview('\/outgoing\/www.sbpe.org.br\/viii-cbpe\/sessoes.php');\"  href=\"http:\/\/www.sbpe.org.br\/viii-cbpe\/sessoes.php\" target=\"_blank\" rel=\"noopener\">http:\/\/www.sbpe.org.br\/viii-cbpe\/sessoes.php<\/a><\/p>\n<ul>\n<ul>\n<ul>\n<li><a onclick=\"javascript:pageTracker._trackPageview('\/outgoing\/www.knbs.net.br\/site\/wp-content\/uploads\/2012\/10\/COPPE-Carlos-Fr\u00f3es-Unicamp.pdf');\"  href=\"http:\/\/www.knbs.net.br\/site\/wp-content\/uploads\/2012\/10\/COPPE-Carlos-Fr\u00f3es-Unicamp.pdf\" target=\"_blank\" rel=\"noopener\">Caracteriza\u00e7\u00e3o do espa\u00e7o regulat\u00f3rio para SmartGrid<\/a><\/li>\n<\/ul>\n<\/ul>\n<\/ul>\n<p style=\"padding-left: 60px;\">Apresentado no Semin\u00e1rio de Inser\u00e7\u00e3o de Novas Fontes Renov\u00e1veis e Redes Inteligentes no Planejamento Energ\u00e9tico Nacional, \u00a0 COPPE &#8211; UFRJ &#8211; Rio de Janeiro, RJ em setembro, 2012<\/p>\n<ul>\n<ul>\n<ul>\n<li><a onclick=\"javascript:pageTracker._trackPageview('\/outgoing\/www.knbs.net.br\/site\/wp-content\/uploads\/2012\/10\/Uso-consciente-de-Smart-Grid-2012.pdf');\"  href=\"http:\/\/www.knbs.net.br\/site\/wp-content\/uploads\/2012\/10\/Uso-consciente-de-Smart-Grid-2012.pdf\" target=\"_blank\" rel=\"noopener\">Aplica\u00e7\u00f5es de Smart Grid para o Uso Consciente e Racional\u00a0 de \u00c1gua e Energia El\u00e9trica<\/a><\/li>\n<\/ul>\n<\/ul>\n<\/ul>\n<p style=\"padding-left: 60px;\">Apresentado no IV Semin\u00e1rio Internacional de Smart Grid promovido pela APTEL, em Campinas, SP em maio, 2012<\/p>\n<h2><span style=\"color: #993300;\">2011<\/span><\/h2>\n<ul>\n<ul>\n<ul>\n<li><a onclick=\"javascript:pageTracker._trackPageview('\/outgoing\/www.knbs.net.br\/site\/wp-content\/uploads\/2012\/10\/Dubrovinik-Market-overview-final2.pdf');\"  href=\"http:\/\/www.knbs.net.br\/site\/wp-content\/uploads\/2012\/10\/Dubrovinik-Market-overview-final2.pdf\" target=\"_blank\" rel=\"noopener\">Smart Grid implementation in developing countries: analysis focussing consumer behaviour, markets and regulation <\/a><\/li>\n<\/ul>\n<\/ul>\n<\/ul>\n<p>&nbsp;<\/p>\n<p style=\"padding-left: 60px;\">Apresentado no evento 6th Dubrovinik Conference on Sustainable Development of Energy Water and Environment Systems &#8211; sept, 2011 \u00a0in <strong>Dubrovinik, Croatia<\/strong><\/p>\n<ul>\n<ul>\n<ul>\n<li><a onclick=\"javascript:pageTracker._trackPageview('\/outgoing\/www.knbs.net.br\/site\/wp-content\/uploads\/2012\/10\/ECOS_SmartGrid-Brazil-Froes-Jannuzz-final.pdf');\"  href=\"http:\/\/www.knbs.net.br\/site\/wp-content\/uploads\/2012\/10\/ECOS_SmartGrid-Brazil-Froes-Jannuzz-final.pdf\" target=\"_blank\" rel=\"noopener\">Smart Grid will be a Reality. For Developing Countries, Energetic Matrix, Socio-cultural Issues, Regulatory and Local Development Shaping Outcomes, Incomes and Feasibility Efficiency Awareness <\/a><\/li>\n<\/ul>\n<\/ul>\n<\/ul>\n<p>&nbsp;<\/p>\n<p style=\"padding-left: 60px;\">Apresentado no evento\u00a0ECOS 2011 &#8211; 24th International Conference on Efficiency, Cost, Optimization, Simulation and Environmental Impact of Energy Systems &#8211; july, 2011 in <strong>Novi Sad, Serbia<\/strong><\/p>\n<ul>\n<ul>\n<ul>\n<li><a onclick=\"javascript:pageTracker._trackPageview('\/outgoing\/www.knbs.net.br\/site\/wp-content\/uploads\/2012\/10\/VII-CIERTEC-Smart-Grid-Unicamp.pdf');\"  href=\"http:\/\/www.knbs.net.br\/site\/wp-content\/uploads\/2012\/10\/VII-CIERTEC-Smart-Grid-Unicamp.pdf\" target=\"_blank\" rel=\"noopener\">O Mercado Nacional de Smart Grid precisa ser Planejado \u2013 Um Estudo de Regula\u00e7\u00e3o, Produtos, Servi\u00e7os e de Compromissos com o Cliente-Consumidor<\/a><\/li>\n<\/ul>\n<\/ul>\n<\/ul>\n<p>&nbsp;<\/p>\n<p style=\"padding-left: 60px;\">Apresentado no evento <strong>VII CIERTEC<\/strong> &#8211; em Porto Alegre, RS &#8211; novembro-2011<\/p>\n<ul>\n<ul>\n<ul>\n<li><a onclick=\"javascript:pageTracker._trackPageview('\/outgoing\/www.knbs.net.br\/site\/wp-content\/uploads\/2012\/10\/XXISNPTEE_Fr\u00f3es-Jannuzzi-full-paper-rev1.pdf');\"  href=\"http:\/\/www.knbs.net.br\/site\/wp-content\/uploads\/2012\/10\/XXISNPTEE_Fr\u00f3es-Jannuzzi-full-paper-rev1.pdf\" target=\"_blank\" rel=\"noopener\">Planejando o Mercado de Smart Grid: Regulamenta\u00e7\u00e3o e Compromissos com o Cliente-Consumidor<\/a><\/li>\n<\/ul>\n<\/ul>\n<\/ul>\n<p>&nbsp;<\/p>\n<p style=\"padding-left: 60px;\">Apresentado no\u00a0<strong>XXI SNPTEE<\/strong> &#8211; \u00a0Semin\u00e1rio Nacional de Produ\u00e7\u00e3o e Transmiss\u00e3o de Energia El\u00e9trica em Florian\u00f3polis, SC outubro-2011<\/p>\n<ul>\n<ul>\n<ul>\n<li><a onclick=\"javascript:pageTracker._trackPageview('\/outgoing\/www.knbs.net.br\/site\/wp-content\/uploads\/2012\/10\/Artigo-IX-Simpase-Sistema-Automacao-Medicoes-final.pdf');\"  href=\"http:\/\/www.knbs.net.br\/site\/wp-content\/uploads\/2012\/10\/Artigo-IX-Simpase-Sistema-Automacao-Medicoes-final.pdf\" target=\"_blank\" rel=\"noopener\">Automa\u00e7\u00e3o e Medi\u00e7\u00f5es Inteligentes para Incentivar o Consumo Consciente de Energia e \u00c1gua<\/a><\/li>\n<\/ul>\n<\/ul>\n<\/ul>\n<p>&nbsp;<\/p>\n<p style=\"padding-left: 60px;\">Apresentado no<strong> IX Simpase<\/strong> &#8211; Simp\u00f3sio de Automa\u00e7\u00e3o de Sistemas El\u00e9tricos em Curitiba, PA agosto &#8211; 2011<\/p>\n<h2><span style=\"color: #993300;\">2010<\/span><\/h2>\n<ul>\n<ul>\n<ul>\n<li><a onclick=\"javascript:pageTracker._trackPageview('\/outgoing\/www.knbs.net.br\/site\/wp-content\/uploads\/2012\/10\/Metering-Carlos-Fr\u00f3es-setembro.pdf');\"  href=\"http:\/\/www.knbs.net.br\/site\/wp-content\/uploads\/2012\/10\/Metering-Carlos-Fr\u00f3es-setembro.pdf\" target=\"_blank\" rel=\"noopener\">Metering, smart metering e o cliente como decisor no uso diferenciado de energia, g\u00e1s e \u00e1gua &#8211; um relacionamento que deve ser reconhecido e ampliado<\/a><\/li>\n<\/ul>\n<\/ul>\n<\/ul>\n<p>&nbsp;<\/p>\n<p style=\"padding-left: 60px;\">Apresentado no Metering Latin America &#8211; S\u00e3o Paulo, SP &#8211; setembro- 2010<\/p>\n","protected":false},"excerpt":{"rendered":"<p>&nbsp; &nbsp; 2016 Revolu\u00e7\u00e3o\u00a0tecnol\u00f3gica na ind\u00fastria de energia el\u00e9trica com smart grid, suas consequ\u00eancias e possibilidades para o mercado consumidor residencial brasileiro Publicado\u00a0e\u00a0apresentado no X\u00a0CBPE (Congresso Brasileiro de Planejamento Energ\u00e9tico) \u2013 2016 Smart Grid Implementation in Brazil Must Focus on Consumer Behavior and Markets, Regulation, and Energetic Mix Availability Chapter\u00a0\u00b7\u00a0June 2016 \u2013\u00a0DOI: 10.5772\/62582 In book: [&hellip;]<\/p>\n","protected":false},"author":2,"featured_media":0,"parent":0,"menu_order":1,"comment_status":"closed","ping_status":"closed","template":"","meta":{"footnotes":""},"class_list":["post-1994","page","type-page","status-publish","hentry"],"_links":{"self":[{"href":"https:\/\/knbs.net.br\/site\/wp-json\/wp\/v2\/pages\/1994","targetHints":{"allow":["GET"]}}],"collection":[{"href":"https:\/\/knbs.net.br\/site\/wp-json\/wp\/v2\/pages"}],"about":[{"href":"https:\/\/knbs.net.br\/site\/wp-json\/wp\/v2\/types\/page"}],"author":[{"embeddable":true,"href":"https:\/\/knbs.net.br\/site\/wp-json\/wp\/v2\/users\/2"}],"replies":[{"embeddable":true,"href":"https:\/\/knbs.net.br\/site\/wp-json\/wp\/v2\/comments?post=1994"}],"version-history":[{"count":0,"href":"https:\/\/knbs.net.br\/site\/wp-json\/wp\/v2\/pages\/1994\/revisions"}],"wp:attachment":[{"href":"https:\/\/knbs.net.br\/site\/wp-json\/wp\/v2\/media?parent=1994"}],"curies":[{"name":"wp","href":"https:\/\/api.w.org\/{rel}","templated":true}]}}