{"id":1941,"date":"2012-09-21T12:10:45","date_gmt":"2012-09-21T15:10:45","guid":{"rendered":"http:\/\/www.knbs.net.br\/?page_id=1941"},"modified":"2012-09-21T12:10:45","modified_gmt":"2012-09-21T15:10:45","slug":"segmentos","status":"publish","type":"page","link":"https:\/\/knbs.net.br\/site\/o-que-fazemos\/segmentos\/","title":{"rendered":"Segmentos"},"content":{"rendered":"<p style=\"text-align: left;\">As solu\u00e7\u00f5es <strong>KNBS<\/strong> significam direcionamentos exclusivos&#8230; trabalhamos no desenvolvimento do conhecimento empresarial e na transforma\u00e7\u00e3o de processos em resultados.<\/p>\n<p style=\"text-align: left;\">Assim, criamos oportunidades em diversas frentes de a\u00e7\u00e3o. \u00a0Nossos produtos, totalmente customiz\u00e1veis, por constru\u00e7\u00e3o, buscam resolver situa\u00e7\u00f5es de mercado diferenciadas, baseadas na transforma\u00e7\u00e3o operacional e o reconhecimento do tratamento da informa\u00e7\u00e3o como intelig\u00eancia administrativa.<\/p>\n<p style=\"text-align: left;\">Criamos oportunidades no entendimento e \u00a0na amplia\u00e7\u00e3o dos processos operacionais, na sua automa\u00e7\u00e3o e principalmente na garantia de auditoria gerada por esta opera\u00e7\u00e3o. \u00a0Buscamos criar indicadores de observa\u00e7\u00e3o das a\u00e7\u00f5es e por este caminho, evoluir as an\u00e1lises e os resultados operacionais.<\/p>\n<p style=\"text-align: left;\">Acreditamos na amplia\u00e7\u00e3o dos neg\u00f3cios baseada no conhecimento efetivo dos processos e na amplia\u00e7\u00e3o deste de forma automatizada e controlada, sempre.<\/p>\n<p style=\"text-align: center;\"><a onclick=\"javascript:pageTracker._trackPageview('\/outgoing\/www.knbs.net.br\/site\/wp-content\/uploads\/2012\/09\/conhecimento-aplicado.jpg');\"  href=\"http:\/\/www.knbs.net.br\/site\/wp-content\/uploads\/2012\/09\/conhecimento-aplicado.jpg\"><img loading=\"lazy\" decoding=\"async\" class=\"aligncenter size-full wp-image-1959\" style=\"border: 0px;\" title=\"conhecimento aplicado\" src=\"http:\/\/www.knbs.net.br\/site\/wp-content\/uploads\/2012\/09\/conhecimento-aplicado.jpg\" alt=\"conhecimento aplicado\" width=\"576\" height=\"432\" \/><\/a><\/p>\n<p style=\"text-align: left;\">Alguns segmentos de mercado comprovam nossas a\u00e7\u00f5es:<\/p>\n<ul>\n<li><a onclick=\"javascript:pageTracker._trackPageview('\/outgoing\/www.knbs.net.br\/o-que-fazemos\/segmentos\/energia-eletrica\/');\"  href=\"http:\/\/www.knbs.net.br\/o-que-fazemos\/segmentos\/energia-eletrica\/\">Setor El\u00e9trico<\/a><\/li>\n<li><a onclick=\"javascript:pageTracker._trackPageview('\/outgoing\/www.knbs.net.br\/o-que-fazemos\/segmentos\/comunicacoes\/');\"  href=\"http:\/\/www.knbs.net.br\/o-que-fazemos\/segmentos\/comunicacoes\/\">Setor de Telecomunica\u00e7\u00f5es, Comunica\u00e7\u00f5es e Tecnologia da Informa\u00e7\u00e3o<\/a><\/li>\n<li><a onclick=\"javascript:pageTracker._trackPageview('\/outgoing\/www.knbs.net.br\/o-que-fazemos\/segmentos\/administracao-publica\/');\"  href=\"http:\/\/www.knbs.net.br\/o-que-fazemos\/segmentos\/administracao-publica\/\">Setor da Administra\u00e7\u00e3o P\u00fablica<\/a><\/li>\n<\/ul>\n<p><a onclick=\"javascript:pageTracker._trackPageview('\/outgoing\/www.knbs.net.br\/fale-conosco\/');\"  href=\"http:\/\/www.knbs.net.br\/fale-conosco\/\">Fale conosco<\/a> para saber mais sobre como podemos contribuir para a melhoria da qualidade de resultados operacionais e consequente melhoria de seus processos e custos. Fazemos isso atrav\u00e9s de solu\u00e7\u00f5es inovadoras de neg\u00f3cios baseadas nas mais modernas tecnologias dispon\u00edveis sua empresa.<\/p>\n","protected":false},"excerpt":{"rendered":"<p>As solu\u00e7\u00f5es KNBS significam direcionamentos exclusivos&#8230; trabalhamos no desenvolvimento do conhecimento empresarial e na transforma\u00e7\u00e3o de processos em resultados. Assim, criamos oportunidades em diversas frentes de a\u00e7\u00e3o. \u00a0Nossos produtos, totalmente customiz\u00e1veis, por constru\u00e7\u00e3o, buscam resolver situa\u00e7\u00f5es de mercado diferenciadas, baseadas na transforma\u00e7\u00e3o operacional e o reconhecimento do tratamento da informa\u00e7\u00e3o como intelig\u00eancia administrativa. Criamos oportunidades [&hellip;]<\/p>\n","protected":false},"author":2,"featured_media":0,"parent":195,"menu_order":3,"comment_status":"closed","ping_status":"closed","template":"","meta":{"footnotes":""},"class_list":["post-1941","page","type-page","status-publish","hentry"],"_links":{"self":[{"href":"https:\/\/knbs.net.br\/site\/wp-json\/wp\/v2\/pages\/1941","targetHints":{"allow":["GET"]}}],"collection":[{"href":"https:\/\/knbs.net.br\/site\/wp-json\/wp\/v2\/pages"}],"about":[{"href":"https:\/\/knbs.net.br\/site\/wp-json\/wp\/v2\/types\/page"}],"author":[{"embeddable":true,"href":"https:\/\/knbs.net.br\/site\/wp-json\/wp\/v2\/users\/2"}],"replies":[{"embeddable":true,"href":"https:\/\/knbs.net.br\/site\/wp-json\/wp\/v2\/comments?post=1941"}],"version-history":[{"count":0,"href":"https:\/\/knbs.net.br\/site\/wp-json\/wp\/v2\/pages\/1941\/revisions"}],"up":[{"embeddable":true,"href":"https:\/\/knbs.net.br\/site\/wp-json\/wp\/v2\/pages\/195"}],"wp:attachment":[{"href":"https:\/\/knbs.net.br\/site\/wp-json\/wp\/v2\/media?parent=1941"}],"curies":[{"name":"wp","href":"https:\/\/api.w.org\/{rel}","templated":true}]}}