{"id":1780,"date":"2012-09-18T18:59:59","date_gmt":"2012-09-18T21:59:59","guid":{"rendered":"http:\/\/www.knbs.net.br\/?page_id=1780"},"modified":"2012-09-18T18:59:59","modified_gmt":"2012-09-18T21:59:59","slug":"gestao-da-medicao-qualidade-da-energia-e-smart-grid","status":"publish","type":"page","link":"https:\/\/knbs.net.br\/site\/ped-pesquisa-e-desenvolvimento\/gestao-da-medicao-qualidade-da-energia-e-smart-grid\/","title":{"rendered":"Gest\u00e3o da Medi\u00e7\u00e3o, Faturamento, Qualidade da Energia e Smart Grid"},"content":{"rendered":"<p style=\"text-align: center;\"><img loading=\"lazy\" decoding=\"async\" class=\"aligncenter wp-image-2915 \" style=\"border: 0px;\" title=\"stockfresh_850561_lamp-head-businesspeople-with-laptop_sizeS\" src=\"http:\/\/www.knbs.net.br\/site\/wp-content\/uploads\/2012\/09\/gest\u00e3o-da-energia.jpg\" width=\"600\" height=\"488\" \/><\/p>\n<p>&nbsp;<\/p>\n<h4><strong>Monitoramento e Gest\u00e3o do Consumo Energ\u00e9tico de 215 Resid\u00eancias, de forma a determinar a curva de carga das mesmas e caracterizar o usu\u00e1rio e seus h\u00e1bitos de consumo de energia el\u00e9trica, atrav\u00e9s de um sistema de medi\u00e7\u00e3o e monitoramento, com leituras dos par\u00e2metros de consumo de energia el\u00e9trica medido \u201con-line\u201d, via internet, obtidas em uma periodicidade m\u00e1xima de 1 minuto, com posterior an\u00e1lise e gera\u00e7\u00e3o de conhecimento a partir dos dados obtidos.<\/strong><\/h4>\n<p>&nbsp;<\/p>\n<p><strong>Desenvolvimento feito:<\/strong> Pesquisa de h\u00e1bito de consumo e qualifica\u00e7\u00e3o das resid\u00eancias para amostras representativas das diversas classes de consumo na regi\u00e3o de Sete Lagoas, MG, dentro do projeto experimental Smart Grid da concession\u00e1ria CEMIG. \u00a0Foram implantados medidores inteligentes e smart plugs nas resid\u00eancias qualificadas, com medi\u00e7\u00f5es de 1 em 1 minuto para avaliar as condi\u00e7\u00f5es de h\u00e1bitos de consumo declaradas e as condi\u00e7\u00f5es de sazonalidade estabelecidas. \u00a0Foram feitas avalia\u00e7\u00f5es sobre a situa\u00e7\u00e3o esperada e caracterizados os desafios de implanta\u00e7\u00e3o e relacionamento com o cliente final.<\/p>\n<p><strong>\u00c1rea Foco: <\/strong>implanta\u00e7\u00e3o de redes inteligentes<br \/>\n<strong>Local: <\/strong>Sete Lagoas, MG<br \/>\n<strong>Dura\u00e7\u00e3o: <\/strong>jul\/2013\u00a0a out\/2014<br \/>\n<strong>BID-CEMIG<\/strong><\/p>\n<p>&nbsp;<\/p>\n<h4><strong>Metodologia de diagn\u00f3stico energ\u00e9tico em pr\u00e9dios p\u00fablicos<\/strong><\/h4>\n<p>&nbsp;<\/p>\n<p><strong>Desenvolvimento feito: <\/strong>avalia\u00e7\u00e3o e caracteriza\u00e7\u00e3o metodol\u00f3gica orientativa para a realiza\u00e7\u00e3o de pr\u00e9-diagn\u00f3sticos energ\u00e9ticos e a condu\u00e7\u00e3o de avalia\u00e7\u00e3o pr\u00e9via para a implanta\u00e7\u00e3o de efici\u00eancia energ\u00e9tica para os pr\u00e9dios p\u00fablicos, segundo os modelos regulamentares da ANEEL<\/p>\n<p><strong>\u00c1rea Foco: <\/strong>efici\u00eancia energ\u00e9tica em pr\u00e9dios p\u00fablicos<br \/>\n<strong>Local: <\/strong>Sete Lagoas, MG<br \/>\n<strong>Dura\u00e7\u00e3o: <\/strong>jul\/2013\u00a0aagosto\/2014<br \/>\n<strong>BID-CEMIG<\/strong><\/p>\n<p>&nbsp;<\/p>\n<h4><strong>Sistema de an\u00e1lise de consumo e perfil de clientes residenciais atrav\u00e9s de smart grid (Solu\u00e7\u00e3o de Rede de Servi\u00e7os de Baixo Custo com Tecnologia PLC para Acesso \u00e0 Internet em Banda Larga com Integra\u00e7\u00e3o de Medi\u00e7\u00f5es Individualizadas de Energia El\u00e9trica e \u00c1gua em Conjuntos Habitacionais da Periferia de Grandes Cidades para a Gest\u00e3o da Efici\u00eancia Energ\u00e9tica (GEE))<\/strong><\/h4>\n<p>&nbsp;<\/p>\n<p><strong>Desenvolvimento feito: <\/strong>Sistema de Gest\u00e3o Integrada de Servi\u00e7os com tecnologias smart grid, voltado ao segmento de conjuntos habitacionais de regi\u00f5es carentes\/remotas. Visa a gest\u00e3o da efici\u00eancia energ\u00e9tica sustent\u00e1vel e o incentivo \u00e0 cidadania dos moradores pela racionaliza\u00e7\u00e3o de recursos. A solu\u00e7\u00e3o foi desenvolvida considerando os servi\u00e7os de acesso \u00e0 Internet em Banda Larga e telemedi\u00e7\u00e3o de consumo de energia el\u00e9trica e abastecimento de \u00e1gua. O projeto buscou demonstrar a sustentabilidade para a solu\u00e7\u00e3o tecnol\u00f3gica na medi\u00e7\u00e3o de consumo e a qualifica\u00e7\u00e3o de sua efici\u00eancia, integrando os servi\u00e7os de energia el\u00e9trica, abastecimento de \u00e1gua e telecomunica\u00e7\u00f5es.\u00a0 Do ponto de vista do consumidor, a melhoria introduzida diz respeito \u00e0 amplia\u00e7\u00e3o de oportunidades dispon\u00edveis com a inclus\u00e3o digital, n\u00e3o apenas com o acesso a um portal de Internet Banda Larga, associada a mudan\u00e7a cultural, com o envolvimento para a conscientiza\u00e7\u00e3o quanto aos volumes de energia e \u00e1gua consumidas, mudan\u00e7as de h\u00e1bito de consumo e reconhecimento do valor da energia\/\u00e1gua.<br \/>\nA quest\u00e3o de educa\u00e7\u00e3o e manuten\u00e7\u00e3o do conhecimento das fam\u00edlias no uso consciente e na verifica\u00e7\u00e3o constante do uso de energia tamb\u00e9m foi estabelecida e agregada.\u00a0 A concep\u00e7\u00e3o do sistema permitiu, al\u00e9m de fornecer dados de leituras em per\u00edodos da ordem de minutos, caracterizando perfis de consumo ao longo do dia &#8211; valores de pico, vaz\u00f5es nulas, entre outros, que o cliente simulasse o consumo da sua resid\u00eancia, com o reconhecimento das condi\u00e7\u00f5es pr\u00f3prias de uso, das limita\u00e7\u00f5es quanto ao conforto e seus disp\u00eandios financeiros.<br \/>\nConsiderou-se o uso das informa\u00e7\u00f5es coletadas, o volume, complexidade e correla\u00e7\u00e3o de dados para a organiza\u00e7\u00e3o da estrutura tecnol\u00f3gica, numa arquitetura da solu\u00e7\u00e3o organizada por servi\u00e7os, uma modelagem consistente, alinhada com as possibilidades de neg\u00f3cios das empresas, integra\u00e7\u00e3o com seus sistemas legados e outros nichos de intelig\u00eancia.<\/p>\n<p><strong>\u00c1rea Foco: <\/strong>implanta\u00e7\u00e3o de redes inteligentes<br \/>\n<strong>Local: <\/strong>S\u00e3o Paulo, Campinas, SP<br \/>\n<strong>Dura\u00e7\u00e3o: <\/strong>jul\/2009 a out\/2011<br \/>\n<strong>FINEP &#8211; Subven\u00e7\u00e3o Econ\u00f4mica \u00e0 Inova\u00e7\u00e3o &#8211; 2008<\/strong><\/p>\n<h4><\/h4>\n<h4><strong>Ferramenta de Suporte a Aplica\u00e7\u00f5es Smart Grid para Tratamento de Perdas Comerciais e de Par\u00e2metros de Qualidade de Energia El\u00e9trica<\/strong><\/h4>\n<p>&nbsp;<\/p>\n<p><strong>Desenvolvimento feito:<\/strong> viabilidade t\u00e9cnica da solu\u00e7\u00e3o de suporte ao tratamento de perdas comerciais das concession\u00e1rias com aplica\u00e7\u00f5es <em>smart grid<\/em><br \/>\n<strong>\u00c1rea Foco: <\/strong>controle de perdas e qualidade da energia<br \/>\n<strong>Local: <\/strong>Campinas, SP<br \/>\n<strong>Dura\u00e7\u00e3o: <\/strong>ju\/2009 a dez\/2009<br \/>\n<strong>PIPE fase 1 \u2013 FAPESP<\/strong><\/p>\n<p>&nbsp;<\/p>\n<h4><strong><span style=\"font-size: medium;\">Planejamento, controle e ger\u00eancia na troca de lotes de medidores no parque instalado, caracterizando ganhos antes da substitui\u00e7\u00e3o (Sistema de Apoio \u00e0 Decis\u00e3o, Planejamento, Gest\u00e3o e Automa\u00e7\u00e3o de Substitui\u00e7\u00f5es de Lotes de Medidores)<\/span><\/strong><\/h4>\n<p>&nbsp;<\/p>\n<p><strong>Desenvolvimento feito:<\/strong> No atendimento a este escopo e no processo metodol\u00f3gico foram incorporadas intelig\u00eancia anal\u00edtica e determin\u00edstica nas avalia\u00e7\u00f5es feitas e processos de regras de neg\u00f3cio e associa\u00e7\u00f5es (Intelig\u00eancia Artificial).\u00a0 Na constru\u00e7\u00e3o do sistema e base funcional os dados foram organizados em um <em>datawarehouse<\/em> com as informa\u00e7\u00f5es de tempo como base (trazendo o comportamento de consumo para caracterizar os poss\u00edveis retornos financeiros das substitui\u00e7\u00f5es), em uma avalia\u00e7\u00e3o sistem\u00e1tica.\u00a0 A an\u00e1lise estat\u00edstica traduz correla\u00e7\u00f5es de troca e a constru\u00e7\u00e3o de cen\u00e1rios de estudos e possibilidades de compara\u00e7\u00e3o entre eles para a tomada de decis\u00e3o pelo analista de neg\u00f3cios e de medi\u00e7\u00e3o.<br \/>\nForam constru\u00eddos modelos multidimensionais, considerando a integra\u00e7\u00e3o das dimens\u00f5es tempo, granularidade (tipos de medidores, local de instala\u00e7\u00e3o, fornecedor, modelos&#8230;), etc, com a integra\u00e7\u00e3o com dos dados efetivos da concession\u00e1ria, com interface e indicadores de atualiza\u00e7\u00e3o dos dados.<br \/>\nEsta modelagem permite a tomada de decis\u00e3o por compara\u00e7\u00e3o de possibilidades de retorno, bem como a avalia\u00e7\u00e3o estat\u00edstica de lotes, a um custo menor que as abordagens lineares de retirada para aferi\u00e7\u00f5es realizadas atualmente, permitindo o estabelecimento da menor amostra que caracterize o comportamento do lote em an\u00e1lise. Desenvolvimento das regras computacionais, formaliza\u00e7\u00e3o e auditoria do processo operacional implantado para a defini\u00e7\u00e3o das inspe\u00e7\u00f5es e substitui\u00e7\u00f5es, pela indica\u00e7\u00e3o de lotes com problemas detectados, pelo registro das aferi\u00e7\u00f5es e pelo modelo estat\u00edstico com indica\u00e7\u00f5es de \u00edndices de perdas ou inconsist\u00eancias operacionais.<br \/>\nFoi feita tamb\u00e9m a avalia\u00e7\u00e3o temporal de correla\u00e7\u00e3o de consumo estimado e efetivado antes e depois da aplica\u00e7\u00e3o do plano de substitui\u00e7\u00f5es, intr\u00ednseco ao modelo de retorno de investimentos e retorno de energia esperado com a substitui\u00e7\u00f5es, bem como na compara\u00e7\u00e3o entre estudos.<\/p>\n<p><strong>\u00c1rea Foco: <\/strong>Engenharia, Comercial e Substitui\u00e7\u00e3o de Medidores<br \/>\n<strong>Local: <\/strong>Campinas, SP<br \/>\n<strong>Contratante: <\/strong>CPFL \u2013 Companhia Paulista de For\u00e7a e Luz<br \/>\n<strong>Dura\u00e7\u00e3o: <\/strong>Abr\/2009 a Mar\/2011<br \/>\n<strong>P&amp;D ANEEL <\/strong><\/p>\n<p>&nbsp;<\/p>\n<h4><strong>Sistema de religamento e corte de unidades consumidoras com tecnologia Bluetooth (cabe\u00e7a de s\u00e9rie)<\/strong><\/h4>\n<p>&nbsp;<\/p>\n<p><strong>Desenvolvimento feito:<\/strong> sistema computacional e dispositivo de comando, acoplado \u00e0 rede de energia el\u00e9trica e instalado no poste da rede de distribui\u00e7\u00e3o, para realizar religamentos e cortes em m\u00faltiplas Unidades Consumidoras (UC), com tecnologia bluetooth para transmiss\u00e3o e recep\u00e7\u00e3o de comandos \u00e0 dist\u00e2ncia, usando equipamentos\u00a0 baseados em Smartphone<br \/>\n<strong>\u00c1rea Foco: <\/strong>perdas comerciais e controle de religa\u00e7\u00f5es<br \/>\n<strong>Local: <\/strong>Fortaleza, CE<br \/>\n<strong>Contratante: <\/strong>COELCE \u2013 Companhia Energ\u00e9tica de Cear\u00e1<br \/>\n<strong>Dura\u00e7\u00e3o: <\/strong>out\/2010 a fev\/2012<br \/>\nP&amp;D ANEEL<\/p>\n<p>&nbsp;<\/p>\n<h4><strong><span style=\"font-size: medium;\">Sistema de religamento e corte de unidades consumidoras com tecnologia Bluetooth<\/span><\/strong><\/h4>\n<p>&nbsp;<\/p>\n<p><strong>Desenvolvimento feito:<\/strong> dispositivo ativo para religamento e corte de unidades consumidoras, utilizando tecnologia BLUETOOTH associada aos medidores de energia.\u00a0 Ativa\u00e7\u00e3o, comandos, controle e comunica\u00e7\u00e3o com o uso equipamentos tipo smartphones. Buscou-se: efetuar religa\u00e7\u00e3o\/corte de unidades consumidoras \u00e0 dist\u00e2ncia; reduzir custos de operacionaliza\u00e7\u00e3o de religa\u00e7\u00e3o e corte; permitir a redu\u00e7\u00e3o do n\u00famero de viagens improdutivas para executar religamentos e cortes de energia; desestimular a inadimpl\u00eancia; aumentar a seguran\u00e7a de acesso ao Sistema pelos t\u00e9cnicos respons\u00e1veis pela religa\u00e7\u00e3o\/corte das unidades consumidoras; comunicar-se diretamente com o sistema de medi\u00e7\u00e3o de energia sem a necessidade de acesso direto \u00e0 unidade consumidora; e aumento da produtividade da equipe t\u00e9cnica.<br \/>\n<strong>\u00c1rea Foco: <\/strong>perdas comerciais e controle de religa\u00e7\u00f5es<br \/>\n<strong>Local: <\/strong>Fortaleza, CE<br \/>\n<strong>Contratante: <\/strong>COELCE \u2013 Companhia Energ\u00e9tica de Cear\u00e1<br \/>\n<strong>Dura\u00e7\u00e3o: <\/strong>Jun\/2006 a Mai\/2008<br \/>\n<strong> P&amp;D ANEEL<\/strong><\/p>\n<p>&nbsp;<\/p>\n<h4><strong>Desenvolvimento de metodologia de monitoramento permanente da curva de aferi\u00e7\u00e3o dos medidores eletromec\u00e2nicos que atenda as normas do INIMETRO, as exig\u00eancias da CSPE e as necessidades da Empresa (Gest\u00e3o Estat\u00edstica de Medidores)<\/strong><\/h4>\n<p>&nbsp;<\/p>\n<p><strong>Desenvolvimento feito: <\/strong>identifica\u00e7\u00e3o dos lotes de medidores que geram uma redu\u00e7\u00e3o de perdas de faturamento para a concession\u00e1ria, salvaguardando os direitos dos usu\u00e1rios e da concession\u00e1ria.<br \/>\n<strong>\u00c1rea Foco: <\/strong>Engenharia e medi\u00e7\u00e3o<br \/>\n<strong>Local: <\/strong>Campinas, SP<br \/>\n<strong>Contratante: <\/strong>CPFL \u2013 Companhia Paulista de For\u00e7a e Luz<br \/>\n<strong>Dura\u00e7\u00e3o: <\/strong>Nov\/2007 a Out\/2008<br \/>\n<strong>Parceiros<\/strong>: Unicamp (desenvolvimento de equipamento de aquisi\u00e7\u00e3o de dados dos medidores para aferi\u00e7\u00e3o)<br \/>\n<strong>P&amp;D ANEEL<\/strong><\/p>\n<p>&nbsp;<\/p>\n<h4><strong>Sistema de comunica\u00e7\u00e3o e organiza\u00e7\u00e3o de medi\u00e7\u00e3o (Modelagem e Algoritmo de Verifica\u00e7\u00e3o e Auditoria de Medi\u00e7\u00e3o e Faturamento)<\/strong><\/h4>\n<p>&nbsp;<\/p>\n<p><strong>Desenvolvimento feito:<\/strong> Modelagem, implanta\u00e7\u00e3o, valida\u00e7\u00e3o e auditoria de medi\u00e7\u00e3o e faturamento. Foi utilizada uma nova estrutura de comunica\u00e7\u00e3o de medi\u00e7\u00e3o, agregada a medidores eletr\u00f4nicos de energia, baseada em ferramentas inteligentes e sistema de leitura e faturamento (foi utilizada comunica\u00e7\u00e3o via tecnologia <em>bluetooth<\/em> nos medidores). Foi desenvolvido um sistema para a coleta de dados destes medidores eletr\u00f4nicos, atrav\u00e9s de smartphones, utilizando o protocolo ABNT na sua camada de dados. Atrav\u00e9s do processamento local, foram disponibilizados dados de qualidade de energia com indica\u00e7\u00f5es de fraude no elemento de medi\u00e7\u00e3o.<br \/>\n<strong>\u00c1rea Foco: <\/strong>faturamento, medi\u00e7\u00e3o e engenharia de redes<br \/>\n<strong>Local: <\/strong>Campinas, SP<br \/>\n<strong>Contratante: <\/strong>CPFL \u2013 Companhia Paulistana de For\u00e7a e Luz<br \/>\n<strong>Dura\u00e7\u00e3o: <\/strong>Nov\/2006 a Out\/2008<br \/>\n<strong>P&amp;D ANEEL<\/strong><\/p>\n<p>&nbsp;<\/p>\n<h4><strong>Planejamento de Redes de acesso PLC (Projeto de Ilhas PLC para a Inclus\u00e3o Digital)<\/strong><\/h4>\n<p>&nbsp;<\/p>\n<p><strong>Resultados:<\/strong> implanta\u00e7\u00e3o de sistema de controle e planejamento de acesso PLC na rede el\u00e9trica da cidade de Barreirinhas, MA. Adicionalmente foi feita a organiza\u00e7\u00e3o e normaliza\u00e7\u00e3o da documenta\u00e7\u00e3o da rede, e geradas facilidades operacionais para a tomada de decis\u00e3o.<br \/>\n<strong>\u00c1rea Foco: <\/strong>oferta de servi\u00e7os diferenciados na rede de energia<br \/>\n<strong>Local: <\/strong>Maranh\u00e3o<br \/>\n<strong>Dura\u00e7\u00e3o: <\/strong>fev\/2007 a fev\/2008<br \/>\n<strong>Parceiros: Cemar e APTEL (Projeto Ilha Digital de Barreirinhas)<\/strong><\/p>\n<p>&nbsp;<\/p>\n<h4><strong>Sistema de Planejamento de fluxo de carga para a rede de energia (Desenvolvimento e Implementa\u00e7\u00e3o de Sistema de Atendimento e Planejamento de Novas Cargas na Rede de Distribui\u00e7\u00e3o)<\/strong><\/h4>\n<p>&nbsp;<\/p>\n<p><strong>Desenvolvimento feito: <\/strong>sistema para automatiza\u00e7\u00e3o do processo de estudo e planejamento da distribui\u00e7\u00e3o, atrav\u00e9s da integra\u00e7\u00e3o de ferramentas e bases de dados legados e novas metodologias e topologias, permitindo: simular transfer\u00eancia de carga entre alimentadores de distribui\u00e7\u00e3o; definir o <em>tap <\/em>dos transformadores de distribui\u00e7\u00e3o com maior precis\u00e3o; diagnosticar, com maior confiabilidade, poss\u00edveis problemas de queda de tens\u00e3o e carregamento; proceder a atualiza\u00e7\u00e3o dos alimentadores de distribui\u00e7\u00e3o, no que se refere a sua topologia.<br \/>\n<strong>\u00c1rea Foco: <\/strong>planejamento de redes de distribui\u00e7\u00e3o<br \/>\n<strong>Local: <\/strong>Natal, RN<br \/>\n<strong>Contratante: <\/strong>COSERN \u2013 Centrais El\u00e9tricas do Rio Grande do Norte<br \/>\n<strong>Dura\u00e7\u00e3o: <\/strong>Jun\/2005 a Mai\/2006<br \/>\n<strong>P&amp;D ANEEL<\/strong><\/p>\n<h4><\/h4>\n<h4><strong>Consultoria e desenvolvimento de estrutura de neg\u00f3cios para implanta\u00e7\u00e3o de uma rede PLC para suporte a servi\u00e7os de telecomunica\u00e7\u00f5es para concession\u00e1ria de energia<\/strong><\/h4>\n<p>&nbsp;<\/p>\n<p><strong>Consultoria:<\/strong> planejamento estrat\u00e9gico da estrutura de telecomunica\u00e7\u00f5es e de servi\u00e7os para a implanta\u00e7\u00e3o de servi\u00e7os sobre a rede de energia el\u00e9trica e fibras, com uso de tecnologia PLC e outras<br \/>\n<strong>\u00c1rea Foco: <\/strong>desenvolvimento de neg\u00f3cios de telecomunica\u00e7\u00f5es sobre a rede el\u00e9trica (VIACELG)<br \/>\n<strong>Local: <\/strong>Belo Horizonte, BH \/ Goi\u00e2nia, GO<br \/>\n<strong>Contratante: <\/strong>FITEC\/CELG<br \/>\n<strong>Dura\u00e7\u00e3o: <\/strong>Dez\/2005 a Maio\/2006<\/p>\n<p>&nbsp;<\/p>\n<h4><strong>Ferramental de gest\u00e3o de redes de acesso PLC (Ferramenta de Planejamento de Sistemas de Transmiss\u00e3o de dados em Banda Larga via a Infraestrutura da Rede de Energia El\u00e9trica)<\/strong><\/h4>\n<p>&nbsp;<\/p>\n<p><strong>Desenvolvimento feito:<\/strong> ferramenta de software voltada ao planejamento da rede de acesso \u00e0 Internet em banda larga via a infraestrutura da rede de energia el\u00e9trica, usando a tecnologia PLC. Ferramenta georeferenciada para aux\u00edlio \u00e0s atividades de planejamento e implanta\u00e7\u00e3o da rede de distribui\u00e7\u00e3o de energia el\u00e9trica.<br \/>\nEsta solu\u00e7\u00e3o permite tamb\u00e9m a elabora\u00e7\u00e3o de estudos e simula\u00e7\u00e3o dos par\u00e2metros que caracterizam a comunica\u00e7\u00e3o de dados\/voz\/imagens pela rede de energia el\u00e9trica, como a largura de banda, a qualidade de transmiss\u00e3o do sinal utilizado e demais fatores que influenciam a tomada de decis\u00e3o para a implanta\u00e7\u00e3o e planejamento do neg\u00f3cio de telecomunica\u00e7\u00f5es agregados a estrutura f\u00edsica existente.<br \/>\nA ferramenta inclui a modelagem, armazenamento e controle de ativos (recursos f\u00edsicos e l\u00f3gicos das redes de energia el\u00e9trica e da rede de telecomunica\u00e7\u00f5es\u00a0 a serem suportadas pela rede el\u00e9trica) com processos que mantem o controle da planta instalada e planejada.\u00a0 Permitem uma vis\u00e3o da rede atual e futura, de energia e para a presta\u00e7\u00e3o dos servi\u00e7os de telecomunica\u00e7\u00f5es, envolvendo os principais recursos e equipamentos (concomitantemente com a tecnologia PLC) relacionados \u00e0 rede de acesso.<\/p>\n<p><strong>\u00c1reas Foco: <\/strong>neg\u00f3cios relacionados a rede de acesso PLC e controle de ativos das redes de energia e telecomunica\u00e7\u00f5es<br \/>\n<strong>Local: <\/strong>Campinas, SP<br \/>\n<strong>Dura\u00e7\u00e3o: <\/strong>mar\/2005 a fev\/2008<br \/>\n<strong>PIPE \u2013 FAPESP<\/strong><\/p>\n<h4><\/h4>\n<h4><strong>Medi\u00e7\u00e3o diferenciada com RF com uso m\u00faltiplas leituras armazenadas (Medidor Multi Fatura para Consumidores de Acesso Restrito)<\/strong><\/h4>\n<p>&nbsp;<\/p>\n<p><strong>Desenvolvimento feito:<\/strong> Pesquisa de op\u00e7\u00f5es de sistemas de medi\u00e7\u00e3o e tarifa\u00e7\u00e3o de energia considerando a problem\u00e1tica de IMPEDIMENTO DE ACESSO, avalia\u00e7\u00e3o dos impactos mercadol\u00f3gico (aceita\u00e7\u00e3o dos consumidores e\/ou clientes), empresarial (redu\u00e7\u00e3o de custos) e t\u00e9cnicos (seguran\u00e7a, operacionabilidade e funcionalidade), com foco em sistemas de medi\u00e7\u00e3o com multiposi\u00e7\u00f5es de leitura.\u00a0 Inova\u00e7\u00e3o no uso de mem\u00f3ria local para armazenar m\u00faltiplas informa\u00e7\u00f5es de leituras em data-hora programada para fechamento do faturamento.\u00a0 Leituras feitas por equipamento de r\u00e1dio frequ\u00eancia, garantindo a informa\u00e7\u00e3o de medi\u00e7\u00e3o em locais\/hor\u00e1rios com dificuldade de acesso.<br \/>\n<strong>\u00c1reas Foco: <\/strong>medi\u00e7\u00f5es e faturamento<br \/>\n<strong>Local:<\/strong> Campinas, SP<br \/>\n<strong>Contratante:<\/strong> CPFL \u2013 Companhia Paulista de For\u00e7a e Luz<br \/>\n<strong>Dura\u00e7\u00e3o<\/strong>: maio\/2004 a abr\/2006<br \/>\n<strong>P&amp;D \u2013 ANEEL<\/strong><\/p>\n<p>&nbsp;<\/p>\n<h4>Projetos de pesquisa e desenvolvimento coordenados por Dr. Carlos Alberto Fr\u00f3es Lima.<\/h4>\n","protected":false},"excerpt":{"rendered":"<p>&nbsp; Monitoramento e Gest\u00e3o do Consumo Energ\u00e9tico de 215 Resid\u00eancias, de forma a determinar a curva de carga das mesmas e caracterizar o usu\u00e1rio e seus h\u00e1bitos de consumo de energia el\u00e9trica, atrav\u00e9s de um sistema de medi\u00e7\u00e3o e monitoramento, com leituras dos par\u00e2metros de consumo de energia el\u00e9trica medido \u201con-line\u201d, via internet, obtidas em [&hellip;]<\/p>\n","protected":false},"author":2,"featured_media":0,"parent":376,"menu_order":0,"comment_status":"open","ping_status":"open","template":"","meta":{"footnotes":""},"class_list":["post-1780","page","type-page","status-publish","hentry"],"_links":{"self":[{"href":"https:\/\/knbs.net.br\/site\/wp-json\/wp\/v2\/pages\/1780","targetHints":{"allow":["GET"]}}],"collection":[{"href":"https:\/\/knbs.net.br\/site\/wp-json\/wp\/v2\/pages"}],"about":[{"href":"https:\/\/knbs.net.br\/site\/wp-json\/wp\/v2\/types\/page"}],"author":[{"embeddable":true,"href":"https:\/\/knbs.net.br\/site\/wp-json\/wp\/v2\/users\/2"}],"replies":[{"embeddable":true,"href":"https:\/\/knbs.net.br\/site\/wp-json\/wp\/v2\/comments?post=1780"}],"version-history":[{"count":0,"href":"https:\/\/knbs.net.br\/site\/wp-json\/wp\/v2\/pages\/1780\/revisions"}],"up":[{"embeddable":true,"href":"https:\/\/knbs.net.br\/site\/wp-json\/wp\/v2\/pages\/376"}],"wp:attachment":[{"href":"https:\/\/knbs.net.br\/site\/wp-json\/wp\/v2\/media?parent=1780"}],"curies":[{"name":"wp","href":"https:\/\/api.w.org\/{rel}","templated":true}]}}