{"id":1443,"date":"2012-08-20T08:52:55","date_gmt":"2012-08-20T11:52:55","guid":{"rendered":"http:\/\/www.knbs.net.br\/?page_id=1443"},"modified":"2012-08-20T08:52:55","modified_gmt":"2012-08-20T11:52:55","slug":"e-comunicacao","status":"publish","type":"page","link":"https:\/\/knbs.net.br\/site\/e-comunicacao\/","title":{"rendered":"e-comunica\u00e7\u00e3o"},"content":{"rendered":"<p style=\"text-align: center;\"><a onclick=\"javascript:pageTracker._trackPageview('\/outgoing\/www.knbs.net.br\/site\/wp-content\/uploads\/2012\/08\/stockfresh_1643680_earth_sizeS.jpg');\"  href=\"http:\/\/www.knbs.net.br\/site\/wp-content\/uploads\/2012\/08\/stockfresh_1643680_earth_sizeS.jpg\"><img loading=\"lazy\" decoding=\"async\" class=\"aligncenter size-full wp-image-1446\" style=\"border: 0px;\" title=\"stockfresh_1643680_earth_sizeS\" src=\"http:\/\/www.knbs.net.br\/site\/wp-content\/uploads\/2012\/08\/stockfresh_1643680_earth_sizeS.jpg\" alt=\"stockfresh_1643680_earth_sizeS\" width=\"560\" height=\"560\" \/><\/a><\/p>\n<p style=\"text-align: left;\">\u00a0<\/p>\n<p style=\"text-align: left;\">Com a elabora\u00e7\u00e3o de projetos diferenciados, pesquisas e consultorias, constru\u00edmos um mundo de oportunidades.<\/p>\n<p style=\"text-align: left;\">Elaboramos notas de comunica\u00e7\u00e3o de nossos resultados, demonstrando as a\u00e7\u00f5es realizadas, as possibilidades de neg\u00f3cios e abrimos espa\u00e7o para discuss\u00e3o e para contribui\u00e7\u00f5es. \u00a0Queremos sempre evoluir nossas realiza\u00e7\u00f5es e contribuir para um relacionamento efetivo social e de neg\u00f3cios com nossos parceiros e a comunidades! Participe conosco.<\/p>\n<p style=\"text-align: left;\"><a onclick=\"javascript:pageTracker._trackPageview('\/outgoing\/www.knbs.net.br\/e-comunicacao\/e-kom-noticias-no-01\/');\"  href=\"http:\/\/www.knbs.net.br\/e-comunicacao\/e-kom-noticias-no-01\/\"><strong>e-kom 01 <\/strong>&#8211; agosto\/2012<\/a> &#8211; <em>Smart grid<\/em> e a evolu\u00e7\u00e3o do relacionamento com o cliente<\/p>\n<p style=\"text-align: left;\">\u00a0<\/p>\n","protected":false},"excerpt":{"rendered":"<p>\u00a0 Com a elabora\u00e7\u00e3o de projetos diferenciados, pesquisas e consultorias, constru\u00edmos um mundo de oportunidades. Elaboramos notas de comunica\u00e7\u00e3o de nossos resultados, demonstrando as a\u00e7\u00f5es realizadas, as possibilidades de neg\u00f3cios e abrimos espa\u00e7o para discuss\u00e3o e para contribui\u00e7\u00f5es. \u00a0Queremos sempre evoluir nossas realiza\u00e7\u00f5es e contribuir para um relacionamento efetivo social e de neg\u00f3cios com nossos [&hellip;]<\/p>\n","protected":false},"author":2,"featured_media":0,"parent":0,"menu_order":3,"comment_status":"closed","ping_status":"closed","template":"","meta":{"footnotes":""},"class_list":["post-1443","page","type-page","status-publish","hentry"],"_links":{"self":[{"href":"https:\/\/knbs.net.br\/site\/wp-json\/wp\/v2\/pages\/1443","targetHints":{"allow":["GET"]}}],"collection":[{"href":"https:\/\/knbs.net.br\/site\/wp-json\/wp\/v2\/pages"}],"about":[{"href":"https:\/\/knbs.net.br\/site\/wp-json\/wp\/v2\/types\/page"}],"author":[{"embeddable":true,"href":"https:\/\/knbs.net.br\/site\/wp-json\/wp\/v2\/users\/2"}],"replies":[{"embeddable":true,"href":"https:\/\/knbs.net.br\/site\/wp-json\/wp\/v2\/comments?post=1443"}],"version-history":[{"count":0,"href":"https:\/\/knbs.net.br\/site\/wp-json\/wp\/v2\/pages\/1443\/revisions"}],"wp:attachment":[{"href":"https:\/\/knbs.net.br\/site\/wp-json\/wp\/v2\/media?parent=1443"}],"curies":[{"name":"wp","href":"https:\/\/api.w.org\/{rel}","templated":true}]}}