{"id":1141,"date":"2011-06-15T17:18:48","date_gmt":"2011-06-15T20:18:48","guid":{"rendered":"http:\/\/www.knbs.net.br\/?page_id=1141"},"modified":"2011-06-15T17:18:48","modified_gmt":"2011-06-15T20:18:48","slug":"prospektor","status":"publish","type":"page","link":"https:\/\/knbs.net.br\/site\/o-que-fazemos\/prospektor\/","title":{"rendered":"Prospektor"},"content":{"rendered":"<h3><span style=\"color: #ff6600;\">Casos de sucesso de uso do sistema Prospektor<\/span><\/h3>\n<p>&nbsp;<\/p>\n<ul type=\"square\">\n<li><strong>Pesquisa de satisfa\u00e7\u00e3o de clientes:<\/strong>\u00a0com diversos tipos de pesquisas\/metas, formul\u00e1rios e relat\u00f3rios diferenciados, reenvio de solicita\u00e7\u00f5es program\u00e1vel para a carteira de clientes<\/li>\n<li><strong>Pesquisa cient\u00edfica:<\/strong> com relat\u00f3rios que permitem avaliar o conte\u00fado executado e o tempo de resposta para cada item<\/li>\n<li><strong>Avalia\u00e7\u00e3o de rotina operacional:<\/strong>\u00a0 aplic\u00e1vel na ind\u00fastria, para check list de itens cr\u00edticos (automatizados ou por inspe\u00e7\u00e3o humana)<\/li>\n<li><strong>Check list situacional:<\/strong>\u00a0 aplicado em rotinas do \u201ccaminho do bispo\u201d, em condom\u00ednios, para garantia de vistoria peri\u00f3dica de itens de funcionamento e alertas de opera\u00e7\u00e3o<\/li>\n<li><strong>Pesquisa de campo de comportamento de uso de produtos:<\/strong> aplicada em cerca de 300 mil resid\u00eancias pela empresa de energia do Rio de Janeiro para treinamento\/verifica\u00e7\u00e3o do uso da energia e troca de l\u00e2mpadas nas campanhas de eficientiza\u00e7\u00e3o energ\u00e9tica<\/li>\n<li><strong>Avalia\u00e7\u00e3o de comportamento de produtividade de equipes em campo:<\/strong> consolidando tempos de execu\u00e7\u00e3o de servi\u00e7os, permitindo o registro fotogr\u00e1fico das situa\u00e7\u00f5es cr\u00edticas verificadas e a\u00e7\u00f5es realizadas.<\/li>\n<\/ul>\n<p>O <strong>Prospektor <\/strong>foi desenvolvido pela <strong>KNBS<\/strong> com o objetivo de facilitar o acompanhamento da execu\u00e7\u00e3o de servi\u00e7os em\u00a0campo, incluindo pesquisas de mercado, como solu\u00e7\u00e3o para promover agilidade operacional e resultados.<\/p>\n<p>Trata-se de uma solu\u00e7\u00e3o completa que utiliza tecnologias de computa\u00e7\u00e3o m\u00f3vel, melhorando a comunica\u00e7\u00e3o entre agentes de campo\/prestadores de servi\u00e7os\u00a0e supervisores\/gestores.<\/p>\n<p>Permite o controle de diferentes opera\u00e7\u00f5es, incluindo a visibilidade para os contratantes. Relat\u00f3rios gerenciais e agendas de atendimento completam as estruturas de atendimento.<\/p>\n<p><iframe loading=\"lazy\" style=\"border: 1px solid #CCC; border-width: 1px; margin-bottom: 5px; max-width: 100%;\" src=\"\/\/www.slideshare.net\/slideshow\/embed_code\/key\/3Jr9ZjcvQ01rG3\" width=\"595\" height=\"485\" frameborder=\"0\" marginwidth=\"0\" marginheight=\"0\" scrolling=\"no\" allowfullscreen=\"allowfullscreen\"> <\/iframe><\/p>\n<h3 style=\"margin-bottom: 5px;\"><span style=\"color: #ff6600;\">Prospektor e a organiza\u00e7\u00e3o de servi\u00e7os em campo<\/span><\/h3>\n<p>O\u00a0<strong>Prospektor<\/strong> permite gerenciar de forma inteligente e eficaz os esfor\u00e7os de acompanhamento de execu\u00e7\u00e3o de atividades por equipes campo, redirecionamento e prioriza\u00e7\u00e3o, roteiriza\u00e7\u00e3o, comprova\u00e7\u00f5es e desempenhos operacionais.<\/p>\n<p><img loading=\"lazy\" decoding=\"async\" class=\"aligncenter wp-image-2830 \" src=\"http:\/\/www.knbs.net.br\/site\/wp-content\/uploads\/2011\/06\/gr\u00e1fico-de-relacionamento-Prospektor2.jpg\" width=\"576\" height=\"535\" \/><\/p>\n<p>O <strong>Prospektor<\/strong> permite:<\/p>\n<ul>\n<li>Planejar e estabelecer a log\u00edstica para as atividades em campo e monitorar sua\u00a0execu\u00e7\u00e3o;<\/li>\n<li>Planejar a forma\u00e7\u00e3o da equipe e acompanhar os resultados de contratos e custos;<\/li>\n<li>Utilizar equipamentos m\u00f3veis para o controle e acompanhamento das atividades realizadas;<\/li>\n<li>Estabelecer check lists para cada servi\u00e7o a ser executado, buscando reconhecer os pontos de avalia\u00e7\u00e3o da presta\u00e7\u00e3o de servi\u00e7os;<\/li>\n<li>Gerenciar o desempenho das equipes e sua localiza\u00e7\u00e3o espacial e temporal;<\/li>\n<li>Controlar a produtividade por equipe;<\/li>\n<li>Coletar, transmitir, processar e analisar dados em tempo real;<\/li>\n<li>Gerar relat\u00f3rios com resultados, controle e produtividade;<\/li>\n<li>Manter uma base de dados hist\u00f3rica de servi\u00e7os prestados como refer\u00eancia dos atendimentos, bem como servir de reposit\u00f3rio de documentos dos contratos e atendimentos.<\/li>\n<\/ul>\n<p>Sua empresa pode utilizar o <strong>Prospektor <\/strong>sem precisar investir em\u00a0equipamentos ou em implanta\u00e7\u00f5es caras.\u00a0Para isso, a <strong>KNBS <\/strong>oferta a solu\u00e7\u00e3o no modo <strong>SaaS (software as a service)\u00a0<\/strong>e disponibiliza os recursos\u00a0em nuvem segura\u00a0necess\u00e1rios aos controles contratados.<\/p>\n<p>Caso sua empresa necessite da solu\u00e7\u00e3o em modo intensivo a <strong>KNBS<\/strong> desenha o projeto completo e fornece a licen\u00e7a de uso, bem como os APP para os dispositivos m\u00f3veis, e outras configura\u00e7\u00f5es necess\u00e1rias \u00e0s opera\u00e7\u00f5es.<\/p>\n<p>Para mais informa\u00e7\u00f5es sobre como utilizar o <strong>Prospektor <\/strong>em suas a\u00e7\u00f5es de pesquisa de campo e levantamento de dados <a onclick=\"javascript:pageTracker._trackPageview('\/outgoing\/www.knbs.net.br\/fale-conosco\/');\"  href=\"http:\/\/www.knbs.net.br\/fale-conosco\/\">fale conosco<\/a>.<\/p>\n","protected":false},"excerpt":{"rendered":"<p>Casos de sucesso de uso do sistema Prospektor &nbsp; Pesquisa de satisfa\u00e7\u00e3o de clientes:\u00a0com diversos tipos de pesquisas\/metas, formul\u00e1rios e relat\u00f3rios diferenciados, reenvio de solicita\u00e7\u00f5es program\u00e1vel para a carteira de clientes Pesquisa cient\u00edfica: com relat\u00f3rios que permitem avaliar o conte\u00fado executado e o tempo de resposta para cada item Avalia\u00e7\u00e3o de rotina operacional:\u00a0 aplic\u00e1vel na [&hellip;]<\/p>\n","protected":false},"author":2,"featured_media":0,"parent":195,"menu_order":2,"comment_status":"closed","ping_status":"closed","template":"produto-template.php","meta":{"footnotes":""},"class_list":["post-1141","page","type-page","status-publish","hentry"],"_links":{"self":[{"href":"https:\/\/knbs.net.br\/site\/wp-json\/wp\/v2\/pages\/1141","targetHints":{"allow":["GET"]}}],"collection":[{"href":"https:\/\/knbs.net.br\/site\/wp-json\/wp\/v2\/pages"}],"about":[{"href":"https:\/\/knbs.net.br\/site\/wp-json\/wp\/v2\/types\/page"}],"author":[{"embeddable":true,"href":"https:\/\/knbs.net.br\/site\/wp-json\/wp\/v2\/users\/2"}],"replies":[{"embeddable":true,"href":"https:\/\/knbs.net.br\/site\/wp-json\/wp\/v2\/comments?post=1141"}],"version-history":[{"count":0,"href":"https:\/\/knbs.net.br\/site\/wp-json\/wp\/v2\/pages\/1141\/revisions"}],"up":[{"embeddable":true,"href":"https:\/\/knbs.net.br\/site\/wp-json\/wp\/v2\/pages\/195"}],"wp:attachment":[{"href":"https:\/\/knbs.net.br\/site\/wp-json\/wp\/v2\/media?parent=1141"}],"curies":[{"name":"wp","href":"https:\/\/api.w.org\/{rel}","templated":true}]}}